{"id":1038,"date":"2024-02-14T19:35:34","date_gmt":"2024-02-14T18:35:34","guid":{"rendered":"https:\/\/sammler.com.pl\/?post_type=product&#038;p=1038"},"modified":"2026-02-23T17:30:48","modified_gmt":"2026-02-23T16:30:48","slug":"agrowloknina-50g-m%c2%b2-czarna-11m-z-uv","status":"publish","type":"product","link":"https:\/\/sammler.com.pl\/en\/product\/agro-laminate-50g-m\u00b2-black-11m-with-uv\/","title":{"rendered":"Agro-tex\u00adtile 50g\/m\u00b2 black 1.1 m with UV"},"content":{"rendered":"<h2 style=\"font-size: 1em; margin: 10px auto;\">Use of agro-textile 50g\/m\u00b2 black 1.1 m with UV in horticulture<\/h2>\n<p>Agro\u00adtex\u00adtile 50g\/m\u00b2 black 1,1 m with UV is an indis\u00adpens\u00adable hor\u00adti\u00adcul\u00adtur\u00adal solu\u00adtion that helps to effec\u00adtive\u00adly mulch and pro\u00adtect against weeds. Thanks to its use, the soil is not only pro\u00adtect\u00aded from unwant\u00aded plants, but also main\u00adtains ade\u00adquate mois\u00adture, which is cru\u00adcial for healthy plant growth. Our agro-tex\u00adtile is ide\u00adal for use in all kinds of gar\u00addens, pro\u00advid\u00ading an aes\u00adthet\u00adi\u00adcal\u00adly pleas\u00ading appear\u00adance and pro\u00admot\u00ading healthy plant growth. The 50g\/m\u00b2 black 1,1 m UV agro-tex\u00adtile from the Samm\u00adler RecBord range is char\u00adac\u00adterised by its excep\u00adtion\u00adal dura\u00adbil\u00adi\u00adty and UV resis\u00adtance, guar\u00adan\u00adtee\u00ading long-last\u00ading use. Thanks to its water- and air-per\u00adme\u00adable struc\u00adture, the agro-tex\u00adtile cre\u00adates ide\u00adal con\u00addi\u00adtions for the roots, which is impor\u00adtant for the health and devel\u00adop\u00adment of plants. Take advan\u00adtage of our offer to enjoy a beau\u00adti\u00adful\u00adly man\u00adi\u00adcured gar\u00adden where plants will thrive with\u00adout wor\u00adry\u00ading about weeds and exces\u00adsive mois\u00adture loss.<\/p>","protected":false},"excerpt":{"rendered":"<p>Zastosowanie agrow\u0142\u00f3kniny 50g\/m\u00b2 czarnej 1,1 m z UV w ogrodnictwie Agrow\u0142\u00f3knina 50g\/m\u00b2 czarna 1,1 m z UV to niezast\u0105pione rozwi\u0105zanie w ogrodnictwie, kt\u00f3re pomaga w skutecznym \u015bci\u00f3\u0142kowaniu oraz ochronie przed chwastami. Dzi\u0119ki jej zastosowaniu gleba jest nie tylko chroniona przed niechcianymi ro\u015blinami, ale tak\u017ce utrzymuje odpowiedni\u0105 wilgotno\u015b\u0107, co jest kluczowe dla zdrowego wzrostu ro\u015blin. Nasza [&hellip;]<\/p>\n","protected":false},"featured_media":1050,"template":"","meta":{"_acf_changed":false,"wp_typography_post_enhancements_disabled":false},"product_brand":[],"product_cat":[57,68,70,67,69],"product_tag":[],"class_list":{"0":"post-1038","1":"product","2":"type-product","3":"status-publish","4":"has-post-thumbnail","6":"product_cat-agrowloknina","7":"product_cat-agrowloknina-pod-kamienie","8":"product_cat-agrowloknina-pod-rosliny","9":"product_cat-agrowloknina-przeciw-chwastom","10":"product_cat-agrowloknina-sciolkujaca","11":"pa_gramatura-agrowloknina-p-50","13":"first","14":"instock","15":"taxable","16":"shipping-taxable","17":"purchasable","18":"product-type-variable","19":"has-default-attributes"},"acf":[],"_links":{"self":[{"href":"https:\/\/sammler.com.pl\/en\/wp-json\/wp\/v2\/product\/1038","targetHints":{"allow":["GET"]}}],"collection":[{"href":"https:\/\/sammler.com.pl\/en\/wp-json\/wp\/v2\/product"}],"about":[{"href":"https:\/\/sammler.com.pl\/en\/wp-json\/wp\/v2\/types\/product"}],"wp:featuredmedia":[{"embeddable":true,"href":"https:\/\/sammler.com.pl\/en\/wp-json\/wp\/v2\/media\/1050"}],"wp:attachment":[{"href":"https:\/\/sammler.com.pl\/en\/wp-json\/wp\/v2\/media?parent=1038"}],"wp:term":[{"taxonomy":"product_brand","embeddable":true,"href":"https:\/\/sammler.com.pl\/en\/wp-json\/wp\/v2\/product_brand?post=1038"},{"taxonomy":"product_cat","embeddable":true,"href":"https:\/\/sammler.com.pl\/en\/wp-json\/wp\/v2\/product_cat?post=1038"},{"taxonomy":"product_tag","embeddable":true,"href":"https:\/\/sammler.com.pl\/en\/wp-json\/wp\/v2\/product_tag?post=1038"}],"curies":[{"name":"wp","href":"https:\/\/api.w.org\/{rel}","templated":true}]}}