{"id":367,"date":"2023-03-13T10:54:14","date_gmt":"2023-03-13T09:54:14","guid":{"rendered":"https:\/\/sammler.uxtivity.com\/?page_id=367"},"modified":"2023-03-13T11:28:10","modified_gmt":"2023-03-13T10:28:10","slug":"regulamin-konta","status":"publish","type":"page","link":"https:\/\/sammler.com.pl\/en\/account-rules\/","title":{"rendered":"Account Terms and Con\u00addi\u00adtions"},"content":{"rendered":"<h2 class=\"wp-block-heading\">SAMMLER RECBORD Account Terms and Conditions<\/h2>\n\n\n\n<p><strong>The pro\u00advi\u00adsions relat\u00ading to the Pre\u00adferred Entre\u00adpre\u00adneur apply to con\u00adtracts con\u00adclud\u00aded from 1 Jan\u00adu\u00adary 2021.<\/strong><\/p>\n\n\n\n<p><strong>TABLE OF CONTENTS<\/strong><br><strong>\u00a7 1<\/strong>&nbsp;Def\u00adi\u00adn\u00adi\u00adtions<br><strong>\u00a7 2<\/strong>&nbsp;Con\u00adtact with the sell\u00ader<br><strong>\u00a7 3<\/strong>&nbsp;Tech\u00adni\u00adcal require\u00adments<br><strong>\u00a7 4<\/strong>&nbsp;Account<br><strong>\u00a7 5<\/strong>&nbsp;Com\u00adplaints<br><strong>\u00a7 6<\/strong>&nbsp;Per\u00adson\u00adal data<br><strong>\u00a7 7<\/strong>&nbsp;Reser\u00adva\u00adtions<\/p>\n\n\n\n<h3 class=\"wp-block-heading\"><strong>\u00a7 1 DEFINITIONS<\/strong><\/h3>\n\n\n\n<p><strong>Con\u00adsumer<\/strong>&nbsp;\u2014 con\u00adsumer with\u00adin the mean\u00ading of the Civ\u00adil Code.<br><strong>Account<\/strong>&nbsp;\u2014 a free-of-charge fea\u00adture of the Shop (ser\u00advice) reg\u00adu\u00adlat\u00aded in these terms and con\u00addi\u00adtions by which the Buy\u00ader can open an indi\u00advid\u00adual account in the Shop.<br><strong>Buy\u00ader<\/strong>&nbsp;\u2014 any per\u00adson pur\u00adchas\u00ading from the Shop.<br><strong>Pri\u00ador\u00adi\u00adty buy\u00ader<\/strong>&nbsp;\u2014 Con\u00adsumer or Busi\u00adness Priv\u00adi\u00adleged.<br><strong>Priv\u00adi\u00adleged trad\u00ader<\/strong>&nbsp;\u2014 a nat\u00adur\u00adal per\u00adson con\u00adclud\u00ading a con\u00adtract with the Sell\u00ader which is direct\u00adly relat\u00aded to his\/her busi\u00adness activ\u00adi\u00adty, but which is not of a pro\u00adfes\u00adsion\u00adal nature for him\/her (def\u00adi\u00adn\u00adi\u00adtion applic\u00ada\u00adble to con\u00adtracts con\u00adclud\u00aded as from 1 Jan\u00adu\u00adary 2021).<br><strong>Shop<\/strong>&nbsp;\u2014 SAMMLER RECBORD online shop oper\u00adat\u00aded by the Sell\u00ader at the fol\u00adlow\u00ading address <a href=\"https:\/\/recbord.com.pl\" data-type=\"URL\" data-id=\"https:\/\/recbord.com.pl\" target=\"_blank\" rel=\"noopener\">https:\/\/recbord.com.pl<\/a><br><strong>Sell\u00ader<\/strong>&nbsp;\u2014 SAMMLER Sp\u00f3\u0142\u00adka z ogranic\u00adzon\u0105 odpowiedzial\u00adno\u015b\u00adci\u0105 [SAMMLER Lim\u00adit\u00aded Lia\u00adbil\u00adi\u00adty Com\u00adpa\u00adny] with its reg\u00adis\u00adtered office in Poz\u00adna\u0144 (61\u2013696), ul. Serb\u00ads\u00adka 17\/6, entered in the Reg\u00adis\u00adter of Entre\u00adpre\u00adneurs of the Nation\u00adal Court Reg\u00adis\u00adter kept by the Dis\u00adtrict Court Poz\u00adna\u0144 \u2014 Nowe Mias\u00adto and Wil\u00adda in Poz\u00adna\u0144, VIII Com\u00admer\u00adcial Divi\u00adsion of the Nation\u00adal Court Reg\u00adis\u00adter under num\u00adber: 0000412881, NIP: 7773224573, REGON: 302060570, share cap\u00adi\u00adtal of PLN 75,000.00.<\/p>\n\n\n\n<h3 class=\"wp-block-heading\"><strong>\u00a7 2 CONTACTING THE SELLER<\/strong><\/h3>\n\n\n\n<ol class=\"wp-block-list\" type=\"1\" start=\"1\">\n<li>Postal address: Rud\u00adni\u00adki 6F, 64\u2013330 Opaleni\u00adca<\/li>\n\n\n\n<li>Email address: <a href=\"mailto:sprzedaz@sammler.com.pl\" data-type=\"mailto\" data-id=\"mailto:sprzedaz@sammler.com.pl\">sprzedaz@sammler.com.pl<\/a><\/li>\n\n\n\n<li>Phone: <a href=\"tel:+48507249073\" data-type=\"tel\" data-id=\"tel:+48507249073\">+48 507249073<\/a><\/li>\n<\/ol>\n\n\n\n<h3 class=\"wp-block-heading\"><strong>\u00a7 3 TECHNICAL REQUIREMENTS<\/strong><\/h3>\n\n\n\n<ol class=\"wp-block-list\" type=\"1\" start=\"1\">\n<li>For the prop\u00ader func\u00adtion\u00ading and cre\u00adation of an Account, you need:\n<ul class=\"wp-block-list\">\n<li>active e\u2011mail account<\/li>\n\n\n\n<li>a device with Inter\u00adnet access<\/li>\n\n\n\n<li>a web brows\u00ader that sup\u00adports JavaScript and cook\u00adies<\/li>\n<\/ul>\n<\/li>\n<\/ol>\n\n\n\n<h3 class=\"wp-block-heading\"><strong>\u00a7 4 ACCOUNT<\/strong><\/h3>\n\n\n\n<ol class=\"wp-block-list\" type=\"1\" start=\"1\">\n<li>The cre\u00adation of an Account is entire\u00adly vol\u00adun\u00adtary and depen\u00addent on the will of the Buy\u00ader.<\/li>\n\n\n\n<li>An account pro\u00advides the Buy\u00ader with addi\u00adtion\u00adal pos\u00adsi\u00adbil\u00adi\u00adties, such as view\u00ading the his\u00adto\u00adry of orders placed by the Buy\u00ader in the Shop, check\u00ading the sta\u00adtus of an order or edit\u00ading the Buy\u00ader\u2019s data him\u00adself.<\/li>\n\n\n\n<li>In order to set up an Account, you must fill in the rel\u00ade\u00advant form in the Shop.<\/li>\n\n\n\n<li>When an Account is cre\u00adat\u00aded, a con\u00adtract is con\u00adclud\u00aded for an indef\u00adi\u00adnite peri\u00adod of time between the Buy\u00ader and the Sell\u00ader for the oper\u00ada\u00adtion of the Account under the terms and con\u00addi\u00adtions spec\u00adi\u00adfied in these reg\u00adu\u00adla\u00adtions.<\/li>\n\n\n\n<li>The pur\u00adchas\u00ader may can\u00adcel the Account at any time with\u00adout incur\u00adring any costs.<\/li>\n\n\n\n<li>In order to can\u00adcel the Account, you must send your can\u00adcel\u00adla\u00adtion to the Sell\u00ader at the e\u2011mail address: sprzedaz@sammler.com.pl, which will result in the imme\u00addi\u00adate dele\u00adtion of the Account and the ter\u00admi\u00adna\u00adtion of the Account agree\u00adment.<\/li>\n<\/ol>\n\n\n\n<h3 class=\"wp-block-heading\"><strong>\u00a7 5 COMPLAINTS<\/strong><\/h3>\n\n\n\n<ol class=\"wp-block-list\" type=\"1\" start=\"1\">\n<li>Com\u00adplaints con\u00adcern\u00ading the func\u00adtion\u00ading of the Account should be addressed to the e\u2011mail address: <a href=\"mailto:sprzedaz@sammler.com.pl\" data-type=\"mailto\" data-id=\"mailto:sprzedaz@sammler.com.pl\">sprzedaz@sammler.com.pl<\/a><\/li>\n\n\n\n<li>The com\u00adplaint will be dealt with by the Sell\u00ader with\u00adin 14 days.<br><br><strong>OUT-OF-COURT COMPLAINT AND REDRESS PROCEDURES<\/strong><\/li>\n\n\n\n<li>In the event that the com\u00adplaint pro\u00adce\u00addure fails to pro\u00adduce the result expect\u00aded by the Con\u00adsumer, the Con\u00adsumer may make use of, among oth\u00ader things:\n<ol class=\"wp-block-list\" type=\"1\" start=\"1\">\n<li>medi\u00ada\u00adtion con\u00adduct\u00aded by the local\u00adly com\u00adpe\u00adtent Voivod\u00adship Inspec\u00adtorate of Trade Inspec\u00adtion, to which a request for medi\u00ada\u00adtion should be sub\u00admit\u00adted. As a rule, the pro\u00adceed\u00adings are free of charge. The list of Inspec\u00adtorates can be found here: <a href=\"https:\/\/www.uokik.gov.pl\/wazne_adresy.php#faq595\" data-type=\"URL\" data-id=\"https:\/\/www.uokik.gov.pl\/wazne_adresy.php#faq595\" target=\"_blank\" rel=\"noopener\">https:\/\/www.uokik.gov.pl\/wazne_adresy.php#faq595<\/a>;<\/li>\n\n\n\n<li>with the assis\u00adtance of the com\u00adpe\u00adtent per\u00adma\u00adnent con\u00adsumer arbi\u00adtra\u00adtion court oper\u00adat\u00ading at the Provin\u00adcial Inspec\u00adtorate of Trade Inspec\u00adtion, to which a request for con\u00adsid\u00ader\u00ada\u00adtion of the case before the arbi\u00adtra\u00adtion court should be sub\u00admit\u00adted. As a rule, the pro\u00adceed\u00adings are free of charge. A list of courts is avail\u00adable at: <a href=\"https:\/\/www.uokik.gov.pl\/wazne_adresy.php#faq596\" data-type=\"URL\" data-id=\"https:\/\/www.uokik.gov.pl\/wazne_adresy.php#faq596\" target=\"_blank\" rel=\"noopener\">https:\/\/www.uokik.gov.pl\/wazne_adresy.php#faq596;<\/a><\/li>\n\n\n\n<li>free assis\u00adtance from the munic\u00adi\u00adpal or dis\u00adtrict con\u00adsumer ombuds\u00adman;<\/li>\n\n\n\n<li>ODR\u2019s online plat\u00adform avail\u00adable at: <a href=\"https:\/\/ec.europa.eu\/consumers\/odr\/main\/?event=main.home.howitworks\" data-type=\"URL\" data-id=\"https:\/\/ec.europa.eu\/consumers\/odr\/main\/?event=main.home.howitworks\" target=\"_blank\" rel=\"noopener\">https:\/\/ec.europa.eu\/consumers\/odr\/main\/?event=main.home.howitworks<\/a>.<\/li>\n<\/ol>\n<\/li>\n<\/ol>\n\n\n\n<h3 class=\"wp-block-heading\">\u00a7 6 PERSONAL DATA<\/h3>\n\n\n\n<ol class=\"wp-block-list\" type=\"1\" start=\"1\">\n<li>The admin\u00adis\u00adtra\u00adtor of the per\u00adson\u00adal data pro\u00advid\u00aded by the Buy\u00ader when using the Account is the Sell\u00ader. Detailed infor\u00adma\u00adtion regard\u00ading the pro\u00adcess\u00ading of per\u00adson\u00adal data by the Sell\u00ader \u2014 includ\u00ading oth\u00ader pur\u00adpos\u00ades and grounds for data pro\u00adcess\u00ading, as well as recip\u00adi\u00adents of the data, can be found in the Pri\u00adva\u00adcy Pol\u00adi\u00adcy avail\u00adable in the Shop \u2014 due to the prin\u00adci\u00adple of trans\u00adparen\u00adcy, con\u00adtained in the Gen\u00ader\u00adal Reg\u00adu\u00adla\u00adtion of the Euro\u00adpean Par\u00adlia\u00adment and of the Coun\u00adcil (EU) on data pro\u00adtec\u00adtion \u2014 \u201c<strong>RODO<\/strong>\u201d.<\/li>\n\n\n\n<li>The pur\u00adpose of pro\u00adcess\u00ading the Buy\u00ader\u2019s data is to main\u00adtain the Account. The basis for the pro\u00adcess\u00ading of per\u00adson\u00adal data in this case is a con\u00adtract for the pro\u00advi\u00adsion of a ser\u00advice or actions tak\u00aden at the Buy\u00ader\u2019s request aimed at con\u00adclud\u00ading such a con\u00adtract (Arti\u00adcle 6(1)(b) RODO), as well as the legit\u00adi\u00admate inter\u00adest of the Sell\u00ader, con\u00adsist\u00ading of the pro\u00adcess\u00ading of data for the pur\u00adpose of estab\u00adlish\u00ading, inves\u00adti\u00adgat\u00ading or defend\u00ading pos\u00adsi\u00adble claims (Arti\u00adcle 6(1)(f) RODO).<\/li>\n\n\n\n<li>The pro\u00advi\u00adsion of data by the Buy\u00ader is vol\u00adun\u00adtary, but at the same time nec\u00ades\u00adsary in order to main\u00adtain the Account. Fail\u00adure to pro\u00advide the data means that the Sell\u00ader will not be able to pro\u00advide the Account ser\u00advice.<\/li>\n\n\n\n<li>The Buy\u00ader\u2019s data will be processed until:\n<ol class=\"wp-block-list\" type=\"1\" start=\"1\">\n<li>The account will be delet\u00aded by the Sell\u00ader at the request of the Buy\u00ader.<\/li>\n\n\n\n<li>the pos\u00adsi\u00adbil\u00adi\u00adty for the Buy\u00ader or Sell\u00ader to assert claims relat\u00aded to the Account ceas\u00ades;<\/li>\n\n\n\n<li>the Buy\u00ader\u2019s objec\u00adtion to the pro\u00adcess\u00ading of his per\u00adson\u00adal data is accept\u00aded \u2014 in case the basis of data pro\u00adcess\u00ading was the legit\u00adi\u00admate inter\u00adest of the Sell\u00ader<\/li>\n<\/ol>\n<\/li>\n<\/ol>\n\n\n\n<p>- whichev\u00ader is applic\u00ada\u00adble in the case and which is the lat\u00adest.<\/p>\n\n\n\n<ol class=\"wp-block-list\" type=\"1\" start=\"5\">\n<li>The buy\u00ader is enti\u00adtled to demand:\n<ol class=\"wp-block-list\" type=\"1\" start=\"1\">\n<li>access to their per\u00adson\u00adal data,<\/li>\n\n\n\n<li>their rec\u00adti\u00adfi\u00adca\u00adtion,<\/li>\n\n\n\n<li>dele\u00adtions,<\/li>\n\n\n\n<li>lim\u00adi\u00adta\u00adtion of pro\u00adcess\u00ading,<\/li>\n\n\n\n<li>trans\u00adfer of data to anoth\u00ader con\u00adtroller<br>as well as the law:<\/li>\n\n\n\n<li>to object at any time to the pro\u00adcess\u00ading of data on grounds relat\u00ading to the Buy\u00ader\u2019s par\u00adtic\u00adu\u00adlar sit\u00adu\u00ada\u00adtion \u2014 to the pro\u00adcess\u00ading of per\u00adson\u00adal data con\u00adcern\u00ading him\/her based on Arti\u00adcle 6(1)(f) of the RODO (i.e. on legit\u00adi\u00admate inter\u00adests pur\u00adsued by the con\u00adtroller).<\/li>\n<\/ol>\n<\/li>\n\n\n\n<li>In order to exer\u00adcise their rights, the Buy\u00ader should con\u00adtact the Sell\u00ader.<\/li>\n\n\n\n<li>In the event that the Buy\u00ader con\u00adsid\u00aders that his data is being processed unlaw\u00adful\u00adly, the Buy\u00ader may lodge a com\u00adplaint with the Pres\u00adi\u00addent of the Per\u00adson\u00adal Data Pro\u00adtec\u00adtion Author\u00adi\u00adty.<\/li>\n<\/ol>\n\n\n\n<h3 class=\"wp-block-heading\"><strong>\u00a7 7 RESERVATIONS<\/strong><\/h3>\n\n\n\n<ol class=\"wp-block-list\" type=\"1\" start=\"1\">\n<li>The pro\u00advi\u00adsion of unlaw\u00adful con\u00adtent by the Buy\u00ader is pro\u00adhib\u00adit\u00aded.<\/li>\n\n\n\n<li>The Account Agree\u00adment shall be con\u00adclud\u00aded in the Pol\u00adish lan\u00adguage.<\/li>\n\n\n\n<li>In the event of valid rea\u00adsons as referred to in para\u00adgraph 4, the Sell\u00ader shall have the right to amend these Account Rules.<\/li>\n\n\n\n<li>The valid rea\u00adsons referred to in para\u00adgraph 3 are:\n<ol class=\"wp-block-list\" type=\"1\" start=\"1\">\n<li>the need to adapt the Shop to the legal pro\u00advi\u00adsions applic\u00ada\u00adble to its oper\u00ada\u00adtion<\/li>\n\n\n\n<li>improv\u00ading the secu\u00adri\u00adty of the ser\u00advice pro\u00advid\u00aded<\/li>\n\n\n\n<li>a change in the func\u00adtion\u00adal\u00adi\u00adty of the Account which requires a mod\u00adi\u00adfi\u00adca\u00adtion of the Account Rules.<\/li>\n<\/ol>\n<\/li>\n\n\n\n<li>The Buy\u00ader shall be informed of a planned change to the reg\u00adu\u00adla\u00adtions of the Account at least 7 days pri\u00ador to the change tak\u00ading effect via an e\u2011mail sent to the address assigned to the Account.<\/li>\n\n\n\n<li>If the Buy\u00ader does not agree with the planned change, he should inform the Sell\u00ader by send\u00ading an appro\u00adpri\u00adate mes\u00adsage to the Sell\u00ader\u2019s e\u2011mail address. <a href=\"mailto:sprzedaz@sammler.com.pl\" data-type=\"mailto\" data-id=\"mailto:sprzedaz@sammler.com.pl\">sprzedaz@sammler.com.pl<\/a>which will result in the ter\u00admi\u00adna\u00adtion of the Account agree\u00adment as of the effec\u00adtive date of the planned change, or ear\u00adli\u00ader if the Buy\u00ader so requests.<\/li>\n\n\n\n<li>If the Buy\u00ader does not object to the planned change by the time it comes into force, he shall be deemed to have accept\u00aded it, which shall not con\u00adsti\u00adtute any obsta\u00adcle to the future ter\u00admi\u00adna\u00adtion of the con\u00adtract.<\/li>\n\n\n\n<li>In the event of a pos\u00adsi\u00adble dis\u00adpute with a Buy\u00ader who is not a Pri\u00ador\u00adi\u00adty Buy\u00ader, the com\u00adpe\u00adtent court shall have juris\u00addic\u00adtion over the Sell\u00ader\u2019s reg\u00adis\u00adtered office.<\/li>\n<\/ol>","protected":false},"excerpt":{"rendered":"<p>Regulamin konta w sklepie SAMMLER RECBORD Postanowienia dotycz\u0105ce Przedsi\u0119biorcy uprzywilejowanego maj\u0105 zastosowanie do um\u00f3w zawartych od dnia 1 stycznia 2021 r. SPIS TRE\u015aCI\u00a7 1&nbsp;Definicje\u00a7 2&nbsp;Kontakt ze Sprzedawc\u0105\u00a7 3&nbsp;Wymogi techniczne\u00a7 4&nbsp;Konto\u00a7 5&nbsp;Reklamacje\u00a7 6&nbsp;Dane osobowe\u00a7 7&nbsp;Zastrze\u017cenia \u00a7 1 DEFINICJE Konsument\u00a0\u2013 konsument w rozumieniu przepis\u00f3w Kodeksu cywilnego.Konto\u00a0\u2013 uregulowana w niniejszym regulaminie nieodp\u0142atna funkcja Sklepu (us\u0142uga), dzi\u0119ki kt\u00f3rej Kupuj\u0105cy [&hellip;]<\/p>\n","protected":false},"author":16,"featured_media":272,"parent":0,"menu_order":0,"comment_status":"closed","ping_status":"closed","template":"","meta":{"_acf_changed":false,"wp_typography_post_enhancements_disabled":false,"footnotes":""},"class_list":["post-367","page","type-page","status-publish","has-post-thumbnail","hentry"],"acf":[],"_links":{"self":[{"href":"https:\/\/sammler.com.pl\/en\/wp-json\/wp\/v2\/pages\/367","targetHints":{"allow":["GET"]}}],"collection":[{"href":"https:\/\/sammler.com.pl\/en\/wp-json\/wp\/v2\/pages"}],"about":[{"href":"https:\/\/sammler.com.pl\/en\/wp-json\/wp\/v2\/types\/page"}],"author":[{"embeddable":true,"href":"https:\/\/sammler.com.pl\/en\/wp-json\/wp\/v2\/users\/16"}],"replies":[{"embeddable":true,"href":"https:\/\/sammler.com.pl\/en\/wp-json\/wp\/v2\/comments?post=367"}],"version-history":[{"count":0,"href":"https:\/\/sammler.com.pl\/en\/wp-json\/wp\/v2\/pages\/367\/revisions"}],"wp:featuredmedia":[{"embeddable":true,"href":"https:\/\/sammler.com.pl\/en\/wp-json\/wp\/v2\/media\/272"}],"wp:attachment":[{"href":"https:\/\/sammler.com.pl\/en\/wp-json\/wp\/v2\/media?parent=367"}],"curies":[{"name":"wp","href":"https:\/\/api.w.org\/{rel}","templated":true}]}}