{"id":414,"date":"2023-03-22T15:02:08","date_gmt":"2023-03-22T14:02:08","guid":{"rendered":"https:\/\/sammler.uxtivity.com\/?post_type=product&#038;p=414"},"modified":"2025-05-14T08:19:15","modified_gmt":"2025-05-14T06:19:15","slug":"kotwa-recbord-g-pin-20","status":"publish","type":"product","link":"https:\/\/sammler.com.pl\/de\/produkt\/anker-record-g-stift-20\/","title":{"rendered":"RecBord-Bode\u00adnanker G\u2011PIN 20"},"content":{"rendered":"<p class=\"margin-bottom margin-small\">Kun\u00adst\u00adstoffd\u00fc\u00adbel sind eine her\u00advor\u00adra\u00adgende Alter\u00adna\u00adtive zu den herk\u00f6mm\u00adlichen Meth\u00ado\u00add\u00aden der Befes\u00adti\u00adgung von Agro-Tex\u00adtilien oder Agro-Tex\u00adtilien am Boden. Diese Heringe sind beson\u00adders hil\u00adfre\u00adich bei starkem Wind, wenn die Aus\u00adbre\u00aditung des Gewebes auf dem Boden schwierig ist. Der gro\u00dfe Durchmess\u00ader des Kopfes der Bode\u00adnanker sorgt daf\u00fcr, dass das zu befes\u00adti\u00adgende Pro\u00addukt fest in den Boden gepresst wird, so dass es sich nicht abheben und bewe\u00adgen kann. Mit den schar\u00adfen Enden des D\u00fcbels lassen sich dicke Schicht\u00aden von Agro\u00adtex\u00adtilien oder Baum\u00adschul\u00admat\u00adten leicht und sich\u00ader durchtren\u00adnen, ohne dass ein Mess\u00ader ben\u00f6tigt wird.<\/p>\n<p>Merk\u00admale des Ankers:<\/p>\n<ul>\n<li>sich\u00ader\u00adstellen, dass das zu befes\u00adti\u00adgende Mate\u00adr\u00adi\u00adal sich\u00ader auf dem Unter\u00adgrund haftet und \u00fcber viele Jahre und wieder\u00adholt ver\u00adwen\u00addet wer\u00adden kann<\/li>\n<li>sind spitz zulaufend und haben einen gro\u00dfen Kopf\u00addurchmess\u00ader, wodurch sie sich viel leichter in den Boden treiben lassen<\/li>\n<li>haben zus\u00e4t\u00adzliche Z\u00e4hne, die ein Her\u00adaus\u00adrutschen wirk\u00adsam ver\u00adhin\u00addern<\/li>\n<li>sind wet\u00adter\u00adfest \u2014 bestes Preis-\/Qual\u00adit\u00e4tsver\u00adh\u00e4lt\u00adnis<\/li>\n<\/ul>","protected":false},"excerpt":{"rendered":"<p>Plastikowe kotwy stanowi\u0105 doskona\u0142\u0105 alternatyw\u0119 dla tradycyjnych sposob\u00f3w mocowania agrow\u0142\u00f3kniny czy agrotkaniny do pod\u0142o\u017ca. Ko\u0142ki te s\u0105 szczeg\u00f3lnie pomocne podczas silnego wiatru, gdy rozk\u0142adanie tkaniny na pod\u0142o\u017cu jest utrudnione. Dodatkowe z\u0105bki na ko\u0142ku zapewniaj\u0105 stabilno\u015b\u0107 i zabezpieczaj\u0105 przed wysuni\u0119ciem si\u0119 z pod\u0142o\u017ca.Du\u017ca \u015brednica g\u0142\u00f3wki kotew gruntowych zapewnia solidne dociskanie mocowanego produktu do pod\u0142o\u017ca, co skutecznie [&hellip;]<\/p>\n","protected":false},"featured_media":419,"template":"","meta":{"_acf_changed":false,"wp_typography_post_enhancements_disabled":false},"product_brand":[],"product_cat":[82,38],"product_tag":[48,35],"class_list":{"0":"post-414","1":"product","2":"type-product","3":"status-publish","4":"has-post-thumbnail","6":"product_cat-kotwy","7":"product_cat-piny","8":"product_tag-48","9":"product_tag-obrzeza-ogrodowe","11":"first","12":"instock","13":"taxable","14":"shipping-taxable","15":"purchasable","16":"product-type-variable","17":"has-default-attributes"},"acf":[],"_links":{"self":[{"href":"https:\/\/sammler.com.pl\/de\/wp-json\/wp\/v2\/product\/414","targetHints":{"allow":["GET"]}}],"collection":[{"href":"https:\/\/sammler.com.pl\/de\/wp-json\/wp\/v2\/product"}],"about":[{"href":"https:\/\/sammler.com.pl\/de\/wp-json\/wp\/v2\/types\/product"}],"wp:featuredmedia":[{"embeddable":true,"href":"https:\/\/sammler.com.pl\/de\/wp-json\/wp\/v2\/media\/419"}],"wp:attachment":[{"href":"https:\/\/sammler.com.pl\/de\/wp-json\/wp\/v2\/media?parent=414"}],"wp:term":[{"taxonomy":"product_brand","embeddable":true,"href":"https:\/\/sammler.com.pl\/de\/wp-json\/wp\/v2\/product_brand?post=414"},{"taxonomy":"product_cat","embeddable":true,"href":"https:\/\/sammler.com.pl\/de\/wp-json\/wp\/v2\/product_cat?post=414"},{"taxonomy":"product_tag","embeddable":true,"href":"https:\/\/sammler.com.pl\/de\/wp-json\/wp\/v2\/product_tag?post=414"}],"curies":[{"name":"wp","href":"https:\/\/api.w.org\/{rel}","templated":true}]}}