{"id":394,"date":"2023-03-21T16:12:08","date_gmt":"2023-03-21T15:12:08","guid":{"rendered":"https:\/\/sammler.uxtivity.com\/?post_type=product&#038;p=394"},"modified":"2025-10-14T09:15:51","modified_gmt":"2025-10-14T07:15:51","slug":"kratka-parkingowa-recroad","status":"publish","type":"product","link":"https:\/\/sammler.com.pl\/de\/produkt\/kuhlergrill-parken-radweg\/","title":{"rendered":"RecRoad S5 \u00d6ko-Park\u00adplatz\u00adgrill"},"content":{"rendered":"<p>Der \u00d6ko-Parkrost von RecRoad sta\u00adbil\u00adisiert effek\u00adtiv den Boden. Er ist ein her\u00advor\u00adra\u00adgen\u00adder Ersatz f\u00fcr Pflaster\u00adsteine, Gehweg\u00adplat\u00adten und andere Arten von befes\u00adtigten Fl\u00e4chen.<\/p>\n<p>&nbsp;<\/p>\n<p>Die Ober\u00adfl\u00e4che des RecRoad-\u00d6koparkrostes ist beim 87% eine biol\u00ado\u00adgisch aktive Ober\u00adfl\u00e4che. Dies macht den Rost per\u00adfekt kom\u00adpat\u00adi\u00adbel mit jed\u00ader Art von Land\u00adschafts\u00adgestal\u00adtung, opti\u00admiert den Ver\u00adbrauch von Zuschlagstof\u00adfen und bleibt im Ein\u00adklang mit umwelt\u00adfre\u00adundlichen Trends.<\/p>\n<p class=\"margin-top margin-small\"><strong>Biol\u00ado\u00adgisch aktive Ober\u00adfl\u00e4che<\/strong><\/p>\n<p class=\"margin-top margin-xsmall\"><span style=\"font-weight: 400;\">Biol\u00ado\u00adgisch aktive Ober\u00adfl\u00e4chen wer\u00adden in ein\u00ader Vielzahl von Kon\u00adtex\u00adten ver\u00adwen\u00addet, z. B. in st\u00e4dtis\u00adchen Parks, \u00f6ffentlichen G\u00e4rten, aber auch auf pri\u00advat\u00aden Grund\u00adst\u00fcck\u00aden. Ihre Gestal\u00adtung erfordert die Ber\u00fcck\u00adsich\u00adti\u00adgung der lokalen kli\u00adma\u00adtis\u00adchen Bedin\u00adgun\u00adgen, der Bodenart und der \u00e4sthetis\u00adchen und funk\u00adtionalen Vor\u00adlieben der Nutzer. Biol\u00ado\u00adgisch aktive Ober\u00adfl\u00e4chen sind heute Teil der nach\u00adhalti\u00adgen Gestal\u00adtung \u00f6ffentlich\u00ader und pri\u00advater R\u00e4ume. Die Park- und Rasen\u00adgit\u00adter von RecRoad sind eine her\u00advor\u00adra\u00adgende Alter\u00adna\u00adtive zu Pflaster\u00adsteinen, Gehweg\u00adplat\u00adten und Durch\u00adbr\u00fcchen.<\/span><\/p>\n<p>&nbsp;<\/p>\n<p>Warum es sich lohnt:<\/p>\n<ul>\n<li>Sie sch\u00fctzt vor ein\u00ader \u00fcber\u00adm\u00e4\u00dfi\u00adgen Aus\u00adbeu\u00adtung des Bodens und erle\u00adichtert die Niv\u00adel\u00adlierung des Bodens.<\/li>\n<li>Es wird aus recycel\u00adten Mate\u00adri\u00adalien hergestellt, die f\u00fcr die Umwelt ungiftig sind.<\/li>\n<li>Extrem druckbest\u00e4ndig und resistent gegen \u00e4u\u00dfere Ein\u00adfl\u00fcsse (hohe und niedrige Tem\u00adper\u00ada\u00adturen, Chemikalien).<\/li>\n<li>Leicht zu mon\u00adtieren und zu demon\u00adtieren.<\/li>\n<li>\u00c4sthetisch ansprechend, so dass es ein\u00adfach sch\u00f6n aussieht.<\/li>\n<\/ul>","protected":false},"excerpt":{"rendered":"<p>Eko Kratka parkingowa RecRoad skutecznie stabilizuje grunt. \u015awietnie zast\u0119puje kostk\u0119 brukow\u0105, p\u0142yty chodnikowe i inne typy nawierzchni utwardzonej. &nbsp; Powierzchnia eko kraty parkingowej RecRoad to w 87% nawierzchnia biologicznie czynna. Dzi\u0119ki temu kratka doskonale wkomponowuje si\u0119 w ka\u017cdy rodzaj zagospodarowania przestrzennego, optymalizuj\u0105c zu\u017cycie kruszywa i pozostaj\u0105c w zgodzie z proekologicznymi trendami. Nawierzchnia Biologicznie Czynna Nawierzchnie [&hellip;]<\/p>\n","protected":false},"featured_media":1030,"template":"","meta":{"_acf_changed":false,"wp_typography_post_enhancements_disabled":false},"product_brand":[],"product_cat":[71,74,73,72,44,56],"product_tag":[48,35],"class_list":{"0":"post-394","1":"product","2":"type-product","3":"status-publish","4":"has-post-thumbnail","6":"product_cat-kratki","7":"product_cat-kratki-na-podjazd","8":"product_cat-kratki-ogrodowe","9":"product_cat-kratki-parkingowe","10":"product_cat-kratki-trawnikowe","11":"product_cat-kratki-zabezpieczajace-powierzchnie","12":"product_tag-48","13":"product_tag-obrzeza-ogrodowe","15":"first","16":"instock","17":"taxable","18":"shipping-taxable","19":"purchasable","20":"product-type-simple"},"acf":[],"_links":{"self":[{"href":"https:\/\/sammler.com.pl\/de\/wp-json\/wp\/v2\/product\/394","targetHints":{"allow":["GET"]}}],"collection":[{"href":"https:\/\/sammler.com.pl\/de\/wp-json\/wp\/v2\/product"}],"about":[{"href":"https:\/\/sammler.com.pl\/de\/wp-json\/wp\/v2\/types\/product"}],"wp:featuredmedia":[{"embeddable":true,"href":"https:\/\/sammler.com.pl\/de\/wp-json\/wp\/v2\/media\/1030"}],"wp:attachment":[{"href":"https:\/\/sammler.com.pl\/de\/wp-json\/wp\/v2\/media?parent=394"}],"wp:term":[{"taxonomy":"product_brand","embeddable":true,"href":"https:\/\/sammler.com.pl\/de\/wp-json\/wp\/v2\/product_brand?post=394"},{"taxonomy":"product_cat","embeddable":true,"href":"https:\/\/sammler.com.pl\/de\/wp-json\/wp\/v2\/product_cat?post=394"},{"taxonomy":"product_tag","embeddable":true,"href":"https:\/\/sammler.com.pl\/de\/wp-json\/wp\/v2\/product_tag?post=394"}],"curies":[{"name":"wp","href":"https:\/\/api.w.org\/{rel}","templated":true}]}}