{"id":213,"date":"2023-02-07T16:42:58","date_gmt":"2023-02-07T15:42:58","guid":{"rendered":"https:\/\/sammler.uxtivity.com\/?post_type=product&#038;p=213"},"modified":"2025-01-29T12:42:24","modified_gmt":"2025-01-29T11:42:24","slug":"gotowe-do-montazu-zestawy-78-mm","status":"publish","type":"product","link":"https:\/\/sammler.com.pl\/de\/produkt\/einbaufertige-kits-78-mm\/","title":{"rendered":"Ein\u00adbaufer\u00adtige Baus\u00e4tze (78 mm)"},"content":{"rendered":"<h2 style=\"font-size: 1em; margin: 10px auto;\">Warum sollten Sie sich f\u00fcr 78-mm-Baus\u00e4tze entscheiden?<\/h2>\n<p>Die ein\u00adbaufer\u00adti\u00adgen 78-mm-Sets von Samm\u00adler sind eine aus\u00adgeze\u00adich\u00adnete Wahl f\u00fcr alle, die Wert auf Halt\u00adbarkeit, Flex\u00adi\u00adbil\u00adit\u00e4t und Umwelt\u00adfre\u00adundlichkeit leg\u00aden. Hergestellt aus 100% aus recycel\u00adten Mate\u00adri\u00adalien, bieten diese funk\u00adtionalen Rasenkan\u00adten eine zuver\u00adl\u00e4s\u00adsige Halt\u00adbarkeit f\u00fcr min\u00addestens 10 Jahre. Mit ihrem flex\u00adi\u00adblen Design lassen sich sowohl ger\u00adade Lin\u00adien als auch kom\u00adplizierte Kur\u00adven und Winkel leicht erstellen, was prak\u00adtisch unbe\u00adgren\u00adzte Gestal\u00adtungsm\u00f6glichkeit\u00aden f\u00fcr Ihren Garten bietet. F\u00fcr die Mon\u00adtage dieser Ein\u00adfas\u00adsungs\u00adsets sind keine speziellen Werkzeuge oder F\u00e4higkeit\u00aden erforder\u00adlich \u2014 alles, was Sie brauchen, sind die mit\u00adgeliefer\u00adten Stifte, eine Garten\u00adschere und ein Ham\u00admer, und dank der Einker\u00adbun\u00adgen an der Basis k\u00f6n\u00adnen Sie jede beliebige Form selb\u00adst for\u00admen. Die mon\u00adtage\u00adfer\u00adti\u00adgen 78-mm-Sets von Samm\u00adler eignen sich sowohl f\u00fcr pri\u00advate G\u00e4rten als auch f\u00fcr \u00f6ffentliche Bere\u00adiche. Sie gren\u00adzen Rasen\u00adfl\u00e4chen effek\u00adtiv von Schutt oder Rinde ab und schaf\u00adfen so \u00e4sthetisch ansprechende und dauer\u00adhafte Wege. Wenn Sie sich f\u00fcr Ein\u00adfas\u00adsun\u00adgen von Samm\u00adler entschei\u00adden, sor\u00adgen Sie nicht nur f\u00fcr die Bequem\u00adlichkeit und \u00c4sthetik Ihres Platzes, son\u00addern unter\u00adst\u00fctzen auch die Umwelt durch die Ver\u00adwen\u00addung von recycel\u00adten Mate\u00adri\u00adalien.<\/p>","protected":false},"excerpt":{"rendered":"<p>Samm\u00adler<\/p>","protected":false},"featured_media":396,"template":"","meta":{"_acf_changed":false,"wp_typography_post_enhancements_disabled":false},"product_brand":[],"product_cat":[43],"product_tag":[35],"class_list":{"0":"post-213","1":"product","2":"type-product","3":"status-publish","4":"has-post-thumbnail","6":"product_cat-zestawy","7":"product_tag-obrzeza-ogrodowe","9":"first","10":"instock","11":"taxable","12":"shipping-taxable","13":"purchasable","14":"product-type-variable","15":"has-default-attributes"},"acf":[],"_links":{"self":[{"href":"https:\/\/sammler.com.pl\/de\/wp-json\/wp\/v2\/product\/213","targetHints":{"allow":["GET"]}}],"collection":[{"href":"https:\/\/sammler.com.pl\/de\/wp-json\/wp\/v2\/product"}],"about":[{"href":"https:\/\/sammler.com.pl\/de\/wp-json\/wp\/v2\/types\/product"}],"wp:featuredmedia":[{"embeddable":true,"href":"https:\/\/sammler.com.pl\/de\/wp-json\/wp\/v2\/media\/396"}],"wp:attachment":[{"href":"https:\/\/sammler.com.pl\/de\/wp-json\/wp\/v2\/media?parent=213"}],"wp:term":[{"taxonomy":"product_brand","embeddable":true,"href":"https:\/\/sammler.com.pl\/de\/wp-json\/wp\/v2\/product_brand?post=213"},{"taxonomy":"product_cat","embeddable":true,"href":"https:\/\/sammler.com.pl\/de\/wp-json\/wp\/v2\/product_cat?post=213"},{"taxonomy":"product_tag","embeddable":true,"href":"https:\/\/sammler.com.pl\/de\/wp-json\/wp\/v2\/product_tag?post=213"}],"curies":[{"name":"wp","href":"https:\/\/api.w.org\/{rel}","templated":true}]}}