{"id":212,"date":"2023-02-07T16:42:40","date_gmt":"2023-02-07T15:42:40","guid":{"rendered":"https:\/\/sammler.uxtivity.com\/?post_type=product&#038;p=212"},"modified":"2025-01-29T12:36:55","modified_gmt":"2025-01-29T11:36:55","slug":"gotowe-do-montazu-zestawy-58-mm","status":"publish","type":"product","link":"https:\/\/sammler.com.pl\/de\/produkt\/einbaufertige-kits-58-mm\/","title":{"rendered":"Ein\u00adbaufer\u00adtige Baus\u00e4tze (58 mm)"},"content":{"rendered":"<p class=\"margin-bottom margin-small\">Der Bausatz enth\u00e4lt <strong>Ein\u00adfas\u00adsung, Befes\u00adti\u00adgungss\u00adtifte, Garten\u00adschere, Ham\u00admer, Hand\u00adschuhe und Gebrauch\u00adsan\u00adweisung.<\/strong><\/p>\n<h2 style=\"font-size: 1em; margin: 10px auto;\">Vorteile der einbaufertigen 58-mm-Baus\u00e4tze<\/h2>\n<p>Nutzen Sie unser Ange\u00adbot und entschei\u00adden Sie sich f\u00fcr die 58-mm-Baus\u00e4tze von Samm\u00adler, um Ihren Garten auf ein\u00adfache und effek\u00adtive Weise zu gestal\u00adten. Mit ihnen k\u00f6n\u00adnen Sie ganz ein\u00adfach \u00e4sthetis\u00adche Gartene\u00adin\u00adfas\u00adsun\u00adgen erstellen, um Ihren Rasen von Alleen, Wegen oder Pflaster\u00adsteinen zu tren\u00adnen. Dank der ein\u00adfachen Mon\u00adtage m\u00fcssen Sie kein Experte sein, um ein per\u00adfek\u00adtes Ergeb\u00adnis zu erzie\u00adlen \u2014 mit ein\u00ader Garten\u00adschere, einem Ham\u00admer und ein\u00ader Anleitung k\u00f6n\u00adnen Sie es leicht selb\u00adst tun. Die hohe Halt\u00adbarkeit des Mate\u00adri\u00adals gew\u00e4hrleis\u00adtet, dass die Ein\u00adfas\u00adsung min\u00addestens 10 Jahre lang h\u00e4lt, ohne ihre Eigen\u00adschaften zu ver\u00adlieren. Au\u00dfer\u00addem wer\u00adden sie aus 100% aus recycel\u00adten Mate\u00adri\u00adalien hergestellt und sind somit umwelt\u00adfre\u00adundlich, was in der heuti\u00adgen Zeit ein wichtiger Aspekt ist. Die Baus\u00e4tze von Samm\u00adler sind die ide\u00adale L\u00f6sung sowohl f\u00fcr pri\u00advate G\u00e4rten als auch f\u00fcr \u00f6ffentliche R\u00e4ume, die dauer\u00adhafte, \u00e4sthetis\u00adche und leicht zu instal\u00adlierende L\u00f6sun\u00adgen erfordern. Entschei\u00adden Sie sich f\u00fcr Moder\u00adnit\u00e4t und \u00d6kolo\u00adgie, indem Sie unsere Gartene\u00adin\u00adfas\u00adsun\u00adgen w\u00e4hlen.<\/p>","protected":false},"excerpt":{"rendered":"<p>Samm\u00adler<\/p>","protected":false},"featured_media":396,"template":"","meta":{"_acf_changed":false,"wp_typography_post_enhancements_disabled":false},"product_brand":[],"product_cat":[43],"product_tag":[35],"class_list":{"0":"post-212","1":"product","2":"type-product","3":"status-publish","4":"has-post-thumbnail","6":"product_cat-zestawy","7":"product_tag-obrzeza-ogrodowe","9":"first","10":"instock","11":"taxable","12":"shipping-taxable","13":"purchasable","14":"product-type-variable","15":"has-default-attributes"},"acf":[],"_links":{"self":[{"href":"https:\/\/sammler.com.pl\/de\/wp-json\/wp\/v2\/product\/212","targetHints":{"allow":["GET"]}}],"collection":[{"href":"https:\/\/sammler.com.pl\/de\/wp-json\/wp\/v2\/product"}],"about":[{"href":"https:\/\/sammler.com.pl\/de\/wp-json\/wp\/v2\/types\/product"}],"wp:featuredmedia":[{"embeddable":true,"href":"https:\/\/sammler.com.pl\/de\/wp-json\/wp\/v2\/media\/396"}],"wp:attachment":[{"href":"https:\/\/sammler.com.pl\/de\/wp-json\/wp\/v2\/media?parent=212"}],"wp:term":[{"taxonomy":"product_brand","embeddable":true,"href":"https:\/\/sammler.com.pl\/de\/wp-json\/wp\/v2\/product_brand?post=212"},{"taxonomy":"product_cat","embeddable":true,"href":"https:\/\/sammler.com.pl\/de\/wp-json\/wp\/v2\/product_cat?post=212"},{"taxonomy":"product_tag","embeddable":true,"href":"https:\/\/sammler.com.pl\/de\/wp-json\/wp\/v2\/product_tag?post=212"}],"curies":[{"name":"wp","href":"https:\/\/api.w.org\/{rel}","templated":true}]}}