{"id":1500,"date":"2024-08-21T00:33:35","date_gmt":"2024-08-20T22:33:35","guid":{"rendered":"https:\/\/sammler.com.pl\/?post_type=product&#038;p=1500"},"modified":"2026-01-27T14:14:50","modified_gmt":"2026-01-27T13:14:50","slug":"agrowloknina-80g-m%c2%b2-brazowa-32-m-z-uv","status":"publish","type":"product","link":"https:\/\/sammler.com.pl\/de\/produkt\/agroblock-80g-m\u00b2-braun-32-m-mit-uv\/","title":{"rendered":"Agro\u00adtex\u00adtil 80g\/m\u00b2 braun 3,2 m mit UV"},"content":{"rendered":"<h2 style=\"font-size: 1em; margin: 10px auto;\">Vorteile der Verwendung von braunem Agro-Vlies zum Mulchen<\/h2>\n<p>Agro\u00adtex\u00adtile 80g\/m\u00b2 braun 3,2 m mit UV ist die ide\u00adale Mulchl\u00f6\u00adsung, die von unser\u00ader Fir\u00adma Samm\u00adler ange\u00adboten wird. Mit diesem Pro\u00addukt k\u00f6n\u00adnen Sie den Boden effek\u00adtiv vor uner\u00adw\u00fcn\u00adscht\u00aden Unkr\u00e4utern sch\u00fctzen und so den Zeit- und Arbeit\u00adsaufwand f\u00fcr deren Besei\u00adt\u00adi\u00adgung reduzieren. Das Agro\u00adtex\u00adtil h\u00e4lt den Boden auf einem opti\u00admalen Feuchtigkeit\u00adsniveau, das f\u00fcr das gesunde Wach\u00ads\u00adtum Ihrer Pflanzen entschei\u00addend ist. Au\u00dfer\u00addem unter\u00adst\u00fctzt es das Wurzel\u00adsys\u00adtem der Pflanzen, st\u00e4rkt es und erm\u00f6glicht eine tief\u00adere Ver\u00adwurzelung, was wiederum die Entwick\u00adlung der Pflanzen f\u00f6rdert. Ein weit\u00ader\u00ader Vorteil ist, dass es die \u00c4sthetik Ihres Gartens verbessert \u2014 das Agro\u00adtex\u00adtil ver\u00adlei\u00adht ihm ein ordentlich\u00ades, aufger\u00e4umtes Ausse\u00adhen, das jed\u00ader Naturlieb\u00adhaber zu sch\u00e4tzen wei\u00df. Das Pro\u00addukt ist wass\u00ader- und luft\u00addurch\u00adl\u00e4s\u00adsig, was f\u00fcr ein gesun\u00addes Wurzelum\u00adfeld wichtig ist. Dar\u00fcber hin\u00adaus zeich\u00adnet sich das braune 80g\/m\u00b2-Agro\u00adtex\u00adtil 3,2 m mit UV durch seine hohe Stra\u00adpazier\u00adf\u00e4higkeit und UV-Best\u00e4ndigkeit aus, so dass es lange Zeit hal\u00adten wird. Nutzen Sie unser Ange\u00adbot und entschei\u00adden Sie sich f\u00fcr 80g\/m\u00b2 braunes Agro\u00adtex\u00adtil 3,2 m mit UV, um einen sch\u00f6\u00adnen und gepflegten Garten zu genie\u00dfen.<\/p>","protected":false},"excerpt":{"rendered":"<p>Zalety stosowania agrow\u0142\u00f3kniny br\u0105zowej do \u015bci\u00f3\u0142kowania Agrow\u0142\u00f3knina 80g\/m\u00b2 br\u0105zowa 3,2 m z UV to idealne rozwi\u0105zanie do \u015bci\u00f3\u0142kowania, oferowane przez nasz\u0105 firm\u0119 Sammler. Dzi\u0119ki zastosowaniu tego produktu mo\u017cesz skutecznie chroni\u0107 gleb\u0119 przed niechcianymi chwastami, co pozwala na zmniejszenie czasu i wysi\u0142ku po\u015bwi\u0119canego na ich usuwanie. Agrow\u0142\u00f3knina utrzymuje optymalny poziom wilgotno\u015bci gleby, co ma kluczowe znaczenie [&hellip;]<\/p>\n","protected":false},"featured_media":1691,"template":"","meta":{"_acf_changed":false,"wp_typography_post_enhancements_disabled":false},"product_brand":[],"product_cat":[57,68,70,67,69],"product_tag":[],"class_list":{"0":"post-1500","1":"product","2":"type-product","3":"status-publish","4":"has-post-thumbnail","6":"product_cat-agrowloknina","7":"product_cat-agrowloknina-pod-kamienie","8":"product_cat-agrowloknina-pod-rosliny","9":"product_cat-agrowloknina-przeciw-chwastom","10":"product_cat-agrowloknina-sciolkujaca","11":"pa_gramatura-agrowloknina-p-80","13":"first","14":"instock","15":"taxable","16":"shipping-taxable","17":"purchasable","18":"product-type-variable","19":"has-default-attributes"},"acf":[],"_links":{"self":[{"href":"https:\/\/sammler.com.pl\/de\/wp-json\/wp\/v2\/product\/1500","targetHints":{"allow":["GET"]}}],"collection":[{"href":"https:\/\/sammler.com.pl\/de\/wp-json\/wp\/v2\/product"}],"about":[{"href":"https:\/\/sammler.com.pl\/de\/wp-json\/wp\/v2\/types\/product"}],"wp:featuredmedia":[{"embeddable":true,"href":"https:\/\/sammler.com.pl\/de\/wp-json\/wp\/v2\/media\/1691"}],"wp:attachment":[{"href":"https:\/\/sammler.com.pl\/de\/wp-json\/wp\/v2\/media?parent=1500"}],"wp:term":[{"taxonomy":"product_brand","embeddable":true,"href":"https:\/\/sammler.com.pl\/de\/wp-json\/wp\/v2\/product_brand?post=1500"},{"taxonomy":"product_cat","embeddable":true,"href":"https:\/\/sammler.com.pl\/de\/wp-json\/wp\/v2\/product_cat?post=1500"},{"taxonomy":"product_tag","embeddable":true,"href":"https:\/\/sammler.com.pl\/de\/wp-json\/wp\/v2\/product_tag?post=1500"}],"curies":[{"name":"wp","href":"https:\/\/api.w.org\/{rel}","templated":true}]}}