{"id":1497,"date":"2024-08-21T00:29:57","date_gmt":"2024-08-20T22:29:57","guid":{"rendered":"https:\/\/sammler.com.pl\/?post_type=product&#038;p=1497"},"modified":"2025-03-03T09:18:37","modified_gmt":"2025-03-03T08:18:37","slug":"agrowloknina-80g-m%c2%b2-brazowa-21-m-z-uv-kopia","status":"publish","type":"product","link":"https:\/\/sammler.com.pl\/de\/produkt\/agroblock-80g-m\u00b2-braun-21-m-mit-uv-kopie\/","title":{"rendered":"Agro\u00adtex\u00adtil 80g\/m\u00b2 braun 2,1 m mit UV"},"content":{"rendered":"<h2 style=\"font-size: 1em; margin: 10px auto;\">Langfristiger Schutz und \u00c4sthetik des Gartens<\/h2>\n<p>Das in unserem Sor\u00adti\u00adment erh\u00e4ltliche braune 80g\/m\u00b2 Agro\u00adtex\u00adtil 2,1 m mit UV ist eine zuver\u00adl\u00e4s\u00adsige M\u00f6glichkeit, den Boden langfristig vor uner\u00adw\u00fcn\u00adschtem Unkraut zu sch\u00fctzen und gle\u00adichzeit\u00adig die \u00c4sthetik Ihres Gartens deut\u00adlich zu verbessern. Dank sein\u00ader hohen UV-Best\u00e4ndigkeit beh\u00e4lt unser Pro\u00addukt seine Eigen\u00adschaften \u00fcber viele Jahreszeit\u00aden hin\u00adweg bei und garantiert so die max\u00adi\u00admale Nutzung seines Poten\u00adzials. Die dunkel\u00adbraune Farbe des Agro-Gewebes f\u00fcgt sich per\u00adfekt in die nat\u00fcr\u00adliche Umge\u00adbung ein und ver\u00adlei\u00adht Ihrem Garten ein gepflegtes und pro\u00adfes\u00adsionelles Ausse\u00adhen. Die Ver\u00adwen\u00addung von 80 g\/m\u00b2 braunem Agro\u00adtex\u00adtil 2,1 m mit UV-Anteil erm\u00f6glicht nicht nur die Aufrechter\u00adhal\u00adtung ein\u00ader opti\u00admalen Boden\u00adfeuchtigkeit, son\u00addern st\u00e4rkt auch das Wurzel\u00adsys\u00adtem Ihrer Pflanzen und f\u00f6rdert deren gesunde Entwick\u00adlung. Dieses Pro\u00addukt ver\u00adf\u00fcgt \u00fcber eine durch\u00adl\u00e4s\u00adsige Struk\u00adtur, durch die Wass\u00ader und Luft unge\u00adhin\u00addert zu den Wurzeln flie\u00dfen k\u00f6n\u00adnen, was f\u00fcr ein gesun\u00addes Pflanzen\u00adm\u00adi\u00adlieu entschei\u00addend ist. Wenn Sie sich f\u00fcr Agro\u00adtex\u00adtilien von Samm\u00adler entschei\u00adden, investieren Sie in die Lan\u00adglebigkeit, Funk\u00adtion\u00adal\u00adit\u00e4t und \u00c4sthetik Ihres Gartens und machen ihn zu einem Ort des Stolzes und der Entspan\u00adnung. Nutzen Sie unser Ange\u00adbot und erfreuen Sie sich f\u00fcr lange Zeit an einem sch\u00f6\u00adnen und gepflegten Garten.<\/p>","protected":false},"excerpt":{"rendered":"<p>D\u0142ugotrwa\u0142a ochrona i estetyka ogrodu Agrow\u0142\u00f3knina 80g\/m\u00b2 br\u0105zowa 2,1 m z UV dost\u0119pna w naszej ofercie to niezawodny spos\u00f3b na d\u0142ugotrwa\u0142\u0105 ochron\u0119 gleby przed niechcianymi chwastami, jednocze\u015bnie znacz\u0105co poprawiaj\u0105cy estetyk\u0119 ogrodu. Dzi\u0119ki wysokiej odporno\u015bci na promieniowanie UV, nasz produkt zachowuje swoje w\u0142a\u015bciwo\u015bci przez wiele sezon\u00f3w, co gwarantuje maksymalne wykorzystanie jego potencja\u0142u. Ciemnobr\u0105zowy kolor agrow\u0142\u00f3kniny idealnie [&hellip;]<\/p>\n","protected":false},"featured_media":1691,"template":"","meta":{"_acf_changed":false,"wp_typography_post_enhancements_disabled":false},"product_brand":[],"product_cat":[57,68,70,67,69],"product_tag":[],"class_list":{"0":"post-1497","1":"product","2":"type-product","3":"status-publish","4":"has-post-thumbnail","6":"product_cat-agrowloknina","7":"product_cat-agrowloknina-pod-kamienie","8":"product_cat-agrowloknina-pod-rosliny","9":"product_cat-agrowloknina-przeciw-chwastom","10":"product_cat-agrowloknina-sciolkujaca","11":"pa_gramatura-agrowloknina-p-80","13":"first","14":"outofstock","15":"taxable","16":"shipping-taxable","17":"purchasable","18":"product-type-variable","19":"has-default-attributes"},"acf":[],"_links":{"self":[{"href":"https:\/\/sammler.com.pl\/de\/wp-json\/wp\/v2\/product\/1497","targetHints":{"allow":["GET"]}}],"collection":[{"href":"https:\/\/sammler.com.pl\/de\/wp-json\/wp\/v2\/product"}],"about":[{"href":"https:\/\/sammler.com.pl\/de\/wp-json\/wp\/v2\/types\/product"}],"wp:featuredmedia":[{"embeddable":true,"href":"https:\/\/sammler.com.pl\/de\/wp-json\/wp\/v2\/media\/1691"}],"wp:attachment":[{"href":"https:\/\/sammler.com.pl\/de\/wp-json\/wp\/v2\/media?parent=1497"}],"wp:term":[{"taxonomy":"product_brand","embeddable":true,"href":"https:\/\/sammler.com.pl\/de\/wp-json\/wp\/v2\/product_brand?post=1497"},{"taxonomy":"product_cat","embeddable":true,"href":"https:\/\/sammler.com.pl\/de\/wp-json\/wp\/v2\/product_cat?post=1497"},{"taxonomy":"product_tag","embeddable":true,"href":"https:\/\/sammler.com.pl\/de\/wp-json\/wp\/v2\/product_tag?post=1497"}],"curies":[{"name":"wp","href":"https:\/\/api.w.org\/{rel}","templated":true}]}}