{"id":1494,"date":"2024-08-21T00:11:29","date_gmt":"2024-08-20T22:11:29","guid":{"rendered":"https:\/\/sammler.com.pl\/?post_type=product&#038;p=1494"},"modified":"2026-02-16T17:08:15","modified_gmt":"2026-02-16T16:08:15","slug":"agrowloknina-80g-m%c2%b2-brazowa-16-m-z-uv","status":"publish","type":"product","link":"https:\/\/sammler.com.pl\/de\/produkt\/agroblock-80g-m\u00b2-braun-16-m-mit-uv\/","title":{"rendered":"Agro\u00adtex\u00adtil 80g\/m\u00b2 braun 1,6 m mit UV"},"content":{"rendered":"<h2 style=\"font-size: 1em; margin: 10px auto;\">Vorteile des 80g\/m\u00b2 braunen Agrotextilgewebes mit 1,6 m Breite mit UV<\/h2>\n<p>Agro\u00adtex\u00adtile 80g\/m\u00b2 braun 1,6m mit UV von Samm\u00adler RecBord ist eine ide\u00adale Mulchl\u00f6\u00adsung, die eine Rei\u00adhe von Vorteilen f\u00fcr Ihren Garten garantiert. Dank sein\u00ader robusten Struk\u00adtur bietet das Pro\u00addukt einen wirk\u00adsamen Schutz gegen Unkraut, wodurch der Ein\u00adsatz von Her\u00adbiziden \u00fcber\u00adfl\u00fcs\u00adsig wird und der Boden sich auf nat\u00fcr\u00adliche Weise selb\u00adst pfle\u00adgen kann. Das Mate\u00adr\u00adi\u00adal ist ein her\u00advor\u00adra\u00adgen\u00adder Feuchtigkeitsspe\u00adich\u00ader, der die Pflanzen \u00fcber einen l\u00e4n\u00adgeren Zeitraum aus\u00adre\u00adichend mit Feuchtigkeit ver\u00adsorgt, was beson\u00adders in hei\u00dfen und trock\u00ade\u00adnen Peri\u00ado\u00adden von unsch\u00e4tzbarem Wert ist. Indem es die Boden\u00adfeuchtigkeit opti\u00admal sichert, unter\u00adst\u00fctzt das braune 80g\/m\u00b2 Agro\u00adtex\u00adtil 1,6 m mit UV auch das gesunde Wach\u00ads\u00adtum der Pflanzen und die Entwick\u00adlung ihres Wurzel\u00adsys\u00adtems. Dar\u00fcber hin\u00adaus erm\u00f6glicht seine durch\u00adl\u00e4s\u00adsige Struk\u00adtur eine Luftzirku\u00adla\u00adtion, die ein gesun\u00addes Wurzelum\u00adfeld f\u00f6rdert. Dank seines UV-Schutzes ist das Mate\u00adr\u00adi\u00adal lan\u00adglebig und wider\u00adstands\u00adf\u00e4hig gegen sch\u00e4dliche Wit\u00adterung\u00adse\u00adin\u00adfl\u00fcsse, was eine lang anhal\u00adtende und effek\u00adtive Leis\u00adtung gew\u00e4hrleis\u00adtet. Wenn Sie sich f\u00fcr 80g\/m\u00b2 braunes Agro\u00adtex\u00adtil 1,6m mit UV-Schutz entschei\u00adden, k\u00f6n\u00adnen Sie sich\u00ader sein, dass Ihr Garten \u00e4sthetisch ansprechend aussieht und die ganze Sai\u00adson \u00fcber gepflegt wird. Prof\u00adi\u00adtieren Sie von unserem Ange\u00adbot und genie\u00dfen Sie einen sch\u00f6\u00adnen und gesun\u00adden Garten ohne uner\u00adw\u00fcn\u00adscht\u00ades Unkraut.<\/p>","protected":false},"excerpt":{"rendered":"<p>Zalety agrow\u0142\u00f3kniny 80g\/m\u00b2 br\u0105zowej o szeroko\u015bci 1,6 m z UV Agrow\u0142\u00f3knina 80g\/m\u00b2 br\u0105zowa 1,6 m z UV od firmy Sammler RecBord to idealne rozwi\u0105zanie do \u015bci\u00f3\u0142kowania, kt\u00f3re gwarantuje szereg korzy\u015bci dla Twojego ogrodu. Dzi\u0119ki swojej solidnej strukturze produkt zapewnia skuteczn\u0105 ochron\u0119 przed chwastami, eliminuj\u0105c potrzeb\u0119 stosowania herbicyd\u00f3w i pozwalaj\u0105c na naturalne utrzymanie gleby. Materia\u0142 ten [&hellip;]<\/p>\n","protected":false},"featured_media":1691,"template":"","meta":{"_acf_changed":false,"wp_typography_post_enhancements_disabled":false},"product_brand":[],"product_cat":[57,68,70,67,69],"product_tag":[],"class_list":{"0":"post-1494","1":"product","2":"type-product","3":"status-publish","4":"has-post-thumbnail","6":"product_cat-agrowloknina","7":"product_cat-agrowloknina-pod-kamienie","8":"product_cat-agrowloknina-pod-rosliny","9":"product_cat-agrowloknina-przeciw-chwastom","10":"product_cat-agrowloknina-sciolkujaca","11":"pa_gramatura-agrowloknina-p-80","13":"first","14":"instock","15":"taxable","16":"shipping-taxable","17":"purchasable","18":"product-type-variable","19":"has-default-attributes"},"acf":[],"_links":{"self":[{"href":"https:\/\/sammler.com.pl\/de\/wp-json\/wp\/v2\/product\/1494","targetHints":{"allow":["GET"]}}],"collection":[{"href":"https:\/\/sammler.com.pl\/de\/wp-json\/wp\/v2\/product"}],"about":[{"href":"https:\/\/sammler.com.pl\/de\/wp-json\/wp\/v2\/types\/product"}],"wp:featuredmedia":[{"embeddable":true,"href":"https:\/\/sammler.com.pl\/de\/wp-json\/wp\/v2\/media\/1691"}],"wp:attachment":[{"href":"https:\/\/sammler.com.pl\/de\/wp-json\/wp\/v2\/media?parent=1494"}],"wp:term":[{"taxonomy":"product_brand","embeddable":true,"href":"https:\/\/sammler.com.pl\/de\/wp-json\/wp\/v2\/product_brand?post=1494"},{"taxonomy":"product_cat","embeddable":true,"href":"https:\/\/sammler.com.pl\/de\/wp-json\/wp\/v2\/product_cat?post=1494"},{"taxonomy":"product_tag","embeddable":true,"href":"https:\/\/sammler.com.pl\/de\/wp-json\/wp\/v2\/product_tag?post=1494"}],"curies":[{"name":"wp","href":"https:\/\/api.w.org\/{rel}","templated":true}]}}