{"id":1491,"date":"2024-08-21T00:07:58","date_gmt":"2024-08-20T22:07:58","guid":{"rendered":"https:\/\/sammler.com.pl\/?post_type=product&#038;p=1491"},"modified":"2026-02-23T18:41:37","modified_gmt":"2026-02-23T17:41:37","slug":"agrowloknina-80g-m%c2%b2-brazowa-11-m-z-uv","status":"publish","type":"product","link":"https:\/\/sammler.com.pl\/de\/produkt\/agroblock-80g-m\u00b2-braun-11m-mit-uv\/","title":{"rendered":"Agro\u00adtex\u00adtil 80g\/m\u00b2 braun 1,1 m mit UV"},"content":{"rendered":"<h2 style=\"font-size: 1em; margin: 10px auto;\">Vorteile des 80g\/m\u00b2 braunen Agrotextils mit UV<\/h2>\n<p>Das braune 1,1 m UV-Agro\u00adtex\u00adtil mit 80 g\/m\u00b2 bietet einzi\u00adgar\u00adtige Vorteile und Eigen\u00adschaften, die es zu ein\u00ader ide\u00adalen Wahl f\u00fcr Profi- und Hob\u00adbyg\u00e4rt\u00adner machen. Dank der hohen Gram\u00admatur von 80 g\/m\u00b2 zeich\u00adnet sich das Pro\u00addukt durch eine her\u00advor\u00adra\u00adgende Halt\u00adbarkeit aus und bietet \u00fcber viele Jahre hin\u00adweg einen wirk\u00adsamen Schutz des Bodens vor Unkrautwuchs. Au\u00dfer\u00addem sorgt die UV-Best\u00e4ndigkeit daf\u00fcr, dass sich das braune 1,1m-Agrotextil 80g\/m\u00b2 mit UV bei Sonnene\u00adin\u00adstrahlung nicht schnell zer\u00adset\u00adzt, was seine Lebens\u00addauer deut\u00adlich ver\u00adl\u00e4ngert. Dieses Pro\u00addukt eignet sich her\u00advor\u00adra\u00adgend zur Aufrechter\u00adhal\u00adtung ein\u00ader opti\u00admalen Boden\u00adfeuchtigkeit, was zur St\u00e4rkung des Wurzel\u00adsys\u00adtems der Pflanzen und ein\u00ader besseren Entwick\u00adlung beitr\u00e4gt. Die Struk\u00adtur des Agro\u00adtex\u00adtils ist wass\u00ader- und luft\u00addurch\u00adl\u00e4s\u00adsig, was f\u00fcr die Schaf\u00adfung eines gesun\u00adden Wurzelum\u00adfelds entschei\u00addend ist. Dar\u00fcber hin\u00adaus verbessert das braune Agro\u00adtex\u00adtil die \u00c4sthetik des Gartens und l\u00e4sst ihn ordentlich und aufger\u00e4umt ausse\u00adhen. Nutzen Sie das Ange\u00adbot von Samm\u00adler RecBord und w\u00e4hlen Sie 80g\/m\u00b2 braunes Agro\u00adtex\u00adtil 1,1m mit UV, um einen \u00fcppi\u00adgen, gesun\u00adden und unkraut\u00adfreien Garten zu haben!<\/p>","protected":false},"excerpt":{"rendered":"<p>Zalety agrow\u0142\u00f3kniny br\u0105zowej 80g\/m\u00b2 z UV Agrow\u0142\u00f3knina 80g\/m\u00b2 br\u0105zowa 1,1 m z UV zapewnia wyj\u0105tkowe korzy\u015bci i w\u0142a\u015bciwo\u015bci, kt\u00f3re czyni\u0105 j\u0105 idealnym wyborem zar\u00f3wno dla profesjonalist\u00f3w, jak i amator\u00f3w ogrodnictwa. Dzi\u0119ki wysokiej gramaturze wynosz\u0105cej 80g\/m\u00b2 produkt wyr\u00f3\u017cnia si\u0119 niezwyk\u0142\u0105 trwa\u0142o\u015bci\u0105, zapewniaj\u0105c skuteczn\u0105 ochron\u0119 gleby przed wyrastaniem chwast\u00f3w przez d\u0142ugie lata. Dodatkowo odporno\u015b\u0107 na promieniowanie UV [&hellip;]<\/p>\n","protected":false},"featured_media":1691,"template":"","meta":{"_acf_changed":false,"wp_typography_post_enhancements_disabled":false},"product_brand":[],"product_cat":[57,68,70,67,69],"product_tag":[],"class_list":{"0":"post-1491","1":"product","2":"type-product","3":"status-publish","4":"has-post-thumbnail","6":"product_cat-agrowloknina","7":"product_cat-agrowloknina-pod-kamienie","8":"product_cat-agrowloknina-pod-rosliny","9":"product_cat-agrowloknina-przeciw-chwastom","10":"product_cat-agrowloknina-sciolkujaca","11":"pa_gramatura-agrowloknina-p-80","13":"first","14":"instock","15":"taxable","16":"shipping-taxable","17":"purchasable","18":"product-type-variable","19":"has-default-attributes"},"acf":[],"_links":{"self":[{"href":"https:\/\/sammler.com.pl\/de\/wp-json\/wp\/v2\/product\/1491","targetHints":{"allow":["GET"]}}],"collection":[{"href":"https:\/\/sammler.com.pl\/de\/wp-json\/wp\/v2\/product"}],"about":[{"href":"https:\/\/sammler.com.pl\/de\/wp-json\/wp\/v2\/types\/product"}],"wp:featuredmedia":[{"embeddable":true,"href":"https:\/\/sammler.com.pl\/de\/wp-json\/wp\/v2\/media\/1691"}],"wp:attachment":[{"href":"https:\/\/sammler.com.pl\/de\/wp-json\/wp\/v2\/media?parent=1491"}],"wp:term":[{"taxonomy":"product_brand","embeddable":true,"href":"https:\/\/sammler.com.pl\/de\/wp-json\/wp\/v2\/product_brand?post=1491"},{"taxonomy":"product_cat","embeddable":true,"href":"https:\/\/sammler.com.pl\/de\/wp-json\/wp\/v2\/product_cat?post=1491"},{"taxonomy":"product_tag","embeddable":true,"href":"https:\/\/sammler.com.pl\/de\/wp-json\/wp\/v2\/product_tag?post=1491"}],"curies":[{"name":"wp","href":"https:\/\/api.w.org\/{rel}","templated":true}]}}