{"id":1488,"date":"2024-08-21T00:03:58","date_gmt":"2024-08-20T22:03:58","guid":{"rendered":"https:\/\/sammler.com.pl\/?post_type=product&#038;p=1488"},"modified":"2026-01-27T15:05:49","modified_gmt":"2026-01-27T14:05:49","slug":"agrowloknina-80g-m%c2%b2-czarna-32-m-z-uv-kopia","status":"publish","type":"product","link":"https:\/\/sammler.com.pl\/de\/produkt\/80g-agroblock-m\u00b2-schwarz-32m-mit-uv-kopie\/","title":{"rendered":"Agro\u00adtex\u00adtil 80g\/m\u00b2 schwarz 3,2 m mit UV"},"content":{"rendered":"<h2 style=\"font-size: 1em; margin: 10px auto;\">Vorteile des schwarzen Agrotextil-Mulchgewebes<\/h2>\n<p>Agro\u00adtex\u00adtile 80g\/m\u00b2 schwarz 3,2 m mit UV ist die ide\u00adale Mulchl\u00f6\u00adsung, die zahlre\u00adiche Vorteile bietet. Dank sein\u00ader Struk\u00adtur sch\u00fctzt das Agro\u00adtex\u00adtil den Boden wirk\u00adsam vor Unkraut und macht eine chemis\u00adche Behand\u00adlung zur Bek\u00e4mp\u00adfung uner\u00adw\u00fcn\u00adschter Pflanzen \u00fcber\u00adfl\u00fcs\u00adsig. Das Mate\u00adr\u00adi\u00adal ist wass\u00ader- und luft\u00addurch\u00adl\u00e4s\u00adsig, wodurch die opti\u00admale Boden\u00adfeuchtigkeit aufrechter\u00adhal\u00adten wird und die Pflanzen ide\u00adale Wach\u00ads\u00adtums\u00adbe\u00addin\u00adgun\u00adgen vorfind\u00aden. Diese Eigen\u00adschaften f\u00f6rdern die Entwick\u00adlung der Pflanzen, st\u00e4rken ihr Wurzel\u00adsys\u00adtem und beschle\u00adu\u00adni\u00adgen ihr Wach\u00ads\u00adtum. Dar\u00fcber hin\u00adaus ist das Agro\u00adtex\u00adtil mit ein\u00ader speziellen UV-Schutzschicht verse\u00adhen, die seine Halt\u00adbarkeit und Wider\u00adstands\u00adf\u00e4higkeit gegen\u00fcber Son\u00adnen\u00adlicht erh\u00f6ht. Dank sein\u00ader Funk\u00adtion\u00adal\u00adit\u00e4t und Halt\u00adbarkeit ist das schwarze 3,2 m lange Agro\u00adtex\u00adtil mit UV-Schutz von Samm\u00adler RecBord eine aus\u00adgeze\u00adich\u00adnete Wahl sowohl f\u00fcr pro\u00adfes\u00adsionelle G\u00e4rt\u00adner als auch f\u00fcr Hob\u00adbyg\u00e4rt\u00adner, die einen gepflegten und \u00e4sthetisch ansprechen\u00adden Garten schaf\u00adfen wollen. Nutzen Sie unser Ange\u00adbot und bieten Sie Ihren Pflanzen die best\u00adm\u00f6glichen Bedin\u00adgun\u00adgen f\u00fcr ein gesun\u00addes Wach\u00ads\u00adtum.<\/p>","protected":false},"excerpt":{"rendered":"<p>Zalety czarnej agrow\u0142\u00f3kniny do \u015bci\u00f3\u0142kowania Agrow\u0142\u00f3knina 80g\/m\u00b2 czarna 3,2 m z UV to idealne rozwi\u0105zanie do \u015bci\u00f3\u0142kowania, kt\u00f3re oferuje liczne korzy\u015bci. Dzi\u0119ki swojej strukturze agrow\u0142\u00f3knina skutecznie chroni gleb\u0119 przed chwastami, co eliminuje konieczno\u015b\u0107 stosowania chemicznych \u015brodk\u00f3w do walki z niepo\u017c\u0105danymi ro\u015blinami. Materia\u0142 ten przepuszcza wod\u0119 i powietrze, co utrzymuje optymaln\u0105 wilgotno\u015b\u0107 gleby, zapewniaj\u0105c ro\u015blinom idealne [&hellip;]<\/p>\n","protected":false},"featured_media":1050,"template":"","meta":{"_acf_changed":false,"wp_typography_post_enhancements_disabled":false},"product_brand":[],"product_cat":[57,68,70,67,69],"product_tag":[],"class_list":{"0":"post-1488","1":"product","2":"type-product","3":"status-publish","4":"has-post-thumbnail","6":"product_cat-agrowloknina","7":"product_cat-agrowloknina-pod-kamienie","8":"product_cat-agrowloknina-pod-rosliny","9":"product_cat-agrowloknina-przeciw-chwastom","10":"product_cat-agrowloknina-sciolkujaca","11":"pa_gramatura-agrowloknina-p-80","13":"first","14":"instock","15":"taxable","16":"shipping-taxable","17":"purchasable","18":"product-type-variable","19":"has-default-attributes"},"acf":[],"_links":{"self":[{"href":"https:\/\/sammler.com.pl\/de\/wp-json\/wp\/v2\/product\/1488","targetHints":{"allow":["GET"]}}],"collection":[{"href":"https:\/\/sammler.com.pl\/de\/wp-json\/wp\/v2\/product"}],"about":[{"href":"https:\/\/sammler.com.pl\/de\/wp-json\/wp\/v2\/types\/product"}],"wp:featuredmedia":[{"embeddable":true,"href":"https:\/\/sammler.com.pl\/de\/wp-json\/wp\/v2\/media\/1050"}],"wp:attachment":[{"href":"https:\/\/sammler.com.pl\/de\/wp-json\/wp\/v2\/media?parent=1488"}],"wp:term":[{"taxonomy":"product_brand","embeddable":true,"href":"https:\/\/sammler.com.pl\/de\/wp-json\/wp\/v2\/product_brand?post=1488"},{"taxonomy":"product_cat","embeddable":true,"href":"https:\/\/sammler.com.pl\/de\/wp-json\/wp\/v2\/product_cat?post=1488"},{"taxonomy":"product_tag","embeddable":true,"href":"https:\/\/sammler.com.pl\/de\/wp-json\/wp\/v2\/product_tag?post=1488"}],"curies":[{"name":"wp","href":"https:\/\/api.w.org\/{rel}","templated":true}]}}