{"id":1485,"date":"2024-08-21T00:01:18","date_gmt":"2024-08-20T22:01:18","guid":{"rendered":"https:\/\/sammler.com.pl\/?post_type=product&#038;p=1485"},"modified":"2026-02-23T18:43:41","modified_gmt":"2026-02-23T17:43:41","slug":"agrowloknina-80g-m%c2%b2-czarna-21-m-z-uv","status":"publish","type":"product","link":"https:\/\/sammler.com.pl\/de\/produkt\/80g-agroblock-m\u00b2-schwarz-21m-mit-uv\/","title":{"rendered":"Agro\u00adtex\u00adtil 80g\/m\u00b2 schwarz 2,1 m mit UV"},"content":{"rendered":"<h2 style=\"font-size: 1em; margin: 10px auto;\">Vorteile des schwarzen 80 g\/m\u00b2 Agrotextils<\/h2>\n<p>Wenn Sie sich f\u00fcr das schwarze 2,1 m UV-Agro\u00adtex\u00adtil 80g\/m\u00b2 von Samm\u00adler entschei\u00adden, erhal\u00adten Sie ein Pro\u00addukt, das Ihnen die Pflege Ihres Gartens erhe\u00adblich erle\u00adichtert. Der Hauptvorteil dieses Agro\u00adtex\u00adtil-Vlieses ist der Schutz vor Unkraut, wodurch Sie sich keine Gedanken \u00fcber m\u00fch\u00adsames J\u00e4ten machen m\u00fcssen. So k\u00f6n\u00adnen Ihre Pflanzen frei wach\u00adsen, ohne mit Unkraut um wertvolle N\u00e4hrstoffe zu konkur\u00adri\u00aderen. Ein weit\u00ader\u00ader Vorteil ist die opti\u00admale Boden\u00adfeuchtigkeit. Das Agro-Gewebe spe\u00adichert die Feuchtigkeit im Boden, so dass Sie Ihre Pflanzen deut\u00adlich sel\u00adtener gie\u00dfen m\u00fcssen. Dies ist sowohl f\u00fcr hei\u00dfe, trock\u00adene Tage als auch f\u00fcr Peri\u00ado\u00adden mit weniger Nieder\u00adschlag ide\u00adal. Die Struk\u00adtur des Vlieses l\u00e4sst Luft und Wass\u00ader frei flie\u00dfen, was sich pos\u00adi\u00adtiv auf die Entwick\u00adlung des Wurzel\u00adsys\u00adtems der Pflanzen auswirkt. Infolgedessen sind sie ges\u00fcn\u00adder, entwick\u00adeln sich bess\u00ader und haben eine \u00fcppigere Ernte. Das schwarze 2,1 m UV-Vlies 80g\/m\u00b2 von Samm\u00adler verbessert nicht nur den Zus\u00adtand Ihres Gartens, son\u00addern tr\u00e4gt auch zu seinem \u00e4sthetis\u00adchen Erschei\u00adn\u00adungs\u00adbild bei und h\u00e4lt Ihre Wohn\u00adr\u00e4ume in einem sch\u00f6\u00adnen Zus\u00adtand.<\/p>","protected":false},"excerpt":{"rendered":"<p>Zalety czarnej agrow\u0142\u00f3kniny o gramaturze 80 g\/m\u00b2 Wybieraj\u0105c agrow\u0142\u00f3knin\u0119 80g\/m\u00b2 czarn\u0105 2,1 m z UV od Sammler, zyskujesz produkt, kt\u00f3ry znacz\u0105co u\u0142atwia dbanie o Tw\u00f3j ogr\u00f3d. G\u0142\u00f3wn\u0105 zalet\u0105 tej agrow\u0142\u00f3kniny jest ochrona przed chwastami, co sprawia, \u017ce nie musisz martwi\u0107 si\u0119 o uci\u0105\u017cliwe odchwaszczanie. Dzi\u0119ki jej zastosowaniu Twoje ro\u015bliny mog\u0105 swobodnie rosn\u0105\u0107 bez rywalizacji o [&hellip;]<\/p>\n","protected":false},"featured_media":1050,"template":"","meta":{"_acf_changed":false,"wp_typography_post_enhancements_disabled":false},"product_brand":[],"product_cat":[57,68,70,67,69],"product_tag":[],"class_list":{"0":"post-1485","1":"product","2":"type-product","3":"status-publish","4":"has-post-thumbnail","6":"product_cat-agrowloknina","7":"product_cat-agrowloknina-pod-kamienie","8":"product_cat-agrowloknina-pod-rosliny","9":"product_cat-agrowloknina-przeciw-chwastom","10":"product_cat-agrowloknina-sciolkujaca","11":"pa_gramatura-agrowloknina-p-80","13":"first","14":"instock","15":"taxable","16":"shipping-taxable","17":"purchasable","18":"product-type-variable","19":"has-default-attributes"},"acf":[],"_links":{"self":[{"href":"https:\/\/sammler.com.pl\/de\/wp-json\/wp\/v2\/product\/1485","targetHints":{"allow":["GET"]}}],"collection":[{"href":"https:\/\/sammler.com.pl\/de\/wp-json\/wp\/v2\/product"}],"about":[{"href":"https:\/\/sammler.com.pl\/de\/wp-json\/wp\/v2\/types\/product"}],"wp:featuredmedia":[{"embeddable":true,"href":"https:\/\/sammler.com.pl\/de\/wp-json\/wp\/v2\/media\/1050"}],"wp:attachment":[{"href":"https:\/\/sammler.com.pl\/de\/wp-json\/wp\/v2\/media?parent=1485"}],"wp:term":[{"taxonomy":"product_brand","embeddable":true,"href":"https:\/\/sammler.com.pl\/de\/wp-json\/wp\/v2\/product_brand?post=1485"},{"taxonomy":"product_cat","embeddable":true,"href":"https:\/\/sammler.com.pl\/de\/wp-json\/wp\/v2\/product_cat?post=1485"},{"taxonomy":"product_tag","embeddable":true,"href":"https:\/\/sammler.com.pl\/de\/wp-json\/wp\/v2\/product_tag?post=1485"}],"curies":[{"name":"wp","href":"https:\/\/api.w.org\/{rel}","templated":true}]}}