{"id":1482,"date":"2024-08-20T23:57:55","date_gmt":"2024-08-20T21:57:55","guid":{"rendered":"https:\/\/sammler.com.pl\/?post_type=product&#038;p=1482"},"modified":"2026-02-16T17:09:19","modified_gmt":"2026-02-16T16:09:19","slug":"agrowloknina-80g-m%c2%b2-czarna-16-m-z-uv","status":"publish","type":"product","link":"https:\/\/sammler.com.pl\/de\/produkt\/80g-agroblock-m\u00b2-schwarz-16m-mit-uv\/","title":{"rendered":"Agro\u00adtex\u00adtil 80g\/m\u00b2 schwarz 1,6 m mit UV"},"content":{"rendered":"<h2 style=\"font-size: 1em; margin: 10px auto;\">Vorteile der Verwendung von 80g\/m\u00b2 schwarzem Agrotextil 1,6 m mit UV<\/h2>\n<p>Agrowo\u00adven 80g\/m\u00b2 schwarz 1,6 m mit UV ist die ide\u00adale L\u00f6sung f\u00fcr einen umfassenden Schutz Ihres Gartens. Wenn Sie dieses Agro\u00adtex\u00adtil beim Mulchen ver\u00adwen\u00adden, sch\u00fctzen Sie Ihre Pflanzen wirk\u00adsam vor uner\u00adw\u00fcn\u00adschtem Unkraut, so dass sie bess\u00ader wach\u00adsen und die N\u00e4hrstoffe voll\u00adst\u00e4ndig aus dem Boden ziehen k\u00f6n\u00adnen. Der Schutz vor Unkraut ist ein\u00ader der Hauptvorteile dieses Pro\u00adduk\u00adts. Das 80 g\/m\u00b2 schwere, schwarze 1,6 m lange Agro\u00adtex\u00adtil mit UV-Anteil ist so konzip\u00adiert, dass es die Boden\u00adfeuchtigkeit opti\u00admal aufrechter\u00adh\u00e4lt, was ein gesun\u00addes Pflanzenwach\u00ads\u00adtum f\u00f6rdert. Dank der speziellen Struk\u00adtur des Mate\u00adri\u00adals, die Wass\u00ader und Luft durch\u00adl\u00e4sst, haben die Wurzeln freien Zugang zu den Ele\u00admenten, die sie ben\u00f6ti\u00adgen, was zu einem st\u00e4rk\u00aderen Wurzel\u00adsys\u00adtem und ges\u00fcn\u00adderen Pflanzen f\u00fchrt. Dar\u00fcber hin\u00adaus verbessert die Ver\u00adwen\u00addung von Agro\u00adtex\u00adtilien die \u00c4sthetik des Gartens erhe\u00adblich und ver\u00adlei\u00adht ihm ein sauberes und ordentlich\u00ades Ausse\u00adhen. Dieses Pro\u00addukt ist UV-best\u00e4ndig, was seine Halt\u00adbarkeit \u00fcber viele Jahre gew\u00e4hrleis\u00adtet. Entschei\u00adden Sie sich f\u00fcr agro-tex\u00adtile 80g\/m\u00b2 schwarz 1,6 m mit UV und genie\u00dfen Sie die Vorteile des pro\u00adfes\u00adsionellen Mulchens.<\/p>","protected":false},"excerpt":{"rendered":"<p>Zalety stosowania agrow\u0142\u00f3kniny 80g\/m\u00b2 czarnej 1,6 m z UV Agrow\u0142\u00f3knina 80g\/m\u00b2 czarna 1,6 m z UV to idealne rozwi\u0105zanie, kt\u00f3re zapewnia kompleksow\u0105 ochron\u0119 Twojego ogrodu. Stosuj\u0105c t\u0119 agrow\u0142\u00f3knin\u0119 podczas \u015bci\u00f3\u0142kowania, skutecznie zabezpieczysz swoje ro\u015bliny przed niepo\u017c\u0105danymi chwastami, co pozwoli im lepiej rozwija\u0107 si\u0119 i czerpa\u0107 pe\u0142ni\u0119 sk\u0142adnik\u00f3w od\u017cywczych z gleby. Ochrona przed chwastami to jedna [&hellip;]<\/p>\n","protected":false},"featured_media":1050,"template":"","meta":{"_acf_changed":false,"wp_typography_post_enhancements_disabled":false},"product_brand":[],"product_cat":[57,68,70,67,69],"product_tag":[],"class_list":{"0":"post-1482","1":"product","2":"type-product","3":"status-publish","4":"has-post-thumbnail","6":"product_cat-agrowloknina","7":"product_cat-agrowloknina-pod-kamienie","8":"product_cat-agrowloknina-pod-rosliny","9":"product_cat-agrowloknina-przeciw-chwastom","10":"product_cat-agrowloknina-sciolkujaca","11":"pa_gramatura-agrowloknina-p-80","13":"first","14":"instock","15":"taxable","16":"shipping-taxable","17":"purchasable","18":"product-type-variable","19":"has-default-attributes"},"acf":[],"_links":{"self":[{"href":"https:\/\/sammler.com.pl\/de\/wp-json\/wp\/v2\/product\/1482","targetHints":{"allow":["GET"]}}],"collection":[{"href":"https:\/\/sammler.com.pl\/de\/wp-json\/wp\/v2\/product"}],"about":[{"href":"https:\/\/sammler.com.pl\/de\/wp-json\/wp\/v2\/types\/product"}],"wp:featuredmedia":[{"embeddable":true,"href":"https:\/\/sammler.com.pl\/de\/wp-json\/wp\/v2\/media\/1050"}],"wp:attachment":[{"href":"https:\/\/sammler.com.pl\/de\/wp-json\/wp\/v2\/media?parent=1482"}],"wp:term":[{"taxonomy":"product_brand","embeddable":true,"href":"https:\/\/sammler.com.pl\/de\/wp-json\/wp\/v2\/product_brand?post=1482"},{"taxonomy":"product_cat","embeddable":true,"href":"https:\/\/sammler.com.pl\/de\/wp-json\/wp\/v2\/product_cat?post=1482"},{"taxonomy":"product_tag","embeddable":true,"href":"https:\/\/sammler.com.pl\/de\/wp-json\/wp\/v2\/product_tag?post=1482"}],"curies":[{"name":"wp","href":"https:\/\/api.w.org\/{rel}","templated":true}]}}