{"id":1461,"date":"2024-08-07T15:41:38","date_gmt":"2024-08-07T13:41:38","guid":{"rendered":"https:\/\/sammler.com.pl\/?post_type=product&#038;p=1461"},"modified":"2026-01-27T15:10:24","modified_gmt":"2026-01-27T14:10:24","slug":"agrowloknina-50g-m%c2%b2-brazowa-32-m-z-uv","status":"publish","type":"product","link":"https:\/\/sammler.com.pl\/de\/produkt\/agroblock-50g-m\u00b2-braun-32-m-mit-uv\/","title":{"rendered":"Agro\u00adtex\u00adtil 50g\/m\u00b2 braun 3,2 m mit UV"},"content":{"rendered":"<h2 style=\"font-size: 1em; margin: 10px auto;\">Anwendung von Agro-Textil 50g\/m\u00b2 braun 3,2 m mit UV<\/h2>\n<p>Agro\u00adtex\u00adtile 50g\/m\u00b2 braun 3,2 m mit UV ist ein unverzicht\u00adbares Hil\u00adf\u00ads\u00admit\u00adtel im pro\u00adfes\u00adsionellen und Hob\u00adby-Garten\u00adbau, das eine bre\u00adite Palette von Anwen\u00addun\u00adgen find\u00adet. Dank sein\u00ader Eigen\u00adschaften ist es per\u00adfekt zum Mulchen und zum Schutz des Bodens vor uner\u00adw\u00fcn\u00adschtem Unkraut geeignet. Indem Sie den Boden sch\u00fctzen, schaf\u00adfen Sie mehr Platz f\u00fcr ein gesun\u00addes Wach\u00ads\u00adtum der Pflanzen und verbessern die \u00c4sthetik Ihres Gartens. Das 50 g\/m\u00b2 schwere braune 3,2 m lange Agro\u00adtex\u00adtil mit UV-Anteil h\u00e4lt die f\u00fcr ein gesun\u00addes Pflanzenwach\u00ads\u00adtum wichtige Boden\u00adfeuchtigkeit aufrecht. Seine Struk\u00adtur l\u00e4sst Wass\u00ader und Luft frei flie\u00dfen, was eine gute Durch\u00adwurzelung und ein dynamis\u00adches Pflanzenwach\u00ads\u00adtum f\u00f6rdert. Beim Schutz des Bodens geht es nicht nur um die Bek\u00e4mp\u00adfung von Unkraut, son\u00addern auch um die Schaf\u00adfung besser\u00ader Bedin\u00adgun\u00adgen f\u00fcr die Pflanzen, die dank des Agro\u00adtex\u00adtils bessere Wach\u00ads\u00adtums\u00adbe\u00addin\u00adgun\u00adgen vorfind\u00aden. W\u00e4hlen Sie unsere Pro\u00adduk\u00adte von Samm\u00adler RecBord und prof\u00adi\u00adtieren Sie von unserem Ange\u00adbot!<\/p>","protected":false},"excerpt":{"rendered":"<p>Zastosowanie agrow\u0142\u00f3kniny 50g\/m\u00b2 br\u0105zowej 3,2 m z UV Agrow\u0142\u00f3knina 50g\/m\u00b2 br\u0105zowa 3,2 m z UV to niezast\u0105pione narz\u0119dzie w profesjonalnym i amatorskim ogrodnictwie, kt\u00f3re znajdzie szerokie zastosowanie. Dzi\u0119ki swoim w\u0142a\u015bciwo\u015bciom jest doskona\u0142a do \u015bci\u00f3\u0142kowania i ochrony gleby przed niepo\u017c\u0105danymi chwastami. Chroni\u0105c gleb\u0119, sprawiasz, \u017ce ro\u015bliny maj\u0105 wi\u0119cej miejsca na zdrowy rozw\u00f3j oraz zwi\u0119kszasz estetyk\u0119 ogrodu. [&hellip;]<\/p>\n","protected":false},"featured_media":1691,"template":"","meta":{"_acf_changed":false,"wp_typography_post_enhancements_disabled":false},"product_brand":[],"product_cat":[57,68,70,67,69],"product_tag":[],"class_list":{"0":"post-1461","1":"product","2":"type-product","3":"status-publish","4":"has-post-thumbnail","6":"product_cat-agrowloknina","7":"product_cat-agrowloknina-pod-kamienie","8":"product_cat-agrowloknina-pod-rosliny","9":"product_cat-agrowloknina-przeciw-chwastom","10":"product_cat-agrowloknina-sciolkujaca","11":"pa_gramatura-agrowloknina-p-50","13":"first","14":"instock","15":"taxable","16":"shipping-taxable","17":"purchasable","18":"product-type-variable","19":"has-default-attributes"},"acf":[],"_links":{"self":[{"href":"https:\/\/sammler.com.pl\/de\/wp-json\/wp\/v2\/product\/1461","targetHints":{"allow":["GET"]}}],"collection":[{"href":"https:\/\/sammler.com.pl\/de\/wp-json\/wp\/v2\/product"}],"about":[{"href":"https:\/\/sammler.com.pl\/de\/wp-json\/wp\/v2\/types\/product"}],"wp:featuredmedia":[{"embeddable":true,"href":"https:\/\/sammler.com.pl\/de\/wp-json\/wp\/v2\/media\/1691"}],"wp:attachment":[{"href":"https:\/\/sammler.com.pl\/de\/wp-json\/wp\/v2\/media?parent=1461"}],"wp:term":[{"taxonomy":"product_brand","embeddable":true,"href":"https:\/\/sammler.com.pl\/de\/wp-json\/wp\/v2\/product_brand?post=1461"},{"taxonomy":"product_cat","embeddable":true,"href":"https:\/\/sammler.com.pl\/de\/wp-json\/wp\/v2\/product_cat?post=1461"},{"taxonomy":"product_tag","embeddable":true,"href":"https:\/\/sammler.com.pl\/de\/wp-json\/wp\/v2\/product_tag?post=1461"}],"curies":[{"name":"wp","href":"https:\/\/api.w.org\/{rel}","templated":true}]}}