{"id":1457,"date":"2024-08-07T15:38:35","date_gmt":"2024-08-07T13:38:35","guid":{"rendered":"https:\/\/sammler.com.pl\/?post_type=product&#038;p=1457"},"modified":"2026-01-27T15:11:39","modified_gmt":"2026-01-27T14:11:39","slug":"agrowloknina-50g-m%c2%b2-brazowa-16-m-z-uv","status":"publish","type":"product","link":"https:\/\/sammler.com.pl\/de\/produkt\/agroblock-50g-m\u00b2-braun-16-m-mit-uv\/","title":{"rendered":"Agro\u00adtex\u00adtil 50g\/m\u00b2 braun 1,6 m mit UV"},"content":{"rendered":"<h2 style=\"font-size: 1em; margin: 10px auto;\">Vorteile der Verwendung von agro-textile 50g\/m\u00b2 braun 1,6 m mit UV<\/h2>\n<p>Agro\u00adtex\u00adtile 50g\/m\u00b2 braun 1,6 m mit UV bietet Ihnen unsch\u00e4tzbare Vorteile bei der Pflege Ihres Gartens. Erstens bietet eine wirk\u00adsame Mulchdecke einen effek\u00adtiv\u00aden Schutz gegen Unkraut, indem sie den Zugang zum Licht ver\u00adhin\u00addert und das Wach\u00ads\u00adtum der Pflanzen ein\u00adschr\u00e4nkt, damit sie sich gesund entwick\u00adeln k\u00f6n\u00adnen. Ein weit\u00ader\u00ader Vorteil ist die Aufrechter\u00adhal\u00adtung ein\u00ader opti\u00admalen Boden\u00adfeuchtigkeit, was in Trock\u00aden\u00adpe\u00adri\u00ado\u00adden \u00e4u\u00dferst wichtig ist. Das Agro\u00adtex\u00adtil\u00adgewebe ist wasser\u00addurch\u00adl\u00e4s\u00adsig, so dass der Boden und die Pflanzen\u00adwurzeln bew\u00e4ssert wer\u00adden k\u00f6n\u00adnen, w\u00e4hrend die Ver\u00addun\u00adstung reduziert wird. So wird sichergestellt, dass Ihre Pflanzen die richtige Menge an Wass\u00ader und N\u00e4hrstof\u00adfen erhal\u00adten. Das braune, 1,6 m lange UV-Agro\u00adtex\u00adtil (50 g\/m\u00b2) verbessert auch die \u00c4sthetik Ihres Gartens und ver\u00adlei\u00adht ihm ein gepflegtes Ausse\u00adhen. Seine braune Farbe f\u00fcgt sich per\u00adfekt in die nat\u00fcr\u00adliche Umge\u00adbung ein und sorgt daf\u00fcr, dass Ihr Garten das ganze Jahr \u00fcber har\u00admonisch und \u00e4sthetisch ansprechend aussieht. Nutzen Sie unser Ange\u00adbot und \u00fcberzeu\u00adgen Sie sich selb\u00adst von den Vorteilen, die Samm\u00adler RecBord agro-tex\u00adtile Ihnen bieten kann.<\/p>","protected":false},"excerpt":{"rendered":"<p>Zalety stosowania agrow\u0142\u00f3kniny 50g\/m\u00b2 br\u0105zowej 1,6 m z UV Agrow\u0142\u00f3knina 50g\/m\u00b2 br\u0105zowa 1,6 m z UV zapewni Ci nieocenione korzy\u015bci w piel\u0119gnacji ogrodu. Po pierwsze, efektywne \u015bci\u00f3\u0142kowanie z jej wykorzystaniem zapewnia skuteczn\u0105 ochron\u0119 przed chwastami, uniemo\u017cliwiaj\u0105c im dost\u0119p do \u015bwiat\u0142a i ograniczaj\u0105c ich wzrost, co pozwala Twoim ro\u015blinom na zdrowy rozw\u00f3j. Kolejnym atutem jest utrzymanie [&hellip;]<\/p>\n","protected":false},"featured_media":1691,"template":"","meta":{"_acf_changed":false,"wp_typography_post_enhancements_disabled":false},"product_brand":[],"product_cat":[57,68,70,67,69],"product_tag":[],"class_list":{"0":"post-1457","1":"product","2":"type-product","3":"status-publish","4":"has-post-thumbnail","6":"product_cat-agrowloknina","7":"product_cat-agrowloknina-pod-kamienie","8":"product_cat-agrowloknina-pod-rosliny","9":"product_cat-agrowloknina-przeciw-chwastom","10":"product_cat-agrowloknina-sciolkujaca","11":"pa_gramatura-agrowloknina-p-50","13":"first","14":"instock","15":"taxable","16":"shipping-taxable","17":"purchasable","18":"product-type-variable","19":"has-default-attributes"},"acf":[],"_links":{"self":[{"href":"https:\/\/sammler.com.pl\/de\/wp-json\/wp\/v2\/product\/1457","targetHints":{"allow":["GET"]}}],"collection":[{"href":"https:\/\/sammler.com.pl\/de\/wp-json\/wp\/v2\/product"}],"about":[{"href":"https:\/\/sammler.com.pl\/de\/wp-json\/wp\/v2\/types\/product"}],"wp:featuredmedia":[{"embeddable":true,"href":"https:\/\/sammler.com.pl\/de\/wp-json\/wp\/v2\/media\/1691"}],"wp:attachment":[{"href":"https:\/\/sammler.com.pl\/de\/wp-json\/wp\/v2\/media?parent=1457"}],"wp:term":[{"taxonomy":"product_brand","embeddable":true,"href":"https:\/\/sammler.com.pl\/de\/wp-json\/wp\/v2\/product_brand?post=1457"},{"taxonomy":"product_cat","embeddable":true,"href":"https:\/\/sammler.com.pl\/de\/wp-json\/wp\/v2\/product_cat?post=1457"},{"taxonomy":"product_tag","embeddable":true,"href":"https:\/\/sammler.com.pl\/de\/wp-json\/wp\/v2\/product_tag?post=1457"}],"curies":[{"name":"wp","href":"https:\/\/api.w.org\/{rel}","templated":true}]}}