{"id":1454,"date":"2024-08-07T15:37:12","date_gmt":"2024-08-07T13:37:12","guid":{"rendered":"https:\/\/sammler.com.pl\/?post_type=product&#038;p=1454"},"modified":"2026-01-27T15:16:18","modified_gmt":"2026-01-27T14:16:18","slug":"agrowloknina-50g-m%c2%b2-brazowa-11-m-z-uv","status":"publish","type":"product","link":"https:\/\/sammler.com.pl\/de\/produkt\/agroblock-50g-m\u00b2-braun-11m-mit-uv\/","title":{"rendered":"Agro\u00adtex\u00adtil 50g\/m\u00b2 braun 1,1 m mit UV"},"content":{"rendered":"<h2 style=\"font-size: 1em; margin: 10px auto;\">Vorteile von 50g\/m\u00b2 braunem Agrotextil 1,1 m mit UV<\/h2>\n<p>Das braune 1,1 m lange UV-Agro\u00adtex\u00adtil 50 g\/m\u00b2 von Samm\u00adler RecBord ist eine unverzicht\u00adbare L\u00f6sung f\u00fcr alle, die nach ein\u00ader effek\u00adtiv\u00aden M\u00f6glichkeit suchen, ihren Garten zu mulchen und vor Unkraut zu sch\u00fctzen. Dank sein\u00ader robusten Struk\u00adtur bietet es eine lange Halt\u00adbarkeit des Mate\u00adri\u00adals, was sich in ein\u00ader effizien\u00adten Leis\u00adtung \u00fcber viele Jahreszeit\u00aden hin\u00adweg nieder\u00adschl\u00e4gt. Der UV-Zusatz des Agro\u00adtex\u00adtils garantiert seine UV-Best\u00e4ndigkeit, wodurch es in hellem Son\u00adnen\u00adlicht noch effek\u00adtiv\u00ader ist. So k\u00f6n\u00adnen Sie sich\u00ader sein, dass Ihre Pflanzen per\u00adfek\u00adte Wach\u00ads\u00adtums\u00adbe\u00addin\u00adgun\u00adgen vorfind\u00aden, und Sie sparen Zeit und M\u00fche bei der Bek\u00e4mp\u00adfung von uner\u00adw\u00fcn\u00adschtem Unkraut. Das braune 1,1 m Agro-Gewebe 50 g\/m\u00b2 mit UV-Schutz ist die per\u00adfek\u00adte Kom\u00adbi\u00adna\u00adtion aus Funk\u00adtion\u00adal\u00adit\u00e4t und \u00c4sthetik, um Ihren Garten in neuem Glanz erstrahlen zu lassen und gle\u00adichzeit\u00adig f\u00fcr Ord\u00adnung zu sor\u00adgen. Nutzen Sie die Vorteile des Samm\u00adler RecBord-Sor\u00adti\u00adments und genie\u00dfen Sie die Sch\u00f6n\u00adheit und Gesund\u00adheit Ihres Gartens das ganze Jahr \u00fcber.<\/p>","protected":false},"excerpt":{"rendered":"<p>Zalety agrow\u0142\u00f3kniny 50g\/m\u00b2 br\u0105zowej 1,1 m z UV Agrow\u0142\u00f3knina 50g\/m\u00b2 br\u0105zowa 1,1 m z UV oferowana przez firm\u0119 Sammler RecBord to niezast\u0105pione rozwi\u0105zanie dla ka\u017cdego, kto szuka skutecznego sposobu na \u015bci\u00f3\u0142kowanie oraz ochron\u0119 przed chwastami w swoim ogrodzie. Dzi\u0119ki swojej wytrzyma\u0142ej strukturze zapewnia d\u0142ugotrwa\u0142\u0105 trwa\u0142o\u015b\u0107 materia\u0142u, co przek\u0142ada si\u0119 na jego wydajne dzia\u0142anie przez wiele [&hellip;]<\/p>\n","protected":false},"featured_media":1691,"template":"","meta":{"_acf_changed":false,"wp_typography_post_enhancements_disabled":false},"product_brand":[],"product_cat":[57,68,70,67,69],"product_tag":[],"class_list":{"0":"post-1454","1":"product","2":"type-product","3":"status-publish","4":"has-post-thumbnail","6":"product_cat-agrowloknina","7":"product_cat-agrowloknina-pod-kamienie","8":"product_cat-agrowloknina-pod-rosliny","9":"product_cat-agrowloknina-przeciw-chwastom","10":"product_cat-agrowloknina-sciolkujaca","11":"pa_gramatura-agrowloknina-p-50","13":"first","14":"instock","15":"taxable","16":"shipping-taxable","17":"purchasable","18":"product-type-variable","19":"has-default-attributes"},"acf":[],"_links":{"self":[{"href":"https:\/\/sammler.com.pl\/de\/wp-json\/wp\/v2\/product\/1454","targetHints":{"allow":["GET"]}}],"collection":[{"href":"https:\/\/sammler.com.pl\/de\/wp-json\/wp\/v2\/product"}],"about":[{"href":"https:\/\/sammler.com.pl\/de\/wp-json\/wp\/v2\/types\/product"}],"wp:featuredmedia":[{"embeddable":true,"href":"https:\/\/sammler.com.pl\/de\/wp-json\/wp\/v2\/media\/1691"}],"wp:attachment":[{"href":"https:\/\/sammler.com.pl\/de\/wp-json\/wp\/v2\/media?parent=1454"}],"wp:term":[{"taxonomy":"product_brand","embeddable":true,"href":"https:\/\/sammler.com.pl\/de\/wp-json\/wp\/v2\/product_brand?post=1454"},{"taxonomy":"product_cat","embeddable":true,"href":"https:\/\/sammler.com.pl\/de\/wp-json\/wp\/v2\/product_cat?post=1454"},{"taxonomy":"product_tag","embeddable":true,"href":"https:\/\/sammler.com.pl\/de\/wp-json\/wp\/v2\/product_tag?post=1454"}],"curies":[{"name":"wp","href":"https:\/\/api.w.org\/{rel}","templated":true}]}}