{"id":1448,"date":"2024-08-07T15:23:19","date_gmt":"2024-08-07T13:23:19","guid":{"rendered":"https:\/\/sammler.com.pl\/?post_type=product&#038;p=1448"},"modified":"2026-02-23T15:41:39","modified_gmt":"2026-02-23T14:41:39","slug":"agrowloknina-50g-m%c2%b2-brazowa-08-m-z-uv","status":"publish","type":"product","link":"https:\/\/sammler.com.pl\/de\/produkt\/agroblock-50g-m\u00b2-braun-08-m-mit-uv\/","title":{"rendered":"Agro\u00adtex\u00adtil 50g\/m\u00b2 braun 0,8 m mit UV"},"content":{"rendered":"<h2 style=\"font-size: 1em; margin: 10px auto;\">Vorteile der Verwendung von Agrovlies im Garten<\/h2>\n<p>Agro\u00adtex\u00adtile 50g\/m\u00b2 braun 0,8 m mit UV ist eine viel\u00adseit\u00adige L\u00f6sung, die Ihrem Garten eine Vielzahl von Vorteilen bringt. In erster Lin\u00adie sch\u00fctzt es den Boden wirk\u00adsam vor dem Wach\u00ads\u00adtum von l\u00e4stigem Unkraut und macht es ein\u00adfach\u00ader, Ihren Garten ohne den Ein\u00adsatz von Chemikalien in Ord\u00adnung zu hal\u00adten. Dar\u00fcber hin\u00adaus tr\u00e4gt das braune 0,8\u2011m-Agrotextil mit UV-Anteil (50 g\/m\u00b2) dazu bei, eine opti\u00admale Boden\u00adfeuchtigkeit aufrechtzuer\u00adhal\u00adten, die f\u00fcr ein gesun\u00addes und kr\u00e4ftiges Pflanzenwach\u00ads\u00adtum entschei\u00addend ist. Die Aufrechter\u00adhal\u00adtung des richti\u00adgen Feuchtigkeit\u00adsniveaus unter\u00adst\u00fctzt das Wurzel\u00adsys\u00adtem und macht es wider\u00adstands\u00adf\u00e4higer gegen Trock\u00aden\u00adheit. Neben den prak\u00adtis\u00adchen Vorteilen verbessert das braune 0,8m-Agrotextil mit UV (50g\/m\u00b2) auch die \u00c4sthetik des Gartens erhe\u00adblich und ver\u00adlei\u00adht ihm ein gepflegtes Ausse\u00adhen. Der Vliesstoff ist wass\u00ader- und luft\u00addurch\u00adl\u00e4s\u00adsig, was ein gesun\u00addes Wurzelum\u00adfeld f\u00f6rdert. Agrovlies ist bei Samm\u00adler RecBord in ver\u00adschiede\u00adnen Gr\u00f6\u00dfen erh\u00e4ltlich, um den unter\u00adschiedlichen Bed\u00fcrfnis\u00adsen im Garten gerecht zu wer\u00adden. Nutzen Sie unser Ange\u00adbot und genie\u00dfen Sie das ganze Jahr \u00fcber einen sch\u00f6\u00adnen, gesun\u00adden Garten.<\/p>","protected":false},"excerpt":{"rendered":"<p>Zalety stosowania agrow\u0142\u00f3kniny w ogrodzie Agrow\u0142\u00f3knina 50g\/m\u00b2 br\u0105zowa 0,8 m z UV to wszechstronne rozwi\u0105zanie, kt\u00f3re niesie ze sob\u0105 r\u00f3\u017cnorodne zalety dla Twojego ogrodu. Przede wszystkim skutecznie zapewnia ochron\u0119 gleby przed wyrastaniem uci\u0105\u017cliwych chwast\u00f3w, co u\u0142atwia utrzymanie porz\u0105dku w ogrodzie bez konieczno\u015bci stosowania \u015brodk\u00f3w chemicznych. Dodatkowo agrow\u0142\u00f3knina 50g\/m\u00b2 br\u0105zowa 0,8 m z UV pomaga w [&hellip;]<\/p>\n","protected":false},"featured_media":1691,"template":"","meta":{"_acf_changed":false,"wp_typography_post_enhancements_disabled":false},"product_brand":[],"product_cat":[57,68,70,67,69],"product_tag":[],"class_list":{"0":"post-1448","1":"product","2":"type-product","3":"status-publish","4":"has-post-thumbnail","6":"product_cat-agrowloknina","7":"product_cat-agrowloknina-pod-kamienie","8":"product_cat-agrowloknina-pod-rosliny","9":"product_cat-agrowloknina-przeciw-chwastom","10":"product_cat-agrowloknina-sciolkujaca","11":"pa_gramatura-agrowloknina-p-50","13":"first","14":"instock","15":"taxable","16":"shipping-taxable","17":"purchasable","18":"product-type-variable","19":"has-default-attributes"},"acf":[],"_links":{"self":[{"href":"https:\/\/sammler.com.pl\/de\/wp-json\/wp\/v2\/product\/1448","targetHints":{"allow":["GET"]}}],"collection":[{"href":"https:\/\/sammler.com.pl\/de\/wp-json\/wp\/v2\/product"}],"about":[{"href":"https:\/\/sammler.com.pl\/de\/wp-json\/wp\/v2\/types\/product"}],"wp:featuredmedia":[{"embeddable":true,"href":"https:\/\/sammler.com.pl\/de\/wp-json\/wp\/v2\/media\/1691"}],"wp:attachment":[{"href":"https:\/\/sammler.com.pl\/de\/wp-json\/wp\/v2\/media?parent=1448"}],"wp:term":[{"taxonomy":"product_brand","embeddable":true,"href":"https:\/\/sammler.com.pl\/de\/wp-json\/wp\/v2\/product_brand?post=1448"},{"taxonomy":"product_cat","embeddable":true,"href":"https:\/\/sammler.com.pl\/de\/wp-json\/wp\/v2\/product_cat?post=1448"},{"taxonomy":"product_tag","embeddable":true,"href":"https:\/\/sammler.com.pl\/de\/wp-json\/wp\/v2\/product_tag?post=1448"}],"curies":[{"name":"wp","href":"https:\/\/api.w.org\/{rel}","templated":true}]}}