{"id":1442,"date":"2024-08-07T15:19:04","date_gmt":"2024-08-07T13:19:04","guid":{"rendered":"https:\/\/sammler.com.pl\/?post_type=product&#038;p=1442"},"modified":"2026-01-27T15:19:40","modified_gmt":"2026-01-27T14:19:40","slug":"agrowloknina-50g-m%c2%b2-czarna-32-m-z-uv","status":"publish","type":"product","link":"https:\/\/sammler.com.pl\/de\/produkt\/agro-laminat-50g-m\u00b2-schwarz-32m-mit-uv\/","title":{"rendered":"Agro\u00adtex\u00adtil 50g\/m\u00b2 schwarz 3,2 m mit UV"},"content":{"rendered":"<h2 style=\"font-size: 1em; margin: 10px auto;\">Vorteile der Verwendung von 50g\/m\u00b2 schwarzem Agrotextil 3,2 m mit UV<\/h2>\n<p>Agro\u00adtex\u00adtile 50g\/m\u00b2 schwarz 3,2 m mit UV ist eine L\u00f6sung mit zahlre\u00adichen Vorteilen, die jeden G\u00e4rt\u00adner zufrieden\u00adstellen wird. Dieses Pro\u00addukt sch\u00fctzt den Boden wirk\u00adsam vor Unkrautwuchs, was Zeit und M\u00fche bei der Unkrautbe\u00adsei\u00adt\u00adi\u00adgung spart. Au\u00dfer\u00addem tr\u00e4gt das Agro\u00adtex\u00adtil dazu bei, eine opti\u00admale Boden\u00adfeuchtigkeit zu erhal\u00adten, was ein gesun\u00addes Pflanzenwach\u00ads\u00adtum f\u00f6rdert. Die Struk\u00adtur des Mate\u00adri\u00adals l\u00e4sst sowohl Wass\u00ader als auch Luft hin\u00addurch, was f\u00fcr die Schaf\u00adfung der richti\u00adgen Bedin\u00adgun\u00adgen f\u00fcr die Wurzeln entschei\u00addend ist. Dar\u00fcber hin\u00adaus zeich\u00adnet sich das schwarze 3,2 m UV-Vlies 50 g\/m\u00b2 durch seine au\u00dfergew\u00f6hn\u00adliche Halt\u00adbarkeit und UV-Best\u00e4ndigkeit aus, so dass es \u00fcber einen lan\u00adgen Zeitraum hin\u00adweg ver\u00adwen\u00addet wer\u00adden kann und in einem her\u00advor\u00adra\u00adgen\u00adden Zus\u00adtand bleibt. Die Wahl dieses Vliesstoffs ist auch eine M\u00f6glichkeit, die \u00c4sthetik Ihres Gartens zu verbessern, da er einen sauberen und aufger\u00e4umten Raum schafft. Prof\u00adi\u00adtieren Sie von der Pro\u00adduk\u00adt\u00adpalette von Samm\u00adler RecBord und ent\u00addeck\u00aden Sie die Vorteile, die ein schwarzes Agrovlies 50g\/m\u00b2 3,2m mit UV f\u00fcr Ihren Garten brin\u00adgen kann.<\/p>","protected":false},"excerpt":{"rendered":"<p>Zalety stosowania agrow\u0142\u00f3kniny 50g\/m\u00b2 czarnej 3,2 m z UV Agrow\u0142\u00f3knina 50g\/m\u00b2 czarna 3,2 m z UV to rozwi\u0105zanie o licznych zaletach, kt\u00f3re zadowoli ka\u017cdego ogrodnika. Produkt ten skutecznie chroni gleb\u0119 przed wyrastaniem chwast\u00f3w, co pozwala zaoszcz\u0119dzi\u0107 czas i wysi\u0142ek zwi\u0105zany z ich usuwaniem. Ponadto agrow\u0142\u00f3knina pomaga utrzyma\u0107 optymaln\u0105 wilgotno\u015b\u0107 gleby, co sprzyja zdrowemu wzrostowi ro\u015blin. [&hellip;]<\/p>\n","protected":false},"featured_media":1050,"template":"","meta":{"_acf_changed":false,"wp_typography_post_enhancements_disabled":false},"product_brand":[],"product_cat":[57,68,70,67,69],"product_tag":[],"class_list":{"0":"post-1442","1":"product","2":"type-product","3":"status-publish","4":"has-post-thumbnail","6":"product_cat-agrowloknina","7":"product_cat-agrowloknina-pod-kamienie","8":"product_cat-agrowloknina-pod-rosliny","9":"product_cat-agrowloknina-przeciw-chwastom","10":"product_cat-agrowloknina-sciolkujaca","11":"pa_gramatura-agrowloknina-p-50","13":"first","14":"instock","15":"taxable","16":"shipping-taxable","17":"purchasable","18":"product-type-variable","19":"has-default-attributes"},"acf":[],"_links":{"self":[{"href":"https:\/\/sammler.com.pl\/de\/wp-json\/wp\/v2\/product\/1442","targetHints":{"allow":["GET"]}}],"collection":[{"href":"https:\/\/sammler.com.pl\/de\/wp-json\/wp\/v2\/product"}],"about":[{"href":"https:\/\/sammler.com.pl\/de\/wp-json\/wp\/v2\/types\/product"}],"wp:featuredmedia":[{"embeddable":true,"href":"https:\/\/sammler.com.pl\/de\/wp-json\/wp\/v2\/media\/1050"}],"wp:attachment":[{"href":"https:\/\/sammler.com.pl\/de\/wp-json\/wp\/v2\/media?parent=1442"}],"wp:term":[{"taxonomy":"product_brand","embeddable":true,"href":"https:\/\/sammler.com.pl\/de\/wp-json\/wp\/v2\/product_brand?post=1442"},{"taxonomy":"product_cat","embeddable":true,"href":"https:\/\/sammler.com.pl\/de\/wp-json\/wp\/v2\/product_cat?post=1442"},{"taxonomy":"product_tag","embeddable":true,"href":"https:\/\/sammler.com.pl\/de\/wp-json\/wp\/v2\/product_tag?post=1442"}],"curies":[{"name":"wp","href":"https:\/\/api.w.org\/{rel}","templated":true}]}}