{"id":1439,"date":"2024-08-07T15:16:11","date_gmt":"2024-08-07T13:16:11","guid":{"rendered":"https:\/\/sammler.com.pl\/?post_type=product&#038;p=1439"},"modified":"2026-03-25T21:05:04","modified_gmt":"2026-03-25T20:05:04","slug":"agrowloknina-50g-m%c2%b2-czarna-21-m-z-uv","status":"publish","type":"product","link":"https:\/\/sammler.com.pl\/de\/produkt\/agro-laminat-50g-m\u00b2-schwarz-21m-mit-uv\/","title":{"rendered":"Agro\u00adtex\u00adtil 50g\/m\u00b2 schwarz 2,1 m mit UV"},"content":{"rendered":"<h2 style=\"font-size: 1em; margin: 10px auto;\">Hervorragende Unkrautbek\u00e4mpfung und Feuchtigkeitspflege<\/h2>\n<p>Agro\u00adtex\u00adtile 50g\/m\u00b2 schwarz 2,1 m mit UV ist die per\u00adfek\u00adte L\u00f6sung f\u00fcr jeden G\u00e4rt\u00adner, der seinen Boden effek\u00adtiv vor uner\u00adw\u00fcn\u00adschtem Unkraut sch\u00fctzen und gle\u00adichzeit\u00adig eine opti\u00admale Boden\u00adfeuchtigkeit gew\u00e4hrleis\u00adten m\u00f6chte. Unsere Fir\u00adma Samm\u00adler bietet ein Pro\u00addukt an, das dank sein\u00ader Struk\u00adtur Wass\u00ader und Luft durch\u00adl\u00e4sst, so dass sich das Wurzel\u00adsys\u00adtem der Pflanzen gesund entwick\u00adeln kann. Wenn Sie sich f\u00fcr ein 50g\/m\u00b2 schwarzes 2,1 m Agro\u00adtex\u00adtil mit UV entschei\u00adden, k\u00f6n\u00adnen Sie sich\u00ader sein, dass Ihre Pflanzen ide\u00adale Wach\u00ads\u00adtums\u00adbe\u00addin\u00adgun\u00adgen vorfind\u00aden und der Boden aus\u00adre\u00adichend Feuchtigkeit spe\u00adichert. Die au\u00dfergew\u00f6hn\u00adliche Stra\u00adpazier\u00adf\u00e4higkeit und UV-Best\u00e4ndigkeit des 50g\/m\u00b2 schwarzen 2,1 m UV-Vlieses sorgt daf\u00fcr, dass der Boden langfristig gesch\u00fctzt ist und nicht st\u00e4ndig gej\u00e4tet wer\u00adden muss. Nutzen Sie also die Vorteile unseres Sor\u00adti\u00adments und inte\u00adgri\u00aderen Sie agro-tex\u00adtile 50g\/m\u00b2 schwarz 2,1m mit UV in Ihren Garten, um ges\u00fcn\u00addere Pflanzen und eine gepflegte, \u00e4sthetisch ansprechende Umge\u00adbung zu genie\u00dfen. Dieses Pro\u00addukt ist in ein\u00ader bre\u00adit\u00aden Palette von Gr\u00f6\u00dfen erh\u00e4ltlich und erf\u00fcllt die Erwartun\u00adgen von Profis und Ama\u00adteuren gle\u00adicher\u00adma\u00dfen.<\/p>","protected":false},"excerpt":{"rendered":"<p>Doskona\u0142o\u015b\u0107 w ochronie przed chwastami i utrzymaniu wilgotno\u015bci Agrow\u0142\u00f3knina 50g\/m\u00b2 czarna 2,1 m z UV to doskona\u0142e rozwi\u0105zanie dla ka\u017cdego ogrodnika, kt\u00f3ry pragnie skutecznie chroni\u0107 swoj\u0105 gleb\u0119 przed niechcianymi chwastami, jednocze\u015bnie dbaj\u0105c o jej optymaln\u0105 wilgotno\u015b\u0107. Nasza firma Sammler oferuje produkt, kt\u00f3ry dzi\u0119ki swojej strukturze przepuszcza wod\u0119 oraz powietrze, co pozwala na zdrowy rozw\u00f3j systemu [&hellip;]<\/p>\n","protected":false},"featured_media":1050,"template":"","meta":{"_acf_changed":false,"wp_typography_post_enhancements_disabled":false},"product_brand":[],"product_cat":[57,68,70,67,69],"product_tag":[],"class_list":{"0":"post-1439","1":"product","2":"type-product","3":"status-publish","4":"has-post-thumbnail","6":"product_cat-agrowloknina","7":"product_cat-agrowloknina-pod-kamienie","8":"product_cat-agrowloknina-pod-rosliny","9":"product_cat-agrowloknina-przeciw-chwastom","10":"product_cat-agrowloknina-sciolkujaca","11":"pa_gramatura-agrowloknina-p-50","13":"first","14":"outofstock","15":"taxable","16":"shipping-taxable","17":"purchasable","18":"product-type-variable","19":"has-default-attributes"},"acf":[],"_links":{"self":[{"href":"https:\/\/sammler.com.pl\/de\/wp-json\/wp\/v2\/product\/1439","targetHints":{"allow":["GET"]}}],"collection":[{"href":"https:\/\/sammler.com.pl\/de\/wp-json\/wp\/v2\/product"}],"about":[{"href":"https:\/\/sammler.com.pl\/de\/wp-json\/wp\/v2\/types\/product"}],"wp:featuredmedia":[{"embeddable":true,"href":"https:\/\/sammler.com.pl\/de\/wp-json\/wp\/v2\/media\/1050"}],"wp:attachment":[{"href":"https:\/\/sammler.com.pl\/de\/wp-json\/wp\/v2\/media?parent=1439"}],"wp:term":[{"taxonomy":"product_brand","embeddable":true,"href":"https:\/\/sammler.com.pl\/de\/wp-json\/wp\/v2\/product_brand?post=1439"},{"taxonomy":"product_cat","embeddable":true,"href":"https:\/\/sammler.com.pl\/de\/wp-json\/wp\/v2\/product_cat?post=1439"},{"taxonomy":"product_tag","embeddable":true,"href":"https:\/\/sammler.com.pl\/de\/wp-json\/wp\/v2\/product_tag?post=1439"}],"curies":[{"name":"wp","href":"https:\/\/api.w.org\/{rel}","templated":true}]}}