{"id":1436,"date":"2024-08-07T15:08:10","date_gmt":"2024-08-07T13:08:10","guid":{"rendered":"https:\/\/sammler.com.pl\/?post_type=product&#038;p=1436"},"modified":"2026-02-23T18:35:06","modified_gmt":"2026-02-23T17:35:06","slug":"agrowloknina-50g-m%c2%b2-czarna-16-m-z-uv","status":"publish","type":"product","link":"https:\/\/sammler.com.pl\/de\/produkt\/agro-laminat-50g-m\u00b2-schwarz-16m-mit-uv\/","title":{"rendered":"Agro\u00adtex\u00adtil 50g\/m\u00b2 schwarz 1,6 m mit UV"},"content":{"rendered":"<h2 style=\"font-size: 1em; margin: 10px auto;\">Anwendung von Agro-Textil 50g\/m\u00b2 schwarz 1,6 m mit UV<\/h2>\n<p>Agro\u00adtex\u00adtile 50g\/m\u00b2 schwarz 1,6 m mit UV ist die per\u00adfek\u00adte L\u00f6sung f\u00fcr alle, die f\u00fcr eine gesunde Entwick\u00adlung ihrer Pflanzen und ein gepflegtes Ausse\u00adhen ihres Gartens sor\u00adgen wollen. Sein Hauptvorteil ist der wirk\u00adsame Schutz gegen Unkraut, das das Wach\u00ads\u00adtum der Pflanzen neg\u00ada\u00adtiv bee\u00adin\u00adflussen kann. Dank sein\u00ader Lan\u00adglebigkeit und UV-Best\u00e4ndigkeit bietet dieses Pro\u00addukt einen langfristi\u00adgen Boden\u00adschutz, ohne schnell zu ver\u00adschlei\u00dfen. Die Struk\u00adtur des Vliesstoffs ist wass\u00ader- und luft\u00addurch\u00adl\u00e4s\u00adsig, was f\u00fcr die Aufrechter\u00adhal\u00adtung ein\u00ader opti\u00admalen Boden\u00adfeuchtigkeit entschei\u00addend ist und die gesunde Entwick\u00adlung des Wurzel\u00adsys\u00adtems der Pflanzen unter\u00adst\u00fctzt. Dar\u00fcber hin\u00adaus verbessert die Ver\u00adwen\u00addung von Agrofiber 50g\/m\u00b2 schwarz 1,6 m mit UV die \u00c4sthetik der Umge\u00adbung und l\u00e4sst den Garten ordentlich und gepflegt ausse\u00adhen. Nutzen Sie unser Ange\u00adbot und geben Sie Ihren Pflanzen die besten Wach\u00ads\u00adtums\u00adbe\u00addin\u00adgun\u00adgen mit Agro\u00adtex\u00adtilien der Marke Samm\u00adler RecBord.<\/p>","protected":false},"excerpt":{"rendered":"<p>Zastosowanie agrow\u0142\u00f3kniny 50g\/m\u00b2 czarnej 1,6 m z UV Agrow\u0142\u00f3knina 50g\/m\u00b2 czarna 1,6 m z UV to doskona\u0142e rozwi\u0105zanie dla ka\u017cdego, kto pragnie zadba\u0107 o zdrowy rozw\u00f3j swoich ro\u015blin oraz schludny wygl\u0105d ogrodu. Jej g\u0142\u00f3wn\u0105 zalet\u0105 jest efektywna ochrona przed chwastami, kt\u00f3re mog\u0105 negatywnie wp\u0142ywa\u0107 na wzrost ro\u015blin uprawnych. Dzi\u0119ki trwa\u0142o\u015bci oraz odporno\u015bci na promieniowanie UV, [&hellip;]<\/p>\n","protected":false},"featured_media":1050,"template":"","meta":{"_acf_changed":false,"wp_typography_post_enhancements_disabled":false},"product_brand":[],"product_cat":[57,68,70,67,69],"product_tag":[],"class_list":{"0":"post-1436","1":"product","2":"type-product","3":"status-publish","4":"has-post-thumbnail","6":"product_cat-agrowloknina","7":"product_cat-agrowloknina-pod-kamienie","8":"product_cat-agrowloknina-pod-rosliny","9":"product_cat-agrowloknina-przeciw-chwastom","10":"product_cat-agrowloknina-sciolkujaca","11":"pa_gramatura-agrowloknina-p-50","13":"first","14":"instock","15":"taxable","16":"shipping-taxable","17":"purchasable","18":"product-type-variable","19":"has-default-attributes"},"acf":[],"_links":{"self":[{"href":"https:\/\/sammler.com.pl\/de\/wp-json\/wp\/v2\/product\/1436","targetHints":{"allow":["GET"]}}],"collection":[{"href":"https:\/\/sammler.com.pl\/de\/wp-json\/wp\/v2\/product"}],"about":[{"href":"https:\/\/sammler.com.pl\/de\/wp-json\/wp\/v2\/types\/product"}],"wp:featuredmedia":[{"embeddable":true,"href":"https:\/\/sammler.com.pl\/de\/wp-json\/wp\/v2\/media\/1050"}],"wp:attachment":[{"href":"https:\/\/sammler.com.pl\/de\/wp-json\/wp\/v2\/media?parent=1436"}],"wp:term":[{"taxonomy":"product_brand","embeddable":true,"href":"https:\/\/sammler.com.pl\/de\/wp-json\/wp\/v2\/product_brand?post=1436"},{"taxonomy":"product_cat","embeddable":true,"href":"https:\/\/sammler.com.pl\/de\/wp-json\/wp\/v2\/product_cat?post=1436"},{"taxonomy":"product_tag","embeddable":true,"href":"https:\/\/sammler.com.pl\/de\/wp-json\/wp\/v2\/product_tag?post=1436"}],"curies":[{"name":"wp","href":"https:\/\/api.w.org\/{rel}","templated":true}]}}