{"id":1424,"date":"2024-08-06T18:03:31","date_gmt":"2024-08-06T16:03:31","guid":{"rendered":"https:\/\/sammler.com.pl\/?post_type=product&#038;p=1424"},"modified":"2026-02-23T17:34:23","modified_gmt":"2026-02-23T16:34:23","slug":"agrowloknina-80g-m%c2%b2-czarna-11-m-z-uv-kopia","status":"publish","type":"product","link":"https:\/\/sammler.com.pl\/de\/produkt\/80g-agroblock-m\u00b2-schwarz-11m-mit-uv-kopie\/","title":{"rendered":"Agro\u00adtex\u00adtil 80g\/m\u00b2 schwarz 1,1 m mit UV"},"content":{"rendered":"<h2 style=\"font-size: 1em; margin: 10px auto;\">Vielseitiger Einsatz von Agro-Vlies im Gartenbau<\/h2>\n<p>Agrowo\u00adven 80g\/m\u00b2 schwarz 1,1m mit UV ist ein viel\u00adseit\u00adiges Hil\u00adf\u00ads\u00admit\u00adtel im Garten\u00adbau, das eine Vielzahl von Ver\u00adwen\u00addungsm\u00f6glichkeit\u00aden bietet, um Ihren Garten zu einem Ort des gesun\u00adden und \u00e4sthetisch ansprechen\u00adden Pflanzenwach\u00ads\u00adtums zu machen. Es ist ide\u00adal zum Mulchen und bietet den Pflanzen einen wirk\u00adsamen Schutz gegen Unkraut, indem es deren Wach\u00ads\u00adtum hemmt und den Bedarf an chemis\u00adchen Her\u00adbiziden min\u00adimiert. Das 80 g\/m\u00b2 schwere schwarze 1,1 m lange UV-Agro\u00adtex\u00adtil tr\u00e4gt au\u00dfer\u00addem dazu bei, eine opti\u00admale Boden\u00adfeuchtigkeit aufrechtzuer\u00adhal\u00adten, die f\u00fcr eine gesunde Wurze\u00adlen\u00adtwick\u00adlung und die Sta\u00adbil\u00adit\u00e4t der gesamten Pflanze entschei\u00addend ist. Dank sein\u00ader wass\u00ader- und luft\u00addurch\u00adl\u00e4s\u00adsi\u00adgen Eigen\u00adschaften f\u00f6rdert dieses Pro\u00addukt ein gesun\u00addes Wurzelum\u00adfeld, was wiederum das Pflanzenwach\u00ads\u00adtum beschle\u00adu\u00adnigt. So kann sich der G\u00e4rt\u00adner \u00fcber \u00fcppige und gesunde Pflanzen freuen. Dar\u00fcber hin\u00adaus verbessert das Agro\u00adtex\u00adtil die \u00c4sthetik des Gartens erhe\u00adblich und ver\u00adlei\u00adht ihm ein gepflegtes Ausse\u00adhen. Nutzen Sie das Ange\u00adbot von Samm\u00adler RecBord und bere\u00adich\u00adern Sie Ihren Garten mit diesem unverzicht\u00adbaren Pro\u00addukt!<\/p>","protected":false},"excerpt":{"rendered":"<p>Uniwersalne zastosowanie agrow\u0142\u00f3kniny w ogrodnictwie Agrow\u0142\u00f3knina 80g\/m\u00b2 czarna 1,1 m z UV to wszechstronne narz\u0119dzie stosowane w ogrodnictwie, oferuj\u0105ce r\u00f3\u017cnorodne zastosowania, dzi\u0119ki kt\u00f3rym Tw\u00f3j ogr\u00f3d stanie si\u0119 miejscem zdrowego i estetycznego wzrostu ro\u015blin. Idealna do \u015bci\u00f3\u0142kowania, zapewnia skuteczn\u0105 ochron\u0119 ro\u015blin przed chwastami, blokuj\u0105c ich wzrost i minimalizuj\u0105c potrzeb\u0119 stosowania chemicznych \u015brodk\u00f3w chwastob\u00f3jczych. Agrow\u0142\u00f3knina 80g\/m\u00b2 czarna [&hellip;]<\/p>\n","protected":false},"featured_media":1050,"template":"","meta":{"_acf_changed":false,"wp_typography_post_enhancements_disabled":false},"product_brand":[],"product_cat":[57,68,70,67,69],"product_tag":[],"class_list":{"0":"post-1424","1":"product","2":"type-product","3":"status-publish","4":"has-post-thumbnail","6":"product_cat-agrowloknina","7":"product_cat-agrowloknina-pod-kamienie","8":"product_cat-agrowloknina-pod-rosliny","9":"product_cat-agrowloknina-przeciw-chwastom","10":"product_cat-agrowloknina-sciolkujaca","11":"pa_gramatura-agrowloknina-p-80","13":"first","14":"instock","15":"taxable","16":"shipping-taxable","17":"purchasable","18":"product-type-variable","19":"has-default-attributes"},"acf":[],"_links":{"self":[{"href":"https:\/\/sammler.com.pl\/de\/wp-json\/wp\/v2\/product\/1424","targetHints":{"allow":["GET"]}}],"collection":[{"href":"https:\/\/sammler.com.pl\/de\/wp-json\/wp\/v2\/product"}],"about":[{"href":"https:\/\/sammler.com.pl\/de\/wp-json\/wp\/v2\/types\/product"}],"wp:featuredmedia":[{"embeddable":true,"href":"https:\/\/sammler.com.pl\/de\/wp-json\/wp\/v2\/media\/1050"}],"wp:attachment":[{"href":"https:\/\/sammler.com.pl\/de\/wp-json\/wp\/v2\/media?parent=1424"}],"wp:term":[{"taxonomy":"product_brand","embeddable":true,"href":"https:\/\/sammler.com.pl\/de\/wp-json\/wp\/v2\/product_brand?post=1424"},{"taxonomy":"product_cat","embeddable":true,"href":"https:\/\/sammler.com.pl\/de\/wp-json\/wp\/v2\/product_cat?post=1424"},{"taxonomy":"product_tag","embeddable":true,"href":"https:\/\/sammler.com.pl\/de\/wp-json\/wp\/v2\/product_tag?post=1424"}],"curies":[{"name":"wp","href":"https:\/\/api.w.org\/{rel}","templated":true}]}}