{"id":139,"date":"2023-01-09T15:22:40","date_gmt":"2023-01-09T14:22:40","guid":{"rendered":"https:\/\/sammler.uxtivity.com\/?post_type=product&#038;p=139"},"modified":"2025-04-25T15:42:37","modified_gmt":"2025-04-25T13:42:37","slug":"obrzeza-ogrodowe-45-mm","status":"publish","type":"product","link":"https:\/\/sammler.com.pl\/de\/produkt\/einfassung-garten-45-mm\/","title":{"rendered":"Gartene\u00adin\u00adfas\u00adsung 45 mm \u2014 4 St\u00fcck (Pack\u00adung)"},"content":{"rendered":"<p class=\"margin-bottom margin-small\">Ein\u00adfas\u00adsung <strong>RecBord 45<\/strong> ist f\u00fcr die Anlage von Alleen und Wegen in G\u00e4rten bes\u00adtimmt. <strong>RecBord 45<\/strong> wer\u00adden am h\u00e4u\u00adfig\u00adsten ver\u00adwen\u00addet, um den Rasen von Splitt oder Rinde zu tren\u00adnen. Dank der Ver\u00adwen\u00addung von Gartene\u00adin\u00adfas\u00adsun\u00adgen neben Fl\u00e4chen aus Betonele\u00admenten, z. B. Pflaster\u00adsteinen, Plat\u00adten, schaf\u00adfen wir eine ein\u00adheitliche und sta\u00adbile Ober\u00adfl\u00e4che, die vor dem Abrutschen gesch\u00fctzt ist. Die Ein\u00adfas\u00adsun\u00adgen sind sowohl im Garten als auch auf \u00f6ffentlichen Pl\u00e4tzen gut ein\u00adset\u00adzbar.<\/p>\n<p>Rasenkan\u00adten wer\u00adden aus Kun\u00adst\u00adstoff hergestellt, der in <strong>100% von RECYCLING<\/strong>. Dadurch sind sie flex\u00adi\u00adbel und erm\u00f6glichen es, sowohl ger\u00adade Lin\u00adien als auch Kur\u00adven und Winkel zu for\u00admen.<\/p>","protected":false},"excerpt":{"rendered":"<p>Obrze\u017ce RecBord 45 jest przeznaczone do wydzielania alejek oraz \u015bcie\u017cek w ogrodach. RecBord 45 najcz\u0119\u015bciej stosuje si\u0119 do oddzielenia trawnika od grysu lub kory. Dzi\u0119ki zastosowaniu obrze\u017cy ogrodowych przy nawierzchniach z element\u00f3w betonowych np. kostka brukowa, p\u0142yta chodnikowa, tworzymy jednolit\u0105 i stabiln\u0105 powierzchni\u0119, zabezpieczon\u0105 przed rozsuwaniem si\u0119. Obrze\u017ca sprawdzaj\u0105 si\u0119 zar\u00f3wno w ogrodzie jak i [&hellip;]<\/p>\n","protected":false},"featured_media":444,"template":"","meta":{"_acf_changed":false,"wp_typography_post_enhancements_disabled":false},"product_brand":[],"product_cat":[37,78,77,76,79],"product_tag":[48,35],"class_list":{"0":"post-139","1":"product","2":"type-product","3":"status-publish","4":"has-post-thumbnail","6":"product_cat-obrzeza","7":"product_cat-obrzeza-do-kostki-brukowej","8":"product_cat-obrzeza-do-rabat","9":"product_cat-obrzeza-do-trawnikow","10":"product_cat-wysokie-obrzeza","11":"product_tag-48","12":"product_tag-obrzeza-ogrodowe","14":"first","15":"instock","16":"taxable","17":"shipping-taxable","18":"purchasable","19":"product-type-simple"},"acf":[],"_links":{"self":[{"href":"https:\/\/sammler.com.pl\/de\/wp-json\/wp\/v2\/product\/139","targetHints":{"allow":["GET"]}}],"collection":[{"href":"https:\/\/sammler.com.pl\/de\/wp-json\/wp\/v2\/product"}],"about":[{"href":"https:\/\/sammler.com.pl\/de\/wp-json\/wp\/v2\/types\/product"}],"wp:featuredmedia":[{"embeddable":true,"href":"https:\/\/sammler.com.pl\/de\/wp-json\/wp\/v2\/media\/444"}],"wp:attachment":[{"href":"https:\/\/sammler.com.pl\/de\/wp-json\/wp\/v2\/media?parent=139"}],"wp:term":[{"taxonomy":"product_brand","embeddable":true,"href":"https:\/\/sammler.com.pl\/de\/wp-json\/wp\/v2\/product_brand?post=139"},{"taxonomy":"product_cat","embeddable":true,"href":"https:\/\/sammler.com.pl\/de\/wp-json\/wp\/v2\/product_cat?post=139"},{"taxonomy":"product_tag","embeddable":true,"href":"https:\/\/sammler.com.pl\/de\/wp-json\/wp\/v2\/product_tag?post=139"}],"curies":[{"name":"wp","href":"https:\/\/api.w.org\/{rel}","templated":true}]}}