{"id":1038,"date":"2024-02-14T19:35:34","date_gmt":"2024-02-14T18:35:34","guid":{"rendered":"https:\/\/sammler.com.pl\/?post_type=product&#038;p=1038"},"modified":"2026-02-23T17:30:48","modified_gmt":"2026-02-23T16:30:48","slug":"agrowloknina-50g-m%c2%b2-czarna-11m-z-uv","status":"publish","type":"product","link":"https:\/\/sammler.com.pl\/de\/produkt\/agro-laminat-50g-m\u00b2-schwarz-11m-mit-uv\/","title":{"rendered":"Agro\u00adtex\u00adtil 50g\/m\u00b2 schwarz 1,1 m mit UV"},"content":{"rendered":"<h2 style=\"font-size: 1em; margin: 10px auto;\">Verwendung von Agrotextil 50g\/m\u00b2 schwarz 1,1 m mit UV im Gartenbau<\/h2>\n<p>Agro\u00adtex\u00adtile 50g\/m\u00b2 schwarz 1,1 m mit UV ist eine unverzicht\u00adbare L\u00f6sung f\u00fcr den Garten\u00adbau, die hil\u00adft, den Boden effek\u00adtiv zu mulchen und vor Unkraut zu sch\u00fctzen. Dank sein\u00ader Ver\u00adwen\u00addung wird der Boden nicht nur vor uner\u00adw\u00fcn\u00adscht\u00aden Pflanzen gesch\u00fctzt, son\u00addern erh\u00e4lt auch eine aus\u00adre\u00adichende Feuchtigkeit, die f\u00fcr ein gesun\u00addes Pflanzenwach\u00ads\u00adtum entschei\u00addend ist. Unser Agro\u00adtex\u00adtil eignet sich ide\u00adal f\u00fcr alle Arten von G\u00e4rten, sorgt f\u00fcr ein \u00e4sthetis\u00adches Erschei\u00adn\u00adungs\u00adbild und f\u00f6rdert ein gesun\u00addes Pflanzenwach\u00ads\u00adtum. Das schwarze 1,1 m UV-Agro\u00adtex\u00adtil (50 g\/m\u00b2) aus dem Sor\u00adti\u00adment von Samm\u00adler RecBord zeich\u00adnet sich durch seine au\u00dfergew\u00f6hn\u00adliche Stra\u00adpazier\u00adf\u00e4higkeit und UV-Best\u00e4ndigkeit aus, die eine lange Nutzungs\u00addauer garantieren. Dank sein\u00ader wass\u00ader- und luft\u00addurch\u00adl\u00e4s\u00adsi\u00adgen Struk\u00adtur schafft das Agro\u00adtex\u00adtil ide\u00adale Bedin\u00adgun\u00adgen f\u00fcr die Wurzeln, was f\u00fcr die Gesund\u00adheit und Entwick\u00adlung der Pflanzen wichtig ist. Prof\u00adi\u00adtieren Sie von unserem Ange\u00adbot und genie\u00dfen Sie einen gepflegten Garten, in dem die Pflanzen gut gedei\u00adhen, ohne sich um Unkraut und \u00fcber\u00adm\u00e4\u00dfi\u00adgen Feuchtigkeitsver\u00adlust sor\u00adgen zu m\u00fcssen.<\/p>","protected":false},"excerpt":{"rendered":"<p>Zastosowanie agrow\u0142\u00f3kniny 50g\/m\u00b2 czarnej 1,1 m z UV w ogrodnictwie Agrow\u0142\u00f3knina 50g\/m\u00b2 czarna 1,1 m z UV to niezast\u0105pione rozwi\u0105zanie w ogrodnictwie, kt\u00f3re pomaga w skutecznym \u015bci\u00f3\u0142kowaniu oraz ochronie przed chwastami. Dzi\u0119ki jej zastosowaniu gleba jest nie tylko chroniona przed niechcianymi ro\u015blinami, ale tak\u017ce utrzymuje odpowiedni\u0105 wilgotno\u015b\u0107, co jest kluczowe dla zdrowego wzrostu ro\u015blin. Nasza [&hellip;]<\/p>\n","protected":false},"featured_media":1050,"template":"","meta":{"_acf_changed":false,"wp_typography_post_enhancements_disabled":false},"product_brand":[],"product_cat":[57,68,70,67,69],"product_tag":[],"class_list":{"0":"post-1038","1":"product","2":"type-product","3":"status-publish","4":"has-post-thumbnail","6":"product_cat-agrowloknina","7":"product_cat-agrowloknina-pod-kamienie","8":"product_cat-agrowloknina-pod-rosliny","9":"product_cat-agrowloknina-przeciw-chwastom","10":"product_cat-agrowloknina-sciolkujaca","11":"pa_gramatura-agrowloknina-p-50","13":"first","14":"instock","15":"taxable","16":"shipping-taxable","17":"purchasable","18":"product-type-variable","19":"has-default-attributes"},"acf":[],"_links":{"self":[{"href":"https:\/\/sammler.com.pl\/de\/wp-json\/wp\/v2\/product\/1038","targetHints":{"allow":["GET"]}}],"collection":[{"href":"https:\/\/sammler.com.pl\/de\/wp-json\/wp\/v2\/product"}],"about":[{"href":"https:\/\/sammler.com.pl\/de\/wp-json\/wp\/v2\/types\/product"}],"wp:featuredmedia":[{"embeddable":true,"href":"https:\/\/sammler.com.pl\/de\/wp-json\/wp\/v2\/media\/1050"}],"wp:attachment":[{"href":"https:\/\/sammler.com.pl\/de\/wp-json\/wp\/v2\/media?parent=1038"}],"wp:term":[{"taxonomy":"product_brand","embeddable":true,"href":"https:\/\/sammler.com.pl\/de\/wp-json\/wp\/v2\/product_brand?post=1038"},{"taxonomy":"product_cat","embeddable":true,"href":"https:\/\/sammler.com.pl\/de\/wp-json\/wp\/v2\/product_cat?post=1038"},{"taxonomy":"product_tag","embeddable":true,"href":"https:\/\/sammler.com.pl\/de\/wp-json\/wp\/v2\/product_tag?post=1038"}],"curies":[{"name":"wp","href":"https:\/\/api.w.org\/{rel}","templated":true}]}}