{"id":369,"date":"2023-03-13T11:01:01","date_gmt":"2023-03-13T10:01:01","guid":{"rendered":"https:\/\/sammler.uxtivity.com\/?page_id=369"},"modified":"2023-03-13T11:31:40","modified_gmt":"2023-03-13T10:31:40","slug":"regulamin-newslettera","status":"publish","type":"page","link":"https:\/\/sammler.com.pl\/de\/vorschriften-newsletter\/","title":{"rendered":"Bedin\u00adgun\u00adgen und Kon\u00addi\u00adtio\u00adnen des Newslet\u00adters"},"content":{"rendered":"<h2 class=\"wp-block-heading\">Allgemeine Gesch\u00e4ftsbedingungen f\u00fcr den Newsletter des SAMMLER RECBORD Shops<\/h2>\n\n\n\n<p><strong>Die Bes\u00adtim\u00admungen \u00fcber den Vorzug\u00adsun\u00adternehmer gel\u00adten f\u00fcr Vertr\u00e4ge, die ab dem 1. Jan\u00adu\u00adar 2021 abgeschlossen wer\u00adden.<\/strong><\/p>\n\n\n\n<p><strong>INHALTSVERZEICHNIS<\/strong><br><strong>\u00a7 1<\/strong>&nbsp;Def\u00adi\u00adn\u00adi\u00adtio\u00adnen<br><strong>\u00a7 2<\/strong>&nbsp;Newslet\u00adter<br><strong>\u00a7 3<\/strong>&nbsp;Bean\u00adstan\u00addun\u00adgen<br><strong>\u00a7 4<\/strong>&nbsp;Per\u00ads\u00f6n\u00adliche Dat\u00aden<br><strong>\u00a7 5<\/strong>&nbsp;Schluss\u00adbes\u00adtim\u00admungen<\/p>\n\n\n\n<h3 class=\"wp-block-heading\"><strong>\u00a7 1 BEGRIFFSBESTIMMUNGEN<\/strong><\/h3>\n\n\n\n<p><strong>Ver\u00adbrauch\u00ader<\/strong>&nbsp;\u2014 Ver\u00adbrauch\u00ader im Sinne des B\u00fcrg\u00ader\u00adlichen Geset\u00adzbuch\u00ades.<br><strong>Newslet\u00adter<\/strong>&nbsp;\u2014 ein kosten\u00adlos\u00ader elek\u00adtro\u00adn\u00adis\u00adch\u00ader Dienst, mit dem der Kunde vom Dien\u00adstan\u00adbi\u00adeter auf elek\u00adtro\u00adn\u00adis\u00adchem Wege vorbestellte Nachricht\u00aden \u00fcber den Laden erhal\u00adten kann, ein\u00adschlie\u00dflich Infor\u00adma\u00adtio\u00adnen \u00fcber Ange\u00adbote, Wer\u00adbeak\u00adtio\u00adnen und Neuigkeit\u00aden im Laden.<br><strong>Priv\u00adi\u00adlegiert\u00ader Gewer\u00adbe\u00adtreiben\u00adder<\/strong>- eine nat\u00fcr\u00adliche Per\u00adson, die mit dem Dien\u00adstleis\u00adtungser\u00adbringer einen Ver\u00adtrag abschlie\u00dft, der in direk\u00adtem Zusam\u00admen\u00adhang mit ihrer Gesch\u00e4ft\u00adst\u00e4tigkeit ste\u00adht, aber f\u00fcr sie nicht beru\u00adflich ist (Def\u00adi\u00adn\u00adi\u00adtion gilt f\u00fcr Vertr\u00e4ge, die ab dem 1. Jan\u00adu\u00adar 2021 abgeschlossen wer\u00adden).<br><strong>Shop<\/strong>&nbsp;\u2014 SAMMLER RECBORD-Online-Shop, der vom Dien\u00adstan\u00adbi\u00adeter unter fol\u00adgen\u00adder Adresse betrieben wird <a href=\"https:\/\/recbord.com.pl\" data-type=\"URL\" data-id=\"https:\/\/recbord.com.pl\" target=\"_blank\" rel=\"noopener\">https:\/\/recbord.com.pl<\/a><br><strong>Kunde<\/strong>&nbsp;\u2014 jed\u00ader, der den Newslet\u00adter-Dienst nutzt.<br><strong>Vor\u00adrangiger Kunde<\/strong>&nbsp;\u2014 Priv\u00adi\u00adlegiert f\u00fcr Ver\u00adbrauch\u00ader oder Unternehmen.<br><strong>Dien\u00adstan\u00adbi\u00adeter<\/strong>&nbsp;\u2014 SAMMLER Sp\u00f3\u0142\u00adka z ogranic\u00adzon\u0105 odpowiedzial\u00adno\u015b\u00adci\u0105 [SAMMLER Gesellschaft mit beschr\u00e4nk\u00adter Haf\u00adtung] mit Sitz in Poz\u00adna\u0144 (61\u2013696), ul. Serb\u00ads\u00adka 17\/6, einge\u00adtra\u00adgen im Unternehmer\u00adreg\u00adis\u00adter des Lan\u00addes\u00adgericht\u00adsreg\u00adis\u00adters, das vom Bezirks\u00adgericht Poz\u00adna\u0144 \u2014 Nowe Mias\u00adto und Wil\u00adda in Poz\u00adna\u0144, VIII. Han\u00addelsabteilung des Lan\u00addes\u00adgericht\u00adsreg\u00adis\u00adters gef\u00fchrt wird, unter der Num\u00admer: 0000412881, NIP: 7773224573, REGON: 302060570, Stammkap\u00adi\u00adtal von 75.000,00 PLN.<br><br><\/p>\n\n\n\n<h3 class=\"wp-block-heading\"><strong>\u00a7 2 Newsletter<\/strong><\/h3>\n\n\n\n<ol class=\"wp-block-list\" type=\"1\" start=\"1\">\n<li>Der Kunde kann den Newslet\u00adter-Dienst frei\u00adwillig nutzen.<\/li>\n\n\n\n<li>Um den Newslet\u00adter-Dienst nutzen zu k\u00f6n\u00adnen, ist ein Ger\u00e4t mit einem Web\u00adbrows\u00ader in der neuesten Ver\u00adsion, der JavaScript und Cook\u00adies unter\u00adst\u00fctzt, mit Inter\u00adnet\u00adzu\u00adgang und einem aktiv\u00aden E\u2011Mail-Kon\u00adto erforder\u00adlich.<\/li>\n\n\n\n<li>Die im Rah\u00admen dieses Dien\u00adstes versende\u00adten E\u2011Mails wer\u00adden an die E\u2011Mail-Adresse gesendet, die der Kunde bei der Anmel\u00addung zum Newslet\u00adter angegeben hat.<\/li>\n\n\n\n<li>Um einen Ver\u00adtrag abzuschlie\u00dfen und sich f\u00fcr den Newslet\u00adter-Dienst anzumelden, muss der Kunde im ersten Schritt im Shop seine E\u2011Mail-Adresse angeben, an die er die im Rah\u00admen des Newslet\u00adters ver\u00adsandten Nachricht\u00aden erhal\u00adten m\u00f6chte. Mit der Anmel\u00addung zum Newslet\u00adter kommt ein Dien\u00adstleis\u00adtungsver\u00adtrag zus\u00adtande und der Dien\u00adstleis\u00adter begin\u00adnt mit der Bere\u00adit\u00adstel\u00adlung des Dien\u00adstes f\u00fcr den Kun\u00adden \u2014 vor\u00adbe\u00adhaltlich Abschnitt 5.<\/li>\n\n\n\n<li>F\u00fcr die ord\u00adnungs\u00adgem\u00e4\u00dfe Durch\u00adf\u00fchrung des Newslet\u00adter-Dien\u00adstes ist der Kunde verpflichtet, seine kor\u00adrek\u00adte E\u2011Mail-Adresse anzugeben.<\/li>\n\n\n\n<li>Nachricht\u00aden, die im Rah\u00admen des Newslet\u00adters ver\u00adschickt wer\u00adden, enthal\u00adten Infor\u00adma\u00adtio\u00adnen \u00fcber die M\u00f6glichkeit, sich abzumelden, sowie einen Link zum Abbestellen.<\/li>\n\n\n\n<li>Der Kunde kann den Newslet\u00adter jed\u00aderzeit ohne Angabe von Gr\u00fcn\u00adden und ohne Kosten abbestellen, indem er die in Absatz 6 genan\u00adnte Option nutzt oder eine Nachricht an die E\u2011Mail-Adresse des Dien\u00adstean\u00adbi\u00adeters schickt:&nbsp;<a href=\"mailto:sprzedaz@sammler.com.pl\" data-type=\"mailto\" data-id=\"mailto:sprzedaz@sammler.com.pl\">sprzedaz@sammler.com.pl<\/a><\/li>\n\n\n\n<li>Wenn der Kunde den Link zum Abbestellen des Newslet\u00adters benutzt oder eine Nachricht mit der Bitte um Abbestel\u00adlung des Newslet\u00adters sendet, f\u00fchrt dies zur sofor\u00adti\u00adgen Beendi\u00adgung des Ver\u00adtrags \u00fcber die Bere\u00adit\u00adstel\u00adlung dieses Dien\u00adstes.<\/li>\n<\/ol>\n\n\n\n<h3 class=\"wp-block-heading\"><strong>\u00a7 3 Beschwerden<\/strong><\/h3>\n\n\n\n<ol class=\"wp-block-list\" type=\"1\" start=\"1\">\n<li>Beschw\u00ader\u00adden \u00fcber den Newslet\u00adter sind an den Dien\u00adstan\u00adbi\u00adeter unter der angegebe\u00adnen E\u2011Mail-Adresse zu richt\u00aden:&nbsp;<a href=\"mailto:sprzedaz@sammler.com.pl\" data-type=\"mailto\" data-id=\"mailto:sprzedaz@sammler.com.pl\">sprzedaz@sammler.com.pl<\/a><\/li>\n\n\n\n<li>Der Dien\u00adstleis\u00adter wird die Beschw\u00aderde inner\u00adhalb von 14 Tagen nach Erhalt der Beschw\u00aderde beant\u00adworten.<br><br><strong>AUSSERGERICHTLICHE BESCHWERDE- UND RECHTSBEHELFSVERFAHREN<\/strong><\/li>\n\n\n\n<li>F\u00fchrt das Beschw\u00aderde\u00adv\u00ader\u00adfahren nicht zu dem vom Ver\u00adbrauch\u00ader-Kun\u00adden erwarteten Ergeb\u00adnis, kann der Ver\u00adbrauch\u00ader u. a. fol\u00adgende M\u00f6glichkeit\u00aden in Anspruch nehmen:\n<ol class=\"wp-block-list\" type=\"1\" start=\"1\">\n<li>Schlich\u00adtung durch die \u00f6rtlich zust\u00e4ndi\u00adge Woi\u00adwod\u00adschaftsin\u00adspek\u00adtion f\u00fcr Gewer\u00adbeauf\u00adsicht, bei der ein Antrag auf Schlich\u00adtung gestellt wer\u00adden sollte. Das Ver\u00adfahren ist in der Regel kosten\u00adlos. Die Liste der Inspek\u00adtorate find\u00aden Sie hier: <a href=\"https:\/\/www.uokik.gov.pl\/wazne_adresy.php#faq595\" data-type=\"URL\" data-id=\"https:\/\/www.uokik.gov.pl\/wazne_adresy.php#faq595\" target=\"_blank\" rel=\"noopener\">https:\/\/www.uokik.gov.pl\/wazne_adresy.php#faq595<\/a>;<\/li>\n\n\n\n<li>mit Hil\u00adfe des zust\u00e4ndi\u00adgen st\u00e4ndi\u00adgen Ver\u00adbrauch\u00ader\u00adschieds\u00adgerichts, das bei der Gewer\u00adbeauf\u00adsicht der Prov\u00adinz t\u00e4tig ist und bei dem ein Antrag auf Pr\u00fc\u00adfung des Fall\u00ades vor dem Schieds\u00adgericht ein\u00adgere\u00adicht wer\u00adden muss. Das Ver\u00adfahren ist in der Regel kosten\u00adlos. Eine Liste der Gerichte find\u00aden Sie unter: <a href=\"https:\/\/www.uokik.gov.pl\/wazne_adresy.php#faq596\" data-type=\"URL\" data-id=\"https:\/\/www.uokik.gov.pl\/wazne_adresy.php#faq596\" target=\"_blank\" rel=\"noopener\">https:\/\/www.uokik.gov.pl\/wazne_adresy.php#faq596;<\/a><\/li>\n\n\n\n<li>kosten\u00adlose Unter\u00adst\u00fctzung durch den Ver\u00adbrauch\u00ader-Ombuds\u00admann der Gemeinde oder des Bezirks;<\/li>\n\n\n\n<li>Die Online-Plat\u00adtform der ODR ist ver\u00adf\u00fcg\u00adbar unter: <a href=\"https:\/\/ec.europa.eu\/consumers\/odr\/main\/?event=main.home.howitworks\" data-type=\"URL\" data-id=\"https:\/\/ec.europa.eu\/consumers\/odr\/main\/?event=main.home.howitworks\" target=\"_blank\" rel=\"noopener\">https:\/\/ec.europa.eu\/consumers\/odr\/main\/?event=main.home.howitworks<\/a>.<\/li>\n<\/ol>\n<\/li>\n<\/ol>\n\n\n\n<h3 class=\"wp-block-heading\"><strong>\u00a7 4 Personenbezogene Daten<\/strong><\/h3>\n\n\n\n<ol class=\"wp-block-list\" type=\"1\" start=\"1\">\n<li>Ver\u00adwal\u00adter der vom Kun\u00adden im Zusam\u00admen\u00adhang mit dem Newslet\u00adter-Abon\u00adnement bere\u00adit\u00adgestell\u00adten per\u00adso\u00adn\u00aden\u00adbe\u00adzo\u00adge\u00adnen Dat\u00aden ist der Dien\u00adstan\u00adbi\u00adeter. Detail\u00adlierte Infor\u00adma\u00adtio\u00adnen \u00fcber die Ver\u00adar\u00adbeitung per\u00adso\u00adn\u00aden\u00adbe\u00adzo\u00adgen\u00ader Dat\u00aden durch den Dien\u00adstleis\u00adter \u2014 ein\u00adschlie\u00dflich ander\u00ader Zwecke und Gr\u00fcnde f\u00fcr die Daten\u00adver\u00adar\u00adbeitung sowie die Empf\u00e4nger der Dat\u00aden \u2014 find\u00aden Sie in der Daten\u00adschutzerk\u00adl\u00e4rung, die im Shop ver\u00adf\u00fcg\u00adbar ist \u2014 auf\u00adgrund des Trans\u00adparen\u00adzprinzips, das in der All\u00adge\u00admeinen Daten\u00adschutzverord\u00adnung des Europ\u00e4is\u00adchen Par\u00adla\u00adments und des Rates (EU) \u2014 \u201c<strong>RODO<\/strong>\u201d.<\/li>\n\n\n\n<li>Der Zweck der Ver\u00adar\u00adbeitung der Dat\u00aden des Kun\u00adden ist der Ver\u00adsand des Newslet\u00adters. Die Grund\u00adlage f\u00fcr die Ver\u00adar\u00adbeitung per\u00adso\u00adn\u00aden\u00adbe\u00adzo\u00adgen\u00ader Dat\u00aden ist in diesem Fall der Dien\u00adstleis\u00adtungsver\u00adtrag oder die auf Ersuchen des Dien\u00adstleis\u00adtungsempf\u00e4ngers ergrif\u00adf\u00ade\u00adnen Ma\u00df\u00adnah\u00admen, die auf den Abschluss dieses Ver\u00adtrags abzie\u00adlen (Artikel 6 Absatz 1 Buch\u00adstabe b) RODO), sowie das berechtigte Inter\u00adesse des Dien\u00adstleis\u00adtungser\u00adbringers an der Ver\u00adar\u00adbeitung von Dat\u00aden zum Zwecke der Fest\u00adstel\u00adlung, Unter\u00adsuchung oder Abwehr m\u00f6glich\u00ader Anspr\u00fcche (Artikel 6 Absatz 1 Buch\u00adstabe f) RODO).<\/li>\n\n\n\n<li>Die Bere\u00adit\u00adstel\u00adlung der Dat\u00aden durch den Kun\u00adden ist frei\u00adwillig, aber gle\u00adichzeit\u00adig notwendig, um den Newslet\u00adter-Dienst zu erbrin\u00adgen. Die Nicht\u00adbere\u00adit\u00adstel\u00adlung von Dat\u00aden bedeutet, dass der Dien\u00adstan\u00adbi\u00adeter nicht in der Lage ist, diesen Dienst zu erbrin\u00adgen.<\/li>\n\n\n\n<li>Die Dat\u00aden des Dien\u00adstleis\u00adtungsempf\u00e4ngers wer\u00adden bis zu diesem Zeit\u00adpunkt ver\u00adar\u00adbeit\u00adet:\n<ol class=\"wp-block-list\" type=\"1\" start=\"1\">\n<li>Der Kunde wird den Newslet\u00adter abbestellen;<\/li>\n\n\n\n<li>ent\u00adf\u00e4llt die M\u00f6glichkeit f\u00fcr den Kun\u00adden oder den Dien\u00adstleis\u00adter, Anspr\u00fcche im Zusam\u00admen\u00adhang mit dem Newslet\u00adter gel\u00adtend zu machen;<\/li>\n\n\n\n<li>der Ein\u00adspruch des Kun\u00adden gegen die Ver\u00adar\u00adbeitung sein\u00ader per\u00adso\u00adn\u00aden\u00adbe\u00adzo\u00adge\u00adnen Dat\u00aden akzep\u00adtiert wird \u2014 wenn die Ver\u00adar\u00adbeitung auf dem berechtigten Inter\u00adesse des Dien\u00adstleis\u00adters beruht<\/li>\n<\/ol>\n<\/li>\n<\/ol>\n\n\n\n<p>- je nach\u00addem, was in dem betr\u00ade\u00adf\u00adfend\u00aden Fall anwend\u00adbar ist und welch\u00ades das let\u00adzte ist.<\/p>\n\n\n\n<ol class=\"wp-block-list\" type=\"1\" start=\"5\">\n<li>Der Kunde ist berechtigt, dies zu ver\u00adlan\u00adgen:\n<ol class=\"wp-block-list\" type=\"1\" start=\"1\">\n<li>Zugang zu ihren per\u00ads\u00f6n\u00adlichen Dat\u00aden,<\/li>\n\n\n\n<li>ihre Berich\u00adti\u00adgung,<\/li>\n\n\n\n<li>L\u00f6schun\u00adgen,<\/li>\n\n\n\n<li>Ein\u00adschr\u00e4nkung der Ver\u00adar\u00adbeitung,<\/li>\n\n\n\n<li>\u00dcber\u00admit\u00adtlung von Dat\u00aden an einen anderen f\u00fcr die Ver\u00adar\u00adbeitung Ver\u00adant\u00adwortlichen<br>wie auch das Gesetz:<\/li>\n\n\n\n<li>jed\u00aderzeit aus Gr\u00fcn\u00adden, die sich aus der beson\u00adderen Sit\u00adu\u00ada\u00adtion des Dien\u00adstleis\u00adtungsempf\u00e4ngers ergeben, gegen die Ver\u00adar\u00adbeitung der ihn betr\u00ade\u00adf\u00adfend\u00aden per\u00adso\u00adn\u00aden\u00adbe\u00adzo\u00adge\u00adnen Dat\u00aden auf der Grund\u00adlage von Artikel 6 Absatz 1 Buch\u00adstabe f der DSGVO (d. h. auf der Grund\u00adlage der von dem f\u00fcr die Ver\u00adar\u00adbeitung Ver\u00adant\u00adwortlichen ver\u00adfol\u00adgten berechtigten Inter\u00adessen) Wider\u00adspruch einzule\u00adgen.<\/li>\n<\/ol>\n<\/li>\n\n\n\n<li>Um seine Rechte gel\u00adtend zu machen, sollte der Kunde den Dien\u00adstleis\u00adter kon\u00adtak\u00adtieren.<\/li>\n\n\n\n<li>Ist der Dien\u00adstleis\u00adtungsempf\u00e4nger der Ansicht, dass seine Dat\u00aden unrecht\u00adm\u00e4\u00dfig ver\u00adar\u00adbeit\u00adet wer\u00adden, kann er eine Beschw\u00aderde beim Pr\u00e4si\u00adden\u00adten der Daten\u00adschutzbe\u00adh\u00f6rde ein\u00adre\u00adichen.<\/li>\n<\/ol>\n\n\n\n<h3 class=\"wp-block-heading\"><strong>\u00a7 5 Schlussbestimmungen<\/strong><\/h3>\n\n\n\n<ol class=\"wp-block-list\" type=\"1\" start=\"1\">\n<li>Der Dien\u00adstan\u00adbi\u00adeter beh\u00e4lt sich das Recht vor, diese Bedin\u00adgun\u00adgen nur aus wichtigem Grund zu \u00e4ndern. Als wichtiger Grund gilt die Notwendigkeit der \u00c4nderung der Regeln und Vorschriften auf\u00adgrund der Mod\u00adernisierung des Newslet\u00adter-Dien\u00adstes oder der \u00c4nderung der geset\u00adzlichen Vorschriften, die sich auf die Erbringung des Dien\u00adstes durch den Dien\u00adstan\u00adbi\u00adeter auswirken.<\/li>\n\n\n\n<li>Die Infor\u00adma\u00adtion \u00fcber die geplante \u00c4nderung der Bes\u00adtim\u00admungen wird min\u00addestens 7 Tage vor Inkraft\u00adtreten der \u00c4nderung an die bei der Anmel\u00addung zum Newslet\u00adter angegebene E\u2011Mail-Adresse des Kun\u00adden gesendet.<\/li>\n\n\n\n<li>Wider\u00adspricht der Dien\u00adstleis\u00adtungsempf\u00e4nger den geplanten \u00c4nderun\u00adgen nicht bis zum Zeit\u00adpunkt ihres Inkraft\u00adtretens, so gel\u00adten sie als von ihm akzep\u00adtiert.<\/li>\n\n\n\n<li>Ist der Kunde mit den geplanten \u00c4nderun\u00adgen nicht ein\u00adver\u00adstanden, muss er dies an die E\u2011Mail-Adresse des Dien\u00adstleis\u00adters mit\u00adteilen:&nbsp;<a href=\"mailto:bok@sammler.com.pl\">bok@sammler.com.pl<\/a>was zur Beendi\u00adgung des Dien\u00adstleis\u00adtungsver\u00adtrags f\u00fchren wird, wenn die geplanten \u00c4nderun\u00adgen in Kraft treten.<\/li>\n\n\n\n<li>Die Bere\u00adit\u00adstel\u00adlung rechtswidriger Inhalte durch den Kun\u00adden ist unter\u00adsagt.<\/li>\n\n\n\n<li>Der Newslet\u00adter-Dien\u00adstleis\u00adtungsver\u00adtrag wird in pol\u00adnis\u00adch\u00ader Sprache abgeschlossen.<\/li>\n\n\n\n<li>Im Falle eines Kun\u00adden, der kein priv\u00adi\u00adlegiert\u00ader Kunde ist, ist das Gericht zust\u00e4ndig, das f\u00fcr den Sitz des Dien\u00adstleis\u00adters zust\u00e4ndig ist.<\/li>\n<\/ol>","protected":false},"excerpt":{"rendered":"<p>Regulamin newslettera sklepu SAMMLER RECBORD Postanowienia dotycz\u0105ce Przedsi\u0119biorcy uprzywilejowanego maj\u0105 zastosowanie do um\u00f3w zawartych od dnia 1 stycznia 2021 r. SPIS TRE\u015aCI\u00a7 1&nbsp;Definicje\u00a7 2&nbsp;Newsletter\u00a7 3&nbsp;Reklamacje\u00a7 4&nbsp;Dane osobowe\u00a7 5&nbsp;Postanowienia ko\u0144cowe \u00a7 1 DEFINICJE Konsument\u00a0\u2013 konsument w rozumieniu przepis\u00f3w Kodeksu cywilnego.Newsletter\u00a0\u2013 nieodp\u0142atnie \u015bwiadczona drog\u0105 elektroniczn\u0105 us\u0142uga, dzi\u0119ki kt\u00f3rej Us\u0142ugobiorca mo\u017ce otrzymywa\u0107 od Us\u0142ugodawcy drog\u0105 elektroniczn\u0105 uprzednio zam\u00f3wione [&hellip;]<\/p>\n","protected":false},"author":16,"featured_media":272,"parent":0,"menu_order":0,"comment_status":"closed","ping_status":"closed","template":"","meta":{"_acf_changed":false,"wp_typography_post_enhancements_disabled":false,"footnotes":""},"class_list":["post-369","page","type-page","status-publish","has-post-thumbnail","hentry"],"acf":[],"_links":{"self":[{"href":"https:\/\/sammler.com.pl\/de\/wp-json\/wp\/v2\/pages\/369","targetHints":{"allow":["GET"]}}],"collection":[{"href":"https:\/\/sammler.com.pl\/de\/wp-json\/wp\/v2\/pages"}],"about":[{"href":"https:\/\/sammler.com.pl\/de\/wp-json\/wp\/v2\/types\/page"}],"author":[{"embeddable":true,"href":"https:\/\/sammler.com.pl\/de\/wp-json\/wp\/v2\/users\/16"}],"replies":[{"embeddable":true,"href":"https:\/\/sammler.com.pl\/de\/wp-json\/wp\/v2\/comments?post=369"}],"version-history":[{"count":0,"href":"https:\/\/sammler.com.pl\/de\/wp-json\/wp\/v2\/pages\/369\/revisions"}],"wp:featuredmedia":[{"embeddable":true,"href":"https:\/\/sammler.com.pl\/de\/wp-json\/wp\/v2\/media\/272"}],"wp:attachment":[{"href":"https:\/\/sammler.com.pl\/de\/wp-json\/wp\/v2\/media?parent=369"}],"curies":[{"name":"wp","href":"https:\/\/api.w.org\/{rel}","templated":true}]}}