{"id":367,"date":"2023-03-13T10:54:14","date_gmt":"2023-03-13T09:54:14","guid":{"rendered":"https:\/\/sammler.uxtivity.com\/?page_id=367"},"modified":"2023-03-13T11:28:10","modified_gmt":"2023-03-13T10:28:10","slug":"regulamin-konta","status":"publish","type":"page","link":"https:\/\/sammler.com.pl\/de\/kontoregeln\/","title":{"rendered":"Bedin\u00adgun\u00adgen und Kon\u00addi\u00adtio\u00adnen"},"content":{"rendered":"<h2 class=\"wp-block-heading\">SAMMLER RECBORD Konto Bedingungen und Konditionen<\/h2>\n\n\n\n<p><strong>Die Bes\u00adtim\u00admungen \u00fcber den Vorzug\u00adsun\u00adternehmer gel\u00adten f\u00fcr Vertr\u00e4ge, die ab dem 1. Jan\u00adu\u00adar 2021 abgeschlossen wer\u00adden.<\/strong><\/p>\n\n\n\n<p><strong>INHALTSVERZEICHNIS<\/strong><br><strong>\u00a7 1<\/strong>&nbsp;Def\u00adi\u00adn\u00adi\u00adtio\u00adnen<br><strong>\u00a7 2<\/strong>&nbsp;Kon\u00adtakt mit dem Verk\u00e4ufer<br><strong>\u00a7 3<\/strong>&nbsp;Tech\u00adnis\u00adche Anforderun\u00adgen<br><strong>\u00a7 4<\/strong>&nbsp;Kon\u00adto<br><strong>\u00a7 5<\/strong>&nbsp;Bean\u00adstan\u00addun\u00adgen<br><strong>\u00a7 6<\/strong>&nbsp;Per\u00ads\u00f6n\u00adliche Dat\u00aden<br><strong>\u00a7 7<\/strong>&nbsp;Reservierun\u00adgen<\/p>\n\n\n\n<h3 class=\"wp-block-heading\"><strong>\u00a7 1 BEGRIFFSBESTIMMUNGEN<\/strong><\/h3>\n\n\n\n<p><strong>Ver\u00adbrauch\u00ader<\/strong>&nbsp;\u2014 Ver\u00adbrauch\u00ader im Sinne des B\u00fcrg\u00ader\u00adlichen Geset\u00adzbuch\u00ades.<br><strong>Kon\u00adto<\/strong>&nbsp;\u2014 eine in diesen Bedin\u00adgun\u00adgen geregelte kosten\u00adlose Funk\u00adtion des Shops (Ser\u00advice), mit der der K\u00e4ufer ein indi\u00advidu\u00adelles Kon\u00adto im Shop er\u00f6ff\u00adnen kann.<br><strong>K\u00e4ufer<\/strong>&nbsp;\u2014 jede Per\u00adson, die im Shop einkauft.<br><strong>Vor\u00adrangiger K\u00e4ufer<\/strong>&nbsp;\u2014 Priv\u00adi\u00adlegiert f\u00fcr Ver\u00adbrauch\u00ader oder Unternehmen.<br><strong>Priv\u00adi\u00adlegiert\u00ader Gewer\u00adbe\u00adtreiben\u00adder<\/strong>&nbsp;\u2014 eine nat\u00fcr\u00adliche Per\u00adson, die mit dem Verk\u00e4ufer einen Ver\u00adtrag abschlie\u00dft, der in direk\u00adtem Zusam\u00admen\u00adhang mit ihrer gesch\u00e4ftlichen T\u00e4tigkeit ste\u00adht, aber f\u00fcr sie nicht beru\u00adflich ist (Def\u00adi\u00adn\u00adi\u00adtion gilt f\u00fcr Vertr\u00e4ge, die ab dem 1. Jan\u00adu\u00adar 2021 abgeschlossen wer\u00adden).<br><strong>Shop<\/strong>&nbsp;\u2014 SAMMLER RECBORD-Online-Shop, der vom Verk\u00e4ufer unter fol\u00adgen\u00adder Adresse betrieben wird <a href=\"https:\/\/recbord.com.pl\" data-type=\"URL\" data-id=\"https:\/\/recbord.com.pl\" target=\"_blank\" rel=\"noopener\">https:\/\/recbord.com.pl<\/a><br><strong>Verk\u00e4ufer<\/strong>&nbsp;\u2014 SAMMLER Sp\u00f3\u0142\u00adka z ogranic\u00adzon\u0105 odpowiedzial\u00adno\u015b\u00adci\u0105 [SAMMLER Gesellschaft mit beschr\u00e4nk\u00adter Haf\u00adtung] mit Sitz in Poz\u00adna\u0144 (61\u2013696), ul. Serb\u00ads\u00adka 17\/6, einge\u00adtra\u00adgen im Unternehmer\u00adreg\u00adis\u00adter des Lan\u00addes\u00adgericht\u00adsreg\u00adis\u00adters, das vom Bezirks\u00adgericht Poz\u00adna\u0144 \u2014 Nowe Mias\u00adto und Wil\u00adda in Poz\u00adna\u0144, VIII. Han\u00addelsabteilung des Lan\u00addes\u00adgericht\u00adsreg\u00adis\u00adters gef\u00fchrt wird, unter der Num\u00admer: 0000412881, NIP: 7773224573, REGON: 302060570, Stammkap\u00adi\u00adtal von 75.000,00 PLN.<\/p>\n\n\n\n<h3 class=\"wp-block-heading\"><strong>\u00a7 2 KONTAKTAUFNAHME MIT DEM VERK\u00c4UFER<\/strong><\/h3>\n\n\n\n<ol class=\"wp-block-list\" type=\"1\" start=\"1\">\n<li>Postan\u00adschrift: Rud\u00adni\u00adki 6F, 64\u2013330 Opaleni\u00adca<\/li>\n\n\n\n<li>E\u2011Mail Adresse: <a href=\"mailto:sprzedaz@sammler.com.pl\" data-type=\"mailto\" data-id=\"mailto:sprzedaz@sammler.com.pl\">sprzedaz@sammler.com.pl<\/a><\/li>\n\n\n\n<li>Tele\u00adfon: <a href=\"Tel:+48507249073\" data-type=\"tel\" data-id=\"tel:+48507249073\">+48 507249073<\/a><\/li>\n<\/ol>\n\n\n\n<h3 class=\"wp-block-heading\"><strong>\u00a7 3 TECHNISCHE ANFORDERUNGEN<\/strong><\/h3>\n\n\n\n<ol class=\"wp-block-list\" type=\"1\" start=\"1\">\n<li>F\u00fcr das ord\u00adnungs\u00adgem\u00e4\u00dfe Funk\u00adtion\u00adieren und die Erstel\u00adlung eines Kon\u00adtos ben\u00f6ti\u00adgen Sie:\n<ul class=\"wp-block-list\">\n<li>aktives E\u2011Mail-Kon\u00adto<\/li>\n\n\n\n<li>ein Ger\u00e4t mit Inter\u00adnet\u00adzu\u00adgang<\/li>\n\n\n\n<li>einen Web\u00adbrows\u00ader, der JavaScript und Cook\u00adies unter\u00adst\u00fctzt<\/li>\n<\/ul>\n<\/li>\n<\/ol>\n\n\n\n<h3 class=\"wp-block-heading\"><strong>\u00a7 4 KONTO<\/strong><\/h3>\n\n\n\n<ol class=\"wp-block-list\" type=\"1\" start=\"1\">\n<li>Die Ein\u00adrich\u00adtung eines Kon\u00adtos ist v\u00f6l\u00adlig frei\u00adwillig und h\u00e4ngt vom Willen des K\u00e4ufers ab.<\/li>\n\n\n\n<li>Ein Kon\u00adto bietet dem K\u00e4ufer zus\u00e4t\u00adzliche M\u00f6glichkeit\u00aden, wie z.B. die Ein\u00adsicht in die His\u00adto\u00adrie der vom K\u00e4ufer im Shop get\u00e4tigten Bestel\u00adlun\u00adgen, die \u00dcber\u00adpr\u00fc\u00adfung des Sta\u00adtus ein\u00ader Bestel\u00adlung oder die Bear\u00adbeitung der Dat\u00aden des K\u00e4ufers selb\u00adst.<\/li>\n\n\n\n<li>Um ein Kon\u00adto einzuricht\u00aden, m\u00fcssen Sie das entsprechende For\u00admu\u00adlar im Shop aus\u00adf\u00fcllen.<\/li>\n\n\n\n<li>Mit der Ein\u00adrich\u00adtung eines Kon\u00adtos wird zwis\u00adchen dem K\u00e4ufer und dem Verk\u00e4ufer ein Ver\u00adtrag auf unbes\u00adtimmte Zeit \u00fcber die F\u00fchrung des Kon\u00adtos zu den in dieser Gesch\u00e4ft\u00adsor\u00add\u00adnung fest\u00adgelegten Bedin\u00adgun\u00adgen geschlossen.<\/li>\n\n\n\n<li>Der K\u00e4ufer kann das Kon\u00adto jed\u00aderzeit k\u00fcndi\u00adgen, ohne dass ihm irgendwelche Kosten entste\u00adhen.<\/li>\n\n\n\n<li>Um das Kon\u00adto zu k\u00fcndi\u00adgen, m\u00fcssen Sie Ihre K\u00fcndi\u00adgung an den Verk\u00e4ufer unter der E\u2011Mail-Adresse: sprzedaz@sammler.com.pl, was die sofor\u00adtige L\u00f6schung des Kon\u00adtos und die Beendi\u00adgung des Kon\u00adtover\u00adtrags zur Folge hat.<\/li>\n<\/ol>\n\n\n\n<h3 class=\"wp-block-heading\"><strong>\u00a7 5 BESCHWERDEN<\/strong><\/h3>\n\n\n\n<ol class=\"wp-block-list\" type=\"1\" start=\"1\">\n<li>Beschw\u00ader\u00adden \u00fcber die Funk\u00adtion\u00adsweise des Kon\u00adtos sind an die E\u2011Mail-Adresse zu richt\u00aden: <a href=\"mailto:sprzedaz@sammler.com.pl\" data-type=\"mailto\" data-id=\"mailto:sprzedaz@sammler.com.pl\">sprzedaz@sammler.com.pl<\/a><\/li>\n\n\n\n<li>Die Rekla\u00adma\u00adtion wird vom Verk\u00e4ufer inner\u00adhalb von 14 Tagen bear\u00adbeit\u00adet.<br><br><strong>AUSSERGERICHTLICHE BESCHWERDE- UND RECHTSBEHELFSVERFAHREN<\/strong><\/li>\n\n\n\n<li>F\u00fchrt das Beschw\u00aderde\u00adv\u00ader\u00adfahren nicht zu dem vom Ver\u00adbrauch\u00ader erwarteten Ergeb\u00adnis, kann der Ver\u00adbrauch\u00ader unter anderem fol\u00adgende M\u00f6glichkeit\u00aden in Anspruch nehmen\n<ol class=\"wp-block-list\" type=\"1\" start=\"1\">\n<li>Schlich\u00adtung durch die \u00f6rtlich zust\u00e4ndi\u00adge Woi\u00adwod\u00adschaftsin\u00adspek\u00adtion f\u00fcr Gewer\u00adbeauf\u00adsicht, bei der ein Antrag auf Schlich\u00adtung gestellt wer\u00adden sollte. Das Ver\u00adfahren ist in der Regel kosten\u00adlos. Die Liste der Inspek\u00adtorate find\u00aden Sie hier: <a href=\"https:\/\/www.uokik.gov.pl\/wazne_adresy.php#faq595\" data-type=\"URL\" data-id=\"https:\/\/www.uokik.gov.pl\/wazne_adresy.php#faq595\" target=\"_blank\" rel=\"noopener\">https:\/\/www.uokik.gov.pl\/wazne_adresy.php#faq595<\/a>;<\/li>\n\n\n\n<li>mit Hil\u00adfe des zust\u00e4ndi\u00adgen st\u00e4ndi\u00adgen Ver\u00adbrauch\u00ader\u00adschieds\u00adgerichts, das bei der Gewer\u00adbeauf\u00adsicht der Prov\u00adinz t\u00e4tig ist und bei dem ein Antrag auf Pr\u00fc\u00adfung des Fall\u00ades vor dem Schieds\u00adgericht ein\u00adgere\u00adicht wer\u00adden muss. Das Ver\u00adfahren ist in der Regel kosten\u00adlos. Eine Liste der Gerichte find\u00aden Sie unter: <a href=\"https:\/\/www.uokik.gov.pl\/wazne_adresy.php#faq596\" data-type=\"URL\" data-id=\"https:\/\/www.uokik.gov.pl\/wazne_adresy.php#faq596\" target=\"_blank\" rel=\"noopener\">https:\/\/www.uokik.gov.pl\/wazne_adresy.php#faq596;<\/a><\/li>\n\n\n\n<li>kosten\u00adlose Unter\u00adst\u00fctzung durch den Ver\u00adbrauch\u00ader-Ombuds\u00admann der Gemeinde oder des Bezirks;<\/li>\n\n\n\n<li>Die Online-Plat\u00adtform der ODR ist ver\u00adf\u00fcg\u00adbar unter: <a href=\"https:\/\/ec.europa.eu\/consumers\/odr\/main\/?event=main.home.howitworks\" data-type=\"URL\" data-id=\"https:\/\/ec.europa.eu\/consumers\/odr\/main\/?event=main.home.howitworks\" target=\"_blank\" rel=\"noopener\">https:\/\/ec.europa.eu\/consumers\/odr\/main\/?event=main.home.howitworks<\/a>.<\/li>\n<\/ol>\n<\/li>\n<\/ol>\n\n\n\n<h3 class=\"wp-block-heading\">\u00a7 6 PERSONENBEZOGENE DATEN<\/h3>\n\n\n\n<ol class=\"wp-block-list\" type=\"1\" start=\"1\">\n<li>Der Ver\u00adwal\u00adter der vom K\u00e4ufer bei der Nutzung des Kon\u00adtos angegebe\u00adnen per\u00adso\u00adn\u00aden\u00adbe\u00adzo\u00adge\u00adnen Dat\u00aden ist der Verk\u00e4ufer. Detail\u00adlierte Infor\u00adma\u00adtio\u00adnen \u00fcber die Ver\u00adar\u00adbeitung per\u00adso\u00adn\u00aden\u00adbe\u00adzo\u00adgen\u00ader Dat\u00aden durch den Verk\u00e4ufer \u2014 ein\u00adschlie\u00dflich ander\u00ader Zwecke und Gr\u00fcnde f\u00fcr die Daten\u00adver\u00adar\u00adbeitung sowie die Empf\u00e4nger der Dat\u00aden \u2014 find\u00aden Sie in der Daten\u00adschutzerk\u00adl\u00e4rung, die im Shop ver\u00adf\u00fcg\u00adbar ist \u2014 auf\u00adgrund des Grund\u00adsatzes der Trans\u00adparenz, der in der All\u00adge\u00admeinen Verord\u00adnung des Europ\u00e4is\u00adchen Par\u00adla\u00adments und des Rates (EU) zum Daten\u00adschutz enthal\u00adten ist \u2014 \u201c<strong>RODO<\/strong>\u201d.<\/li>\n\n\n\n<li>Der Zweck der Ver\u00adar\u00adbeitung der Dat\u00aden des K\u00e4ufers ist die F\u00fchrung des Kon\u00adtos. Die Grund\u00adlage f\u00fcr die Ver\u00adar\u00adbeitung per\u00adso\u00adn\u00aden\u00adbe\u00adzo\u00adgen\u00ader Dat\u00aden ist in diesem Fall ein Ver\u00adtrag \u00fcber die Erbringung ein\u00ader Dien\u00adstleis\u00adtung oder auf Wun\u00adsch des K\u00e4ufers durchge\u00adf\u00fchrte Ma\u00df\u00adnah\u00admen, die auf den Abschluss eines solchen Ver\u00adtrags abzie\u00adlen (Artikel 6 Absatz 1 Buch\u00adstabe b) RODO), sowie das berechtigte Inter\u00adesse des Verk\u00e4ufers, das in der Ver\u00adar\u00adbeitung von Dat\u00aden zum Zweck der Fest\u00adstel\u00adlung, Unter\u00adsuchung oder Abwehr m\u00f6glich\u00ader Anspr\u00fcche beste\u00adht (Artikel 6 Absatz 1 Buch\u00adstabe f) RODO).<\/li>\n\n\n\n<li>Die Bere\u00adit\u00adstel\u00adlung der Dat\u00aden durch den K\u00e4ufer ist frei\u00adwillig, aber gle\u00adichzeit\u00adig notwendig, um das Kon\u00adto zu f\u00fchren. Die Nicht\u00adbere\u00adit\u00adstel\u00adlung der Dat\u00aden bedeutet, dass der Verk\u00e4ufer nicht in der Lage ist, die Kon\u00adto\u00addi\u00aden\u00adstleis\u00adtung zu erbrin\u00adgen.<\/li>\n\n\n\n<li>Die Dat\u00aden des K\u00e4ufers wer\u00adden bis zu diesem Zeit\u00adpunkt ver\u00adar\u00adbeit\u00adet:\n<ol class=\"wp-block-list\" type=\"1\" start=\"1\">\n<li>Das Kon\u00adto wird vom Verk\u00e4ufer auf Antrag des K\u00e4ufers gel\u00f6scht.<\/li>\n\n\n\n<li>erlis\u00adcht die M\u00f6glichkeit des K\u00e4ufers oder Verk\u00e4ufers, Anspr\u00fcche im Zusam\u00admen\u00adhang mit dem Kon\u00adto gel\u00adtend zu machen;<\/li>\n\n\n\n<li>dem Wider\u00adspruch des K\u00e4ufers gegen die Ver\u00adar\u00adbeitung sein\u00ader per\u00adso\u00adn\u00aden\u00adbe\u00adzo\u00adge\u00adnen Dat\u00aden stattgegeben wird \u2014 falls die Grund\u00adlage der Daten\u00adver\u00adar\u00adbeitung das berechtigte Inter\u00adesse des Verk\u00e4ufers war<\/li>\n<\/ol>\n<\/li>\n<\/ol>\n\n\n\n<p>- je nach\u00addem, was in dem betr\u00ade\u00adf\u00adfend\u00aden Fall anwend\u00adbar ist und welch\u00ades das let\u00adzte ist.<\/p>\n\n\n\n<ol class=\"wp-block-list\" type=\"1\" start=\"5\">\n<li>Der K\u00e4ufer ist berechtigt, zu ver\u00adlan\u00adgen:\n<ol class=\"wp-block-list\" type=\"1\" start=\"1\">\n<li>Zugang zu ihren per\u00ads\u00f6n\u00adlichen Dat\u00aden,<\/li>\n\n\n\n<li>ihre Berich\u00adti\u00adgung,<\/li>\n\n\n\n<li>L\u00f6schun\u00adgen,<\/li>\n\n\n\n<li>Ein\u00adschr\u00e4nkung der Ver\u00adar\u00adbeitung,<\/li>\n\n\n\n<li>\u00dcber\u00admit\u00adtlung von Dat\u00aden an einen anderen f\u00fcr die Ver\u00adar\u00adbeitung Ver\u00adant\u00adwortlichen<br>wie auch das Gesetz:<\/li>\n\n\n\n<li>jed\u00aderzeit aus Gr\u00fcn\u00adden, die sich aus der beson\u00adderen Sit\u00adu\u00ada\u00adtion des K\u00e4ufers ergeben, gegen die Ver\u00adar\u00adbeitung der ihn betr\u00ade\u00adf\u00adfend\u00aden per\u00adso\u00adn\u00aden\u00adbe\u00adzo\u00adge\u00adnen Dat\u00aden auf der Grund\u00adlage von Artikel 6 Absatz 1 Buch\u00adstabe f der DSGVO (d. h. auf der Grund\u00adlage der von dem f\u00fcr die Ver\u00adar\u00adbeitung Ver\u00adant\u00adwortlichen ver\u00adfol\u00adgten berechtigten Inter\u00adessen) Wider\u00adspruch einzule\u00adgen.<\/li>\n<\/ol>\n<\/li>\n\n\n\n<li>Um seine Rechte gel\u00adtend zu machen, sollte der K\u00e4ufer den Verk\u00e4ufer kon\u00adtak\u00adtieren.<\/li>\n\n\n\n<li>Ist der K\u00e4ufer der Ansicht, dass seine Dat\u00aden unrecht\u00adm\u00e4\u00dfig ver\u00adar\u00adbeit\u00adet wer\u00adden, kann er eine Beschw\u00aderde beim Pr\u00e4si\u00adden\u00adten der Daten\u00adschutzbe\u00adh\u00f6rde ein\u00adre\u00adichen.<\/li>\n<\/ol>\n\n\n\n<h3 class=\"wp-block-heading\"><strong>\u00a7 7 VORBEHALTE<\/strong><\/h3>\n\n\n\n<ol class=\"wp-block-list\" type=\"1\" start=\"1\">\n<li>Die Bere\u00adit\u00adstel\u00adlung von rechtswidri\u00adgen Inhal\u00adten durch den K\u00e4ufer ist ver\u00adboten.<\/li>\n\n\n\n<li>Der Kon\u00adtover\u00adtrag wird in pol\u00adnis\u00adch\u00ader Sprache abgeschlossen.<\/li>\n\n\n\n<li>Bei Vor\u00adliegen triftiger Gr\u00fcnde im Sinne von Absatz 4 hat der Verk\u00e4ufer das Recht, diese Kon\u00adtoregeln zu \u00e4ndern.<\/li>\n\n\n\n<li>Die in Absatz 3 genan\u00adnten trifti\u00adgen Gr\u00fcnde sind:\n<ol class=\"wp-block-list\" type=\"1\" start=\"1\">\n<li>die Notwendigkeit, den Shop an die f\u00fcr seinen Betrieb gel\u00adtenden geset\u00adzlichen Bes\u00adtim\u00admungen anzu\u00adpassen<\/li>\n\n\n\n<li>Verbesserung der Sicher\u00adheit des ange\u00adbote\u00adnen Dien\u00adstes<\/li>\n\n\n\n<li>eine \u00c4nderung der Funk\u00adtion\u00adal\u00adit\u00e4t des Kon\u00adtos, die eine \u00c4nderung der Kon\u00adtoregeln erfordert.<\/li>\n<\/ol>\n<\/li>\n\n\n\n<li>Der K\u00e4ufer wird \u00fcber eine geplante \u00c4nderung der Kon\u00adtobes\u00adtim\u00admungen min\u00addestens 7 Tage vor Inkraft\u00adtreten der \u00c4nderung per E\u2011Mail an die dem Kon\u00adto zuge\u00adord\u00adnete Adresse informiert.<\/li>\n\n\n\n<li>Wenn der K\u00e4ufer mit der geplanten \u00c4nderung nicht ein\u00adver\u00adstanden ist, sollte er den Verk\u00e4ufer durch eine entsprechende Mit\u00adteilung an die E\u2011Mail-Adresse des Verk\u00e4ufers informieren. <a href=\"mailto:sprzedaz@sammler.com.pl\" data-type=\"mailto\" data-id=\"mailto:sprzedaz@sammler.com.pl\">sprzedaz@sammler.com.pl<\/a>die zur Beendi\u00adgung des Kon\u00adtover\u00adtrags ab dem Datum des Inkraft\u00adtretens der geplanten \u00c4nderung oder auf Wun\u00adsch des K\u00e4ufers auch fr\u00fcher f\u00fchrt.<\/li>\n\n\n\n<li>Wider\u00adspricht der K\u00e4ufer der geplanten \u00c4nderung bis zu ihrem Inkraft\u00adtreten nicht, so gilt dies als Zus\u00adtim\u00admung, was ein\u00ader k\u00fcn\u00adfti\u00adgen Ver\u00adtragsaufl\u00f6\u00adsung nicht ent\u00adge\u00adgen\u00adste\u00adht.<\/li>\n\n\n\n<li>Im Falle eines m\u00f6glichen Rechtsstre\u00adits mit einem K\u00e4ufer, der kein vor\u00adrangiger K\u00e4ufer ist, ist das zust\u00e4ndi\u00adge Gericht am Sitz des Verk\u00e4ufers zust\u00e4ndig.<\/li>\n<\/ol>","protected":false},"excerpt":{"rendered":"<p>Regulamin konta w sklepie SAMMLER RECBORD Postanowienia dotycz\u0105ce Przedsi\u0119biorcy uprzywilejowanego maj\u0105 zastosowanie do um\u00f3w zawartych od dnia 1 stycznia 2021 r. SPIS TRE\u015aCI\u00a7 1&nbsp;Definicje\u00a7 2&nbsp;Kontakt ze Sprzedawc\u0105\u00a7 3&nbsp;Wymogi techniczne\u00a7 4&nbsp;Konto\u00a7 5&nbsp;Reklamacje\u00a7 6&nbsp;Dane osobowe\u00a7 7&nbsp;Zastrze\u017cenia \u00a7 1 DEFINICJE Konsument\u00a0\u2013 konsument w rozumieniu przepis\u00f3w Kodeksu cywilnego.Konto\u00a0\u2013 uregulowana w niniejszym regulaminie nieodp\u0142atna funkcja Sklepu (us\u0142uga), dzi\u0119ki kt\u00f3rej Kupuj\u0105cy [&hellip;]<\/p>\n","protected":false},"author":16,"featured_media":272,"parent":0,"menu_order":0,"comment_status":"closed","ping_status":"closed","template":"","meta":{"_acf_changed":false,"wp_typography_post_enhancements_disabled":false,"footnotes":""},"class_list":["post-367","page","type-page","status-publish","has-post-thumbnail","hentry"],"acf":[],"_links":{"self":[{"href":"https:\/\/sammler.com.pl\/de\/wp-json\/wp\/v2\/pages\/367","targetHints":{"allow":["GET"]}}],"collection":[{"href":"https:\/\/sammler.com.pl\/de\/wp-json\/wp\/v2\/pages"}],"about":[{"href":"https:\/\/sammler.com.pl\/de\/wp-json\/wp\/v2\/types\/page"}],"author":[{"embeddable":true,"href":"https:\/\/sammler.com.pl\/de\/wp-json\/wp\/v2\/users\/16"}],"replies":[{"embeddable":true,"href":"https:\/\/sammler.com.pl\/de\/wp-json\/wp\/v2\/comments?post=367"}],"version-history":[{"count":0,"href":"https:\/\/sammler.com.pl\/de\/wp-json\/wp\/v2\/pages\/367\/revisions"}],"wp:featuredmedia":[{"embeddable":true,"href":"https:\/\/sammler.com.pl\/de\/wp-json\/wp\/v2\/media\/272"}],"wp:attachment":[{"href":"https:\/\/sammler.com.pl\/de\/wp-json\/wp\/v2\/media?parent=367"}],"curies":[{"name":"wp","href":"https:\/\/api.w.org\/{rel}","templated":true}]}}