{"id":3,"date":"2022-07-22T11:43:47","date_gmt":"2022-07-22T09:43:47","guid":{"rendered":"http:\/\/sammler.uxtivity.com\/?page_id=3"},"modified":"2024-01-24T17:39:11","modified_gmt":"2024-01-24T16:39:11","slug":"polityka-prywatnosci","status":"publish","type":"page","link":"https:\/\/sammler.com.pl\/de\/datenschutzbestimmungen\/","title":{"rendered":"Samm\u00adler Daten\u00adschutzrichtlin\u00adie"},"content":{"rendered":"\n<h2 class=\"wp-block-heading\" id=\"headline-18-3\"><br>1. Informacje wst\u0119pne<\/h2>\n\n\n\n<p>Zgodnie z profilem dzia\u0142alno\u015bci firmy, maj\u0105c na uwadze zapewnienie najwy\u017cszych standard\u00f3w bezpiecze\u0144stwa przetwarzania danych osobowych Sammler Sp. z o.o. pragnie poinformowa\u0107, \u017ce niniejsza polityka prywatno\u015bci odpowiada wymaganiom rozporz\u0105dzenia Parlamentu Europejskiego i Rady (UE) 2016\/679 z 27.04.2016 r. w sprawie ochrony os\u00f3b fizycznych w zwi\u0105zku z przetwarzaniem danych osobowych i w sprawie swobodnego przep\u0142ywu takich danych oraz normom zawartym w przepisach krajowych. Informacje przedstawione w Polityce pozwol\u0105 Pa\u0144stwu na szczeg\u00f3\u0142owe zapoznanie si\u0119 z zasadami przetwarzania danych osobowych w ramach kontaktu z Sammler Sp. z o.o. oraz korzystania z witryny internetowej https:\/\/sammler.com.pl\/.<\/p>\n\n\n\n<h2 class=\"wp-block-heading\" id=\"headline-21-3\">2. S\u0142ownik poj\u0119\u0107<\/h2>\n\n\n\n<p><strong>Administrator<\/strong><\/p>\n\n\n\n<p>\u2013 Administrator Danych Osobowych, podmiot decyduj\u0105cy o celach i \u015brodkach przetwarzania danych osobowych. Administratorem Danych Osobowych jest Sammler Sp. z o.o. ul. Serbska 17\/6\u00a0, 61-696 Pozna\u0144 NIP: 7773224573.<\/p>\n\n\n\n<p><strong>Dane osobowe<\/strong><\/p>\n\n\n\n<p>\u2013 wszelkie informacje o zidentyfikowanej lub mo\u017cliwej do zidentyfikowania osobie fizycznej (\u201eosobie, kt\u00f3rej dane dotycz\u0105\u201d); mo\u017cliwa do zidentyfikowania osoba fizyczna to osoba, kt\u00f3r\u0105 mo\u017cna bezpo\u015brednio lub po\u015brednio zidentyfikowa\u0107.<\/p>\n\n\n\n<p><strong>EOG<\/strong><\/p>\n\n\n\n<p>\u2013 Europejski Obszar Gospodarczy, strefa wolnego handlu i wsp\u00f3lny rynek, obejmuj\u0105ce pa\u0144stwa Unii Europejskiej i Europejskiego Stowarzyszenia Wolnego Handlu (EFTA), z wyj\u0105tkiem Szwajcarii. Jest to obszar na kt\u00f3rym odbywa si\u0119 swobodny przep\u0142yw danych osobowych.<\/p>\n\n\n\n<p><strong>Odbiorca Danych<\/strong><\/p>\n\n\n\n<p>\u2013 oznacza osob\u0119 fizyczn\u0105 lub prawn\u0105, jednostk\u0119 organizacyjn\u0105 nie posiadaj\u0105c\u0105 osobowo\u015bci prawnej (tzw. u\u0142omn\u0105 osob\u0119 prawn\u0105), organ publiczny, jednostk\u0119 lub inny podmiot, kt\u00f3remu ujawnia si\u0119 dane osobowe, niezale\u017cnie od tego, czy jest \u201estron\u0105 trzeci\u0105\u201d.<\/p>\n\n\n\n<p><strong>Pa\u0144stwa trzecie<\/strong><\/p>\n\n\n\n<p>\u2013 pa\u0144stwa nie wchodz\u0105ce w sk\u0142ad EOG.<\/p>\n\n\n\n<p><strong>Pliki Cookies<\/strong><\/p>\n\n\n\n<p>\u2013 to niewielkie informacje, nazywane ciasteczkami, wysy\u0142ane przez serwis internetowy, kt\u00f3ry odwiedzamy i zapisywane na urz\u0105dzeniu ko\u0144cowym (komputerze, laptopie, smartfonie), z kt\u00f3rego korzystamy podczas przegl\u0105dania stron internetowych.<\/p>\n\n\n\n<p><strong>Prezes Urz\u0119du<\/strong><\/p>\n\n\n\n<p>\u2013 Prezes Urz\u0119du Ochrony Danych Osobowych, organ nadzorczy w rozumieniu RODO, kt\u00f3ry sprawuje nadz\u00f3r nad przestrzeganiem przepis\u00f3w prawa w zakresie ochrony danych osobowych w Polsce.<\/p>\n\n\n\n<p><strong>Profilowanie<\/strong><\/p>\n\n\n\n<p>\u2013 oznacza dowoln\u0105 form\u0119 zautomatyzowanego przetwarzania danych osobowych, kt\u00f3re polega na wykorzystaniu danych osobowych pozwalaj\u0105cej oceni\u0107 czynniki osobowe osoby fizycznej, w szczeg\u00f3lno\u015bci analiz\u0119 lub prognozowanie aspekt\u00f3w dotycz\u0105cych efekt\u00f3w pracy tej osoby fizycznej, jej sytuacji ekonomicznej, zdrowia, osobistych preferencji, zainteresowa\u0144, wiarygodno\u015bci, zachowania, lokalizacji lub przemieszczania si\u0119 osoby, kt\u00f3rej dane dotycz\u0105 \u2013 pod warunkiem, \u017ce takie dzia\u0142anie wywo\u0142uje skutki prawne wzgl\u0119dem tej osoby lub w podobny spos\u00f3b znacz\u0105co na ni\u0105 wp\u0142ywa.<\/p>\n\n\n\n<p><strong>Protok\u00f3\u0142 SSL<\/strong><\/p>\n\n\n\n<p>\u2013 jest protoko\u0142em sieciowym u\u017cywanym do bezpiecznych po\u0142\u0105cze\u0144 internetowych, przyj\u0119ty jako standard szyfrowania na stronach WWW.<br>Certyfikat SSL zapewnia poufno\u015b\u0107 transmisji danych przesy\u0142anych przez Internet.<\/p>\n\n\n\n<p><strong>Przetwarzanie<\/strong><\/p>\n\n\n\n<p>\u2013 oznacza operacj\u0119 lub zestaw operacji wykonywanych na danych osobowych lub zestawach danych osobowych w spos\u00f3b zautomatyzowany lub niezautomatyzowany, tak\u0105 jak zbieranie, utrwalanie, organizowanie, porz\u0105dkowanie, przechowywanie, adaptowanie lub modyfikowanie, pobieranie, przegl\u0105danie, wykorzystywanie, ujawnianie poprzez przes\u0142anie, rozpowszechnianie lub innego rodzaju udost\u0119pnianie, dopasowywanie lub \u0142\u0105czenie, ograniczanie, usuwanie lub niszczenie.<\/p>\n\n\n\n<p><strong>Polityka<\/strong><\/p>\n\n\n\n<p>\u2013 polityka prywatno\u015bci Sammler Sp. z o.o. <\/p>\n\n\n\n<p><strong>RODO<\/strong><\/p>\n\n\n\n<p>\u2013 Rozporz\u0105dzenie Parlamentu Europejskiego i Rady (UE) 2016\/679 z dnia 27 kwietnia 2016 r. w sprawie ochrony os\u00f3b fizycznych w zwi\u0105zku z przetwarzaniem danych osobowych i w sprawie swobodnego przep\u0142ywu takich danych oraz uchylenia dyrektywy 95\/46\/WE.<\/p>\n\n\n\n<h2 class=\"wp-block-heading\" id=\"headline-28-3\">3. Informacja o Administratorze<\/h2>\n\n\n\n<p>Administratorem Pa\u0144stwa danych osobowych jest Sammler Sp. z o.o. ul. Serbska 17\/6\u00a0, 61-696 Pozna\u0144 NIP: 7773224573. Dane kontaktowe administratora znajduj\u0105 si\u0119 na stronie:<br>https:\/\/sammler.com.pl\/kontakt<\/p>\n\n\n\n<p>Osob\u0105 wyznaczon\u0105 ds. ochrony danych osobowych w Sammler Sp. z o.o.  jest Dyrektor Regionalny, e-mail: biuro@sammler.com.pl, tel. (+48) 61 44 78 127.<\/p>\n\n\n\n<h2 class=\"wp-block-heading\" id=\"headline-32-3\">4. Podstawa prawna przetwarzania<\/h2>\n\n\n\n<p><\/p>\n\n\n<p>[table id=1 \/]<\/p>\n\n\n\n<h2 class=\"wp-block-heading\" id=\"headline-34-3\">5. Prawa os\u00f3b, kt\u00f3rych dane dotycz\u0105<\/h2>\n\n\n\n<p>Ka\u017cdej osobie, kt\u00f3rej dane s\u0105 przetwarzane przys\u0142uguje szereg praw na podstawie RODO.<\/p>\n\n\n\n<p><strong>Prawo \u017c\u0105dania dost\u0119pu do swoich danych osobowych.<\/strong><\/p>\n\n\n\n<p>Ka\u017cda jest uprawniona do uzyskania od administratora potwierdzenia, czy przetwarzane s\u0105 dane osobowe jej dotycz\u0105ce, a je\u017celi ma to miejsce, jest uprawniona do uzyskania dost\u0119pu do nich oraz szeregu informacji.<\/p>\n\n\n\n<p>Pierwsz\u0105 kopi\u0119 danych osobowych podlegaj\u0105cych przetwarzaniu dostarczymy osobie na jej \u017c\u0105danie za damo. Za wszelkie kolejne kopie, o kt\u00f3re zwr\u00f3ci si\u0119 osoba, kt\u00f3rej dane dotycz\u0105, mo\u017cemy pobra\u0107 op\u0142at\u0119 w rozs\u0105dnej wysoko\u015bci wynikaj\u0105cej z koszt\u00f3w administracyjnych. Je\u017celi Pa\u0144stwo, zwr\u00f3c\u0105 si\u0119 o kopi\u0119 drog\u0105 elektroniczn\u0105 i je\u017celi nie zaznacz\u0105 inaczej, informacji udzielimy w powszechnie stosowanej formie elektronicznej.<\/p>\n\n\n\n<p><strong>Prawo do sprostowania<\/strong><\/p>\n\n\n\n<p>Maj\u0105 Pa\u0144stwo prawo \u017c\u0105dania od nas niezw\u0142ocznego sprostowania Pa\u0144stwa danych osobowych, kt\u00f3re s\u0105 nieprawid\u0142owe. Maj\u0105 Pa\u0144stwo tak\u017ce prawo \u017c\u0105dania uzupe\u0142nienia niekompletnych danych osobowych, w tym poprzez przedstawienie dodatkowego o\u015bwiadczenia.<\/p>\n\n\n\n<p><strong>Prawo \u017c\u0105dania usuni\u0119cia<\/strong><\/p>\n\n\n\n<p>Maj\u0105 Pa\u0144stwo prawo \u017c\u0105dania od nas niezw\u0142ocznego usuni\u0119cia swoich danych, a my mamy obowi\u0105zek bez zb\u0119dnej zw\u0142oki je usun\u0105\u0107, je\u017celi zachodzi jedna z nast\u0119puj\u0105cych okoliczno\u015bci:<\/p>\n\n\n\n<p>Pa\u0144stwa dane osobowe nie s\u0105 ju\u017c niezb\u0119dne do cel\u00f3w, w kt\u00f3rych zosta\u0142y zebrane lub w inny spos\u00f3b przetwarzane;<br>Cofn\u0119li Pa\u0144stwo zgod\u0119, na kt\u00f3rej opiera si\u0119 przetwarzanie i nie ma innej podstawy prawnej do dalszego przetwarzania;<br>Wnie\u015bli Pa\u0144stwo sprzeciw wobec przetwarzania i nie wyst\u0119puj\u0105 nadrz\u0119dne prawnie uzasadnione podstawy przetwarzania;<br>Pa\u0144stwa dane osobowe by\u0142y przetwarzane niezgodnie z prawem;<br>Pa\u0144stwa dane osobowe musz\u0105 zosta\u0107 usuni\u0119te w celu wywi\u0105zania si\u0119 z obowi\u0105zku prawnego przewidzianego w prawie Unii lub prawie pa\u0144stwa cz\u0142onkowskiego, kt\u00f3remu podlega administrator;<br>Pa\u0144stwa dane osobowe zosta\u0142y zebrane w zwi\u0105zku z oferowaniem us\u0142ug spo\u0142ecze\u0144stwa informacyjnego.<\/p>\n\n\n\n<p>Zgodnie z RODO, Pa\u0144stwa dane pomimo z\u0142o\u017conego \u017c\u0105dania i spe\u0142nienia powy\u017cszych przes\u0142anek, mog\u0105 nie zosta\u0107 usuni\u0119te je\u015bli ich przetwarzanie jest niezb\u0119dne:<\/p>\n\n\n\n<p>do korzystania z prawa do wolno\u015bci wypowiedzi i informacji;<br>do wywi\u0105zania si\u0119 z prawnego obowi\u0105zku wymagaj\u0105cego przetwarzania na mocy prawa Unii lub prawa pa\u0144stwa cz\u0142onkowskiego, kt\u00f3remu podlega administrator, lub do wykonania zadania realizowanego w interesie publicznym lub w ramach sprawowania w\u0142adzy publicznej powierzonej administratorowi;<br>z uwagi na wzgl\u0119dy interesu publicznego w dziedzinie zdrowia publicznego;<br>do cel\u00f3w archiwalnych w interesie publicznym, do cel\u00f3w bada\u0144 naukowych lub historycznych lub do cel\u00f3w statystycznych, o ile prawdopodobne jest, \u017ce prawo, do usuni\u0119cia danych, uniemo\u017cliwi lub powa\u017cnie utrudni realizacj\u0119 cel\u00f3w takiego przetwarzania;<br>do ustalenia, dochodzenia lub obrony roszcze\u0144.<\/p>\n\n\n\n<p><strong>Prawo \u017c\u0105dania do ograniczenia przetwarzania<\/strong><\/p>\n\n\n\n<p>Maj\u0105 Pa\u0144stwo prawo \u017c\u0105dania od administratora ograniczenia przetwarzania w nast\u0119puj\u0105cych przypadkach:<\/p>\n\n\n\n<p>kwestionuj\u0105 Pa\u0144stwo prawid\u0142owo\u015b\u0107 danych osobowych \u2013 na okres pozwalaj\u0105cy administratorowi sprawdzi\u0107 prawid\u0142owo\u015b\u0107 tych danych;<br>przetwarzanie jest niezgodne z prawem, a Pa\u0144stwo, sprzeciwiaj\u0105 si\u0119 usuni\u0119ciu danych osobowych, \u017c\u0105daj\u0105c w zamian ograniczenia ich wykorzystywania;<br>administrator nie potrzebuje ju\u017c danych osobowych do cel\u00f3w przetwarzania, ale s\u0105 one potrzebne Pa\u0144stwu, do ustalenia, dochodzenia lub obrony roszcze\u0144;<br>Pa\u0144stwo, wnios\u0105 sprzeciw wobec przetwarzania \u2013 do czasu stwierdzenia, czy prawnie uzasadnione podstawy po stronie administratora s\u0105 nadrz\u0119dne wobec podstaw sprzeciwu osoby, kt\u00f3rej dane dotycz\u0105.<\/p>\n\n\n\n<p><strong>Prawo do wniesienia sprzeciwu<\/strong><\/p>\n\n\n\n<p>Maj\u0105 Pa\u0144stwo prawo w dowolnym momencie wnie\u015b\u0107 sprzeciw \u2013 z przyczyn zwi\u0105zanych ze szczeg\u00f3ln\u0105 sytuacj\u0105 \u2013 wobec przetwarzania opartego na podstawie prawnie uzasadnionego interesu administratora lub przetwarzanie jest niezb\u0119dne do wykonania zadania realizowanego w interesie publicznym lub w ramach sprawowania w\u0142adzy publicznej powierzonej administratorowi; w tym profilowania na podstawie tych przepis\u00f3w.<\/p>\n\n\n\n<p>W przypadku wniesienia sprzeciwu nie wolno nam ju\u017c przetwarza\u0107 danych osobowych, chyba \u017ce wyka\u017cemy istnienie wa\u017cnych prawnie uzasadnionych podstaw do przetwarzania, nadrz\u0119dnych wobec interes\u00f3w, praw i wolno\u015bci osoby, kt\u00f3rej dane dotycz\u0105, lub podstaw do ustalenia, dochodzenia lub obrony roszcze\u0144.<\/p>\n\n\n\n<p><strong>Prawo do przenoszenia danych<\/strong><\/p>\n\n\n\n<p>Maj\u0105 Pa\u0144stwo prawo otrzyma\u0107 w ustrukturyzowanym, powszechnie u\u017cywanym formacie nadaj\u0105cym si\u0119 do odczytu maszynowego swoje dane osobowe, kt\u00f3re dostarczyli nam Pa\u0144stwo, oraz maj\u0105 Pa\u0144stwo prawo przes\u0142a\u0107 takie dane osobowe innemu administratorowi bez przeszk\u00f3d z naszej strony je\u017celi:<\/p>\n\n\n\n<p>przetwarzanie odbywa si\u0119 na podstawie zgody lub na podstawie umowy oraz<br>przetwarzanie odbywa si\u0119 w spos\u00f3b zautomatyzowany.<\/p>\n\n\n\n<p>Mo\u017cliwo\u015b\u0107 skorzystania z prawa do przenoszenia danych i przes\u0142ania ich przez administratora bezpo\u015brednio innemu administratorowi, b\u0119dzie zrealizowane o ile jest to technicznie mo\u017cliwe.<\/p>\n\n\n\n<p>Zgodnie z RODO, realizacja Pa\u0144stwa uprawnie\u0144 nie mo\u017ce niekorzystnie wp\u0142ywa\u0107 na prawa i wolno\u015bci innych.<\/p>\n\n\n\n<p><strong>Prawo do wycofania zgody<\/strong><\/p>\n\n\n\n<p>Je\u015bli Pa\u0144stwa dane s\u0105 przetwarzane w oparciu o zgod\u0119, to maj\u0105 Pa\u0144stwo prawo w dowolnym momencie wycofa\u0107 tak\u0105 zgod\u0119. Wycofanie zgody nie wp\u0142ywa na zgodno\u015b\u0107 z prawem przetwarzania, kt\u00f3rego dokonano na podstawie zgody przed jej wycofaniem.<\/p>\n\n\n\n<p>W przypadku cofni\u0119cia zgody, mamy prawo dalej przetwarza\u0107 dane, je\u015bli jest to niezb\u0119dne:<\/p>\n\n\n\n<p>do korzystania z prawa do wolno\u015bci wypowiedzi i informacji;<br>do wywi\u0105zania si\u0119 z prawnego obowi\u0105zku wymagaj\u0105cego przetwarzania na mocy prawa Unii lub prawa pa\u0144stwa cz\u0142onkowskiego, kt\u00f3remu podlega administrator, lub do wykonania zadania realizowanego w interesie publicznym lub w ramach sprawowania w\u0142adzy publicznej powierzonej administratorowi;<br>z uwagi na wzgl\u0119dy interesu publicznego w dziedzinie zdrowia publicznego;<br>do cel\u00f3w archiwalnych w interesie publicznym, do cel\u00f3w bada\u0144 naukowych lub historycznych lub do cel\u00f3w statystycznych, o ile prawdopodobne jest, \u017ce prawo, do usuni\u0119cia danych, uniemo\u017cliwi lub powa\u017cnie utrudni realizacj\u0119 cel\u00f3w takiego przetwarzania;<br>do ustalenia, dochodzenia lub obrony roszcze\u0144.<\/p>\n\n\n\n<p><strong>Prawo do wniesienia skargi<\/strong><\/p>\n\n\n\n<p>Maj\u0105 Pa\u0144stwo prawo wniesienia skargi do Prezesa Urz\u0119du Ochrony Danych Osobowych. Jak wskazuje Prezes UODO, poniewa\u017c Prezes Urz\u0119du jest organem kontroluj\u0105cym prawid\u0142owo\u015b\u0107 stosowania przepis\u00f3w o ochronie danych osobowych przez administratora, sk\u0142adaj\u0105cy skarg\u0119 w pierwszej kolejno\u015bci powinien zwr\u00f3ci\u0107 si\u0119 do administratora w celu realizacji swoich uprawnie\u0144.<\/p>\n\n\n\n<p>Bezpo\u015bredni link do strony Urz\u0119du Ochrony Danych Osobowych w celu z\u0142o\u017cenia skargi;<\/p>\n\n\n\n<p><a href=\"https:\/\/uodo.gov.pl\/pl\/p\/skargi\" target=\"_blank\" rel=\"noopener\">https:\/\/uodo.gov.pl\/pl\/p\/skargi<\/a><\/p>\n\n\n\n<h2 class=\"wp-block-heading\" id=\"headline-39-3\">6. Bezpiecze\u0144stwo korzystania z witryny<\/h2>\n\n\n\n<p>Informujemy, \u017ce Sammler Sp. z o.o.  stosuje aekwatne \u015brodki techniczne oraz organizacyjne maj\u0105ce na celu zapewnienie maksymalnego poziomu ochrony osobom korzystaj\u0105cym ze strony internetowej firmy i przekazuj\u0105cym swoje dane osobowe za pomoc\u0105 formularza kontaktowego, jak r\u00f3wnie\u017c zapisuj\u0105cym si\u0119 na newsletter.<\/p>\n\n\n\n<p>W celu zagwarantowania najwy\u017cszego poziomu bezpiecze\u0144stwa korzystania ze strony jest ona zabezpieczona kodem SSL.<\/p>\n\n\n\n<h2 class=\"wp-block-heading\" id=\"headline-43-3\">7. Pliki Cookies<\/h2>\n\n\n\n<p>Korzystaj\u0105c ze strony internetowej sammler.com.pl akceptujecie Pa\u0144stwo pliki cookies, kt\u00f3re umo\u017cliwiaj\u0105 prowadzenie witryny internetowej Sammler Sp. z o.o. Wykorzystywane przez nas pliki cookies wchodz\u0105 w sk\u0142ad rozwi\u0105zania Google Analytics. Dane pozyskane przez wskazan\u0105 us\u0142ug\u0119 przetwarzane s\u0105 do kraju dostawcy produktu, czyli Stan\u00f3w Zjednoczonych, przy spe\u0142nieniu wszystkich wymog\u00f3w Unii Europejskiej w ramach przetwarzania do pa\u0144stw trzecich. W celu zasi\u0119gni\u0119cia szczeg\u00f3\u0142owej informacji na temat wykorzystywanego rozwi\u0105zania zapraszamy do klikni\u0119cia w poni\u017cszy link:<\/p>\n\n\n\n<p><a href=\"https:\/\/support.google.com\/analytics\/answer\/6004245\" target=\"_blank\" rel=\"noopener\">https:\/\/support.google.com\/analytics\/answer\/6004245<\/a><\/p>\n\n\n\n<p>Wykorzystujemy pliki cookies w nast\u0119puj\u0105cych celach:<\/p>\n\n\n\n<p>utrzymania i poprawno\u015bci dzia\u0142ania us\u0142ug witryny<\/p>\n\n\n\n<p>prowadzenia statystyki u\u017cytkownik\u00f3w odwiedzaj\u0105cych witryn\u0119<\/p>\n\n\n\n<p>Ponadto informujemy, \u017ce istnieje mo\u017cliwo\u015b\u0107 w\u0142asnor\u0119cznej konfiguracji ciasteczek w poszczeg\u00f3lnych przegl\u0105darkach. Ciasteczka mo\u017cna ograniczy\u0107 lub ca\u0142kowicie zablokowa\u0107. Zamieszczamy poni\u017cej instrukcj\u0119 do konfiguracji w ka\u017cdej z przegl\u0105darek.<\/p>\n\n\n\n<p>Internet Explore<\/p>\n\n\n\n<p>Microsoft Edge<\/p>\n\n\n\n<p>Mozilla Firefox<\/p>\n\n\n\n<p>Chrome<\/p>\n\n\n\n<p>Opera<\/p>\n\n\n\n<p>Safari<\/p>\n\n\n\n<h2 class=\"wp-block-heading\" id=\"headline-47-3\">8. Postanowienia ko\u0144cowe<\/h2>\n\n\n\n<p>Korzystanie z witryny internetowej sammler.com.pl oraz podawanie swoich danych osobowych w formularzach jest ca\u0142kowicie dobrowolne. W niekt\u00f3rych przypadkach podanie danych mo\u017ce by\u0107 niezb\u0119dne dla realizacji okre\u015blonego celu.<\/p>\n\n\n\n<p>Sammler Sp. z o.o. zastrzegaj\u0105 prawo do mo\u017cliwo\u015bci zmiany Polityki w dowolnym momencie ze wzgl\u0119du na zakres oferowanych us\u0142ug oraz do adaptacji nowelizowanego prawa. W ka\u017cdym przypadku, o ile b\u0119dzie to mo\u017cliwe, postaramy si\u0119 Pa\u0144stwa poinformowa\u0107 o aktualizacji Polityki przed jej wprowadzeniem.<\/p>\n\n\n\n<p>Ostatnia aktualizacja Polityki prywatno\u015bci 20\/05\/2022.<\/p>\n","protected":false},"excerpt":{"rendered":"<p>1. Informacje wst\u0119pne Zgodnie z profilem dzia\u0142alno\u015bci firmy, maj\u0105c na uwadze zapewnienie najwy\u017cszych standard\u00f3w bezpiecze\u0144stwa przetwarzania danych osobowych Sammler Sp. z o.o. pragnie poinformowa\u0107, \u017ce niniejsza polityka prywatno\u015bci odpowiada wymaganiom rozporz\u0105dzenia Parlamentu Europejskiego i Rady (UE) 2016\/679 z 27.04.2016 r. w sprawie ochrony os\u00f3b fizycznych w zwi\u0105zku z przetwarzaniem danych osobowych i w sprawie swobodnego [&hellip;]<\/p>\n","protected":false},"author":16,"featured_media":0,"parent":0,"menu_order":0,"comment_status":"closed","ping_status":"open","template":"","meta":{"_acf_changed":false,"wp_typography_post_enhancements_disabled":false,"footnotes":""},"class_list":["post-3","page","type-page","status-publish","hentry"],"acf":[],"_links":{"self":[{"href":"https:\/\/sammler.com.pl\/de\/wp-json\/wp\/v2\/pages\/3","targetHints":{"allow":["GET"]}}],"collection":[{"href":"https:\/\/sammler.com.pl\/de\/wp-json\/wp\/v2\/pages"}],"about":[{"href":"https:\/\/sammler.com.pl\/de\/wp-json\/wp\/v2\/types\/page"}],"author":[{"embeddable":true,"href":"https:\/\/sammler.com.pl\/de\/wp-json\/wp\/v2\/users\/16"}],"replies":[{"embeddable":true,"href":"https:\/\/sammler.com.pl\/de\/wp-json\/wp\/v2\/comments?post=3"}],"version-history":[{"count":0,"href":"https:\/\/sammler.com.pl\/de\/wp-json\/wp\/v2\/pages\/3\/revisions"}],"wp:attachment":[{"href":"https:\/\/sammler.com.pl\/de\/wp-json\/wp\/v2\/media?parent=3"}],"curies":[{"name":"wp","href":"https:\/\/api.w.org\/{rel}","templated":true}]}}